{"id":27,"date":"2020-06-05T15:09:41","date_gmt":"2020-06-05T13:09:41","guid":{"rendered":"https:\/\/www.jbh.be\/?page_id=27"},"modified":"2021-05-19T16:52:35","modified_gmt":"2021-05-19T14:52:35","slug":"page-daccueil","status":"publish","type":"page","link":"https:\/\/www.jbh.be\/","title":{"rendered":"Bienvenue chez JBH International"},"content":{"rendered":"\n<div class=\"wp-block-image is-style-default\"><figure class=\"aligncenter size-large\"><img loading=\"lazy\" width=\"980\" height=\"588\" src=\"https:\/\/i0.wp.com\/www.jbh.be\/wp-content\/uploads\/2020\/08\/cropped-Fotolia_177641690_800x420.jpg?resize=980%2C588&#038;ssl=1\" alt=\"\" class=\"wp-image-284\" srcset=\"https:\/\/i0.wp.com\/www.jbh.be\/wp-content\/uploads\/2020\/08\/cropped-Fotolia_177641690_800x420.jpg?resize=1024%2C614&amp;ssl=1 1024w, https:\/\/i0.wp.com\/www.jbh.be\/wp-content\/uploads\/2020\/08\/cropped-Fotolia_177641690_800x420.jpg?resize=300%2C180&amp;ssl=1 300w, https:\/\/i0.wp.com\/www.jbh.be\/wp-content\/uploads\/2020\/08\/cropped-Fotolia_177641690_800x420.jpg?resize=768%2C461&amp;ssl=1 768w, https:\/\/i0.wp.com\/www.jbh.be\/wp-content\/uploads\/2020\/08\/cropped-Fotolia_177641690_800x420.jpg?resize=1536%2C922&amp;ssl=1 1536w, https:\/\/i0.wp.com\/www.jbh.be\/wp-content\/uploads\/2020\/08\/cropped-Fotolia_177641690_800x420.jpg?w=2000&amp;ssl=1 2000w\" sizes=\"(max-width: 980px) 100vw, 980px\" data-recalc-dims=\"1\" \/><\/figure><\/div>\n\n\n\n<p>Depuis plus de 25 ans JBH vous propose des produits d&rsquo;accueil et de l&rsquo;\u00e9quipement pour chambres d&rsquo;h\u00f4tel, g\u00eetes, chambres d&rsquo;h\u00f4tes, Airbnb. <\/p>\n\n\n\n<p>Cosm\u00e9tiques standards ou personnalis\u00e9s en flacons, tubes, sachets ou en petits savons emball\u00e9s sous papier , flow pack ou papier pliss\u00e9. Mini-bar, s\u00e8che-cheveux, bouilloires, porte-cl\u00e9s, miroirs &#8230; Vous trouverez une large gamme de produits dans notre catalogue. Nous livrons dans tout le pays et au-del\u00e0 de nos fronti\u00e8res.<\/p>\n\n\n\n<p>Vous pouvez t\u00e9l\u00e9charger notre liste de produits:<\/p>\n\n\n\n<div class=\"wp-block-file\"><a href=\"https:\/\/www.jbh.be\/wp-content\/uploads\/2020\/08\/liste-produits-site-internet-CLIENTS-2020.pdf\">Liste des produits 2021<\/a><a href=\"https:\/\/www.jbh.be\/wp-content\/uploads\/2020\/08\/liste-produits-site-internet-CLIENTS-2020.pdf\" class=\"wp-block-file__button\" download>T\u00e9l\u00e9charger<\/a><\/div>\n\n\n\n<div class=\"wp-block-file\"><a href=\"https:\/\/www.jbh.be\/wp-content\/uploads\/2020\/08\/JBH_flyer_2020.pdf\">JBH_flyer_2021<\/a><a href=\"https:\/\/www.jbh.be\/wp-content\/uploads\/2020\/08\/JBH_flyer_2020.pdf\" class=\"wp-block-file__button\" download>T\u00e9l\u00e9charger<\/a><\/div>\n\n\n\n<p><\/p>\n","protected":false},"excerpt":{"rendered":"<p>Depuis plus de 25 ans JBH vous propose des produits d&rsquo;accueil et de l&rsquo;\u00e9quipement pour chambres d&rsquo;h\u00f4tel, g\u00eetes, chambres d&rsquo;h\u00f4tes, Airbnb. Cosm\u00e9tiques standards ou personnalis\u00e9s en flacons, tubes, sachets ou en petits savons emball\u00e9s sous papier , flow pack ou papier pliss\u00e9. Mini-bar, s\u00e8che-cheveux, bouilloires, porte-cl\u00e9s, miroirs &#8230; Vous trouverez une large gamme de produits [&hellip;]<\/p>\n","protected":false},"author":1,"featured_media":0,"parent":0,"menu_order":0,"comment_status":"closed","ping_status":"closed","template":"","meta":{"spay_email":""},"yoast_head":"<!-- This site is optimized with the Yoast SEO plugin v16.3 - https:\/\/yoast.com\/wordpress\/plugins\/seo\/ -->\n<title>JBH International - Guest amenities - Onthaalproducten - Produits d&#039;accueil<\/title>\n<meta name=\"description\" content=\"Produits cosm\u00e9tiques et d&#039;accueil, \u00e9quipements pour chambres &amp; salles de bain. Pour les h\u00f4tels, les g\u00eetes et les Airbnb\" \/>\n<meta name=\"robots\" content=\"index, follow, max-snippet:-1, max-image-preview:large, max-video-preview:-1\" \/>\n<link rel=\"canonical\" href=\"https:\/\/www.jbh.be\/\" \/>\n<meta property=\"og:locale\" content=\"fr_FR\" \/>\n<meta property=\"og:type\" content=\"article\" \/>\n<meta property=\"og:title\" content=\"JBH International - Guest amenities - Onthaalproducten - Produits d&#039;accueil\" \/>\n<meta property=\"og:description\" content=\"Produits cosm\u00e9tiques et d&#039;accueil, \u00e9quipements pour chambres &amp; salles de bain. Pour les h\u00f4tels, les g\u00eetes et les Airbnb\" \/>\n<meta property=\"og:url\" content=\"https:\/\/www.jbh.be\/\" \/>\n<meta property=\"og:site_name\" content=\"JBH International\" \/>\n<meta property=\"article:modified_time\" content=\"2021-05-19T14:52:35+00:00\" \/>\n<meta property=\"og:image\" content=\"https:\/\/www.jbh.be\/wp-content\/uploads\/2020\/08\/cropped-Fotolia_177641690_800x420-1024x614.jpg\" \/>\n<meta name=\"twitter:card\" content=\"summary_large_image\" \/>\n<meta name=\"twitter:label1\" content=\"Dur\u00e9e de lecture est.\">\n\t<meta name=\"twitter:data1\" content=\"1 minute\">\n<script type=\"application\/ld+json\" class=\"yoast-schema-graph\">{\"@context\":\"https:\/\/schema.org\",\"@graph\":[{\"@type\":\"WebSite\",\"@id\":\"https:\/\/www.jbh.be\/#website\",\"url\":\"https:\/\/www.jbh.be\/\",\"name\":\"JBH International\",\"description\":\"Produit d&#039;accueil et \\u00e9quipement pour h\\u00f4tel - Cosmetische en onthaalproducten\",\"potentialAction\":[{\"@type\":\"SearchAction\",\"target\":\"https:\/\/www.jbh.be\/?s={search_term_string}\",\"query-input\":\"required name=search_term_string\"}],\"inLanguage\":\"fr-FR\"},{\"@type\":\"ImageObject\",\"@id\":\"https:\/\/www.jbh.be\/#primaryimage\",\"inLanguage\":\"fr-FR\",\"url\":\"https:\/\/i0.wp.com\/www.jbh.be\/wp-content\/uploads\/2020\/08\/cropped-Fotolia_177641690_800x420.jpg?fit=2000%2C1200&ssl=1\",\"contentUrl\":\"https:\/\/i0.wp.com\/www.jbh.be\/wp-content\/uploads\/2020\/08\/cropped-Fotolia_177641690_800x420.jpg?fit=2000%2C1200&ssl=1\",\"width\":2000,\"height\":1200},{\"@type\":\"WebPage\",\"@id\":\"https:\/\/www.jbh.be\/#webpage\",\"url\":\"https:\/\/www.jbh.be\/\",\"name\":\"JBH International - Guest amenities - Onthaalproducten - Produits d'accueil\",\"isPartOf\":{\"@id\":\"https:\/\/www.jbh.be\/#website\"},\"primaryImageOfPage\":{\"@id\":\"https:\/\/www.jbh.be\/#primaryimage\"},\"datePublished\":\"2020-06-05T13:09:41+00:00\",\"dateModified\":\"2021-05-19T14:52:35+00:00\",\"description\":\"Produits cosm\\u00e9tiques et d'accueil, \\u00e9quipements pour chambres & salles de bain. Pour les h\\u00f4tels, les g\\u00eetes et les Airbnb\",\"breadcrumb\":{\"@id\":\"https:\/\/www.jbh.be\/#breadcrumb\"},\"inLanguage\":\"fr-FR\",\"potentialAction\":[{\"@type\":\"ReadAction\",\"target\":[\"https:\/\/www.jbh.be\/\"]}]},{\"@type\":\"BreadcrumbList\",\"@id\":\"https:\/\/www.jbh.be\/#breadcrumb\",\"itemListElement\":[{\"@type\":\"ListItem\",\"position\":1,\"item\":{\"@type\":\"WebPage\",\"@id\":\"https:\/\/www.jbh.be\/\",\"url\":\"https:\/\/www.jbh.be\/\",\"name\":\"Home\"}},{\"@type\":\"ListItem\",\"position\":2,\"item\":{\"@id\":\"https:\/\/www.jbh.be\/#webpage\"}}]}]}<\/script>\n<!-- \/ Yoast SEO plugin. -->","_links":{"self":[{"href":"https:\/\/www.jbh.be\/index.php?rest_route=\/wp\/v2\/pages\/27"}],"collection":[{"href":"https:\/\/www.jbh.be\/index.php?rest_route=\/wp\/v2\/pages"}],"about":[{"href":"https:\/\/www.jbh.be\/index.php?rest_route=\/wp\/v2\/types\/page"}],"author":[{"embeddable":true,"href":"https:\/\/www.jbh.be\/index.php?rest_route=\/wp\/v2\/users\/1"}],"replies":[{"embeddable":true,"href":"https:\/\/www.jbh.be\/index.php?rest_route=%2Fwp%2Fv2%2Fcomments&post=27"}],"version-history":[{"count":27,"href":"https:\/\/www.jbh.be\/index.php?rest_route=\/wp\/v2\/pages\/27\/revisions"}],"predecessor-version":[{"id":387,"href":"https:\/\/www.jbh.be\/index.php?rest_route=\/wp\/v2\/pages\/27\/revisions\/387"}],"wp:attachment":[{"href":"https:\/\/www.jbh.be\/index.php?rest_route=%2Fwp%2Fv2%2Fmedia&parent=27"}],"curies":[{"name":"wp","href":"https:\/\/api.w.org\/{rel}","templated":true}]}}