{"id":324,"date":"2021-05-19T12:48:15","date_gmt":"2021-05-19T10:48:15","guid":{"rendered":"https:\/\/www.jbh.be\/?page_id=324"},"modified":"2021-05-19T16:53:55","modified_gmt":"2021-05-19T14:53:55","slug":"welkom-bij-bh-international","status":"publish","type":"page","link":"https:\/\/www.jbh.be\/?page_id=324&lang=nl","title":{"rendered":"Welkom bij JBH International"},"content":{"rendered":"\n<div class=\"wp-block-image\"><figure class=\"aligncenter size-large\"><img loading=\"lazy\" width=\"980\" height=\"588\" src=\"https:\/\/i1.wp.com\/www.jbh.be\/wp-content\/uploads\/2021\/05\/cropped-Fotolia_177641690_800x420-1024x614-1.jpg?resize=980%2C588&#038;ssl=1\" alt=\"\" class=\"wp-image-388\" srcset=\"https:\/\/i1.wp.com\/www.jbh.be\/wp-content\/uploads\/2021\/05\/cropped-Fotolia_177641690_800x420-1024x614-1.jpg?w=1024&amp;ssl=1 1024w, https:\/\/i1.wp.com\/www.jbh.be\/wp-content\/uploads\/2021\/05\/cropped-Fotolia_177641690_800x420-1024x614-1.jpg?resize=300%2C180&amp;ssl=1 300w, https:\/\/i1.wp.com\/www.jbh.be\/wp-content\/uploads\/2021\/05\/cropped-Fotolia_177641690_800x420-1024x614-1.jpg?resize=768%2C461&amp;ssl=1 768w\" sizes=\"(max-width: 980px) 100vw, 980px\" data-recalc-dims=\"1\" \/><\/figure><\/div>\n\n\n\n<p class=\"has-text-align-left\">Al meer dan 25 jaar biedt JBH onthaalproducten en uitrustingen voor hotelkamers, lodges, gastenkamers, Airbnb.<\/p>\n\n\n\n<p>Standaard of gepersonaliseerde cosmetica in flesjes, tubes, zakjes of zepen in papier verpakt, flow pack of geplisseerd papier.&nbsp;Minibars, haardrogers, waterkokers, sleutelhangers, spiegels \u2026. In onze catalogus vindt U een ruime keuze aan producten. Wij leveren landelijk maar ook buiten onze grenzen. <\/p>\n\n\n\n<p>U kunt onze productlijst downloaden&nbsp;:<\/p>\n\n\n\n<div class=\"wp-block-file\"><a href=\"https:\/\/www.jbh.be\/wp-content\/uploads\/2020\/08\/Proctuten-lijst-2020.pdf\">Producten lijst 2021<\/a><a href=\"https:\/\/www.jbh.be\/wp-content\/uploads\/2020\/08\/Proctuten-lijst-2020.pdf\" class=\"wp-block-file__button\" download>T\u00e9l\u00e9charger<\/a><\/div>\n\n\n\n<div class=\"wp-block-file\"><a href=\"https:\/\/www.jbh.be\/wp-content\/uploads\/2020\/08\/JBH_flyer_2020-1.pdf\">JBH_flyer_2021<\/a><a href=\"https:\/\/www.jbh.be\/wp-content\/uploads\/2020\/08\/JBH_flyer_2020-1.pdf\" class=\"wp-block-file__button\" download>T\u00e9l\u00e9charger<\/a><\/div>\n","protected":false},"excerpt":{"rendered":"<p>Al meer dan 25 jaar biedt JBH onthaalproducten en uitrustingen voor hotelkamers, lodges, gastenkamers, Airbnb. Standaard of gepersonaliseerde cosmetica in flesjes, tubes, zakjes of zepen in papier verpakt, flow pack of geplisseerd papier.&nbsp;Minibars, haardrogers, waterkokers, sleutelhangers, spiegels \u2026. In onze catalogus vindt U een ruime keuze aan producten. Wij leveren landelijk maar ook buiten onze [&hellip;]<\/p>\n","protected":false},"author":1,"featured_media":0,"parent":0,"menu_order":0,"comment_status":"closed","ping_status":"closed","template":"","meta":{"spay_email":""},"yoast_head":"<!-- This site is optimized with the Yoast SEO plugin v16.3 - https:\/\/yoast.com\/wordpress\/plugins\/seo\/ -->\n<title>JBH International - Guest amenities - Onthaalproducten - Produits d&#039;accueil<\/title>\n<meta name=\"description\" content=\"Produits cosm\u00e9tiques et d&#039;accueil, \u00e9quipements pour chambres &amp; salles de bain. Pour les h\u00f4tels, les g\u00eetes et les Airbnb\" \/>\n<meta name=\"robots\" content=\"index, follow, max-snippet:-1, max-image-preview:large, max-video-preview:-1\" \/>\n<link rel=\"canonical\" href=\"https:\/\/www.jbh.be\/?page_id=324&#038;lang=nl\" \/>\n<meta property=\"og:locale\" content=\"fr_FR\" \/>\n<meta property=\"og:type\" content=\"article\" \/>\n<meta property=\"og:title\" content=\"JBH International - Guest amenities - Onthaalproducten - Produits d&#039;accueil\" \/>\n<meta property=\"og:description\" content=\"Produits cosm\u00e9tiques et d&#039;accueil, \u00e9quipements pour chambres &amp; salles de bain. Pour les h\u00f4tels, les g\u00eetes et les Airbnb\" \/>\n<meta property=\"og:url\" content=\"https:\/\/www.jbh.be\/?page_id=324&amp;lang=nl\" \/>\n<meta property=\"og:site_name\" content=\"JBH International\" \/>\n<meta property=\"article:modified_time\" content=\"2021-05-19T14:53:55+00:00\" \/>\n<meta property=\"og:image\" content=\"https:\/\/www.jbh.be\/wp-content\/uploads\/2021\/05\/cropped-Fotolia_177641690_800x420-1024x614-1.jpg\" \/>\n<meta name=\"twitter:card\" content=\"summary_large_image\" \/>\n<meta name=\"twitter:label1\" content=\"Dur\u00e9e de lecture est.\">\n\t<meta name=\"twitter:data1\" content=\"1 minute\">\n<script type=\"application\/ld+json\" class=\"yoast-schema-graph\">{\"@context\":\"https:\/\/schema.org\",\"@graph\":[{\"@type\":\"WebSite\",\"@id\":\"https:\/\/www.jbh.be\/#website\",\"url\":\"https:\/\/www.jbh.be\/\",\"name\":\"JBH International\",\"description\":\"Produit d&#039;accueil et \\u00e9quipement pour h\\u00f4tel - Cosmetische en onthaalproducten\",\"potentialAction\":[{\"@type\":\"SearchAction\",\"target\":\"https:\/\/www.jbh.be\/?s={search_term_string}\",\"query-input\":\"required name=search_term_string\"}],\"inLanguage\":\"fr-FR\"},{\"@type\":\"ImageObject\",\"@id\":\"https:\/\/www.jbh.be\/?page_id=324&lang=nl#primaryimage\",\"inLanguage\":\"fr-FR\",\"url\":\"https:\/\/i1.wp.com\/www.jbh.be\/wp-content\/uploads\/2021\/05\/cropped-Fotolia_177641690_800x420-1024x614-1.jpg?fit=1024%2C614&ssl=1\",\"contentUrl\":\"https:\/\/i1.wp.com\/www.jbh.be\/wp-content\/uploads\/2021\/05\/cropped-Fotolia_177641690_800x420-1024x614-1.jpg?fit=1024%2C614&ssl=1\",\"width\":1024,\"height\":614},{\"@type\":\"WebPage\",\"@id\":\"https:\/\/www.jbh.be\/?page_id=324&lang=nl#webpage\",\"url\":\"https:\/\/www.jbh.be\/?page_id=324&lang=nl\",\"name\":\"JBH International - Guest amenities - Onthaalproducten - Produits d'accueil\",\"isPartOf\":{\"@id\":\"https:\/\/www.jbh.be\/#website\"},\"primaryImageOfPage\":{\"@id\":\"https:\/\/www.jbh.be\/?page_id=324&lang=nl#primaryimage\"},\"datePublished\":\"2021-05-19T10:48:15+00:00\",\"dateModified\":\"2021-05-19T14:53:55+00:00\",\"description\":\"Produits cosm\\u00e9tiques et d'accueil, \\u00e9quipements pour chambres & salles de bain. Pour les h\\u00f4tels, les g\\u00eetes et les Airbnb\",\"breadcrumb\":{\"@id\":\"https:\/\/www.jbh.be\/?page_id=324&lang=nl#breadcrumb\"},\"inLanguage\":\"fr-FR\",\"potentialAction\":[{\"@type\":\"ReadAction\",\"target\":[\"https:\/\/www.jbh.be\/?page_id=324&lang=nl\"]}]},{\"@type\":\"BreadcrumbList\",\"@id\":\"https:\/\/www.jbh.be\/?page_id=324&lang=nl#breadcrumb\",\"itemListElement\":[{\"@type\":\"ListItem\",\"position\":1,\"item\":{\"@type\":\"WebPage\",\"@id\":\"https:\/\/www.jbh.be\/\",\"url\":\"https:\/\/www.jbh.be\/\",\"name\":\"Home\"}},{\"@type\":\"ListItem\",\"position\":2,\"item\":{\"@id\":\"https:\/\/www.jbh.be\/?page_id=324&lang=nl#webpage\"}}]}]}<\/script>\n<!-- \/ Yoast SEO plugin. -->","_links":{"self":[{"href":"https:\/\/www.jbh.be\/index.php?rest_route=\/wp\/v2\/pages\/324"}],"collection":[{"href":"https:\/\/www.jbh.be\/index.php?rest_route=\/wp\/v2\/pages"}],"about":[{"href":"https:\/\/www.jbh.be\/index.php?rest_route=\/wp\/v2\/types\/page"}],"author":[{"embeddable":true,"href":"https:\/\/www.jbh.be\/index.php?rest_route=\/wp\/v2\/users\/1"}],"replies":[{"embeddable":true,"href":"https:\/\/www.jbh.be\/index.php?rest_route=%2Fwp%2Fv2%2Fcomments&post=324"}],"version-history":[{"count":10,"href":"https:\/\/www.jbh.be\/index.php?rest_route=\/wp\/v2\/pages\/324\/revisions"}],"predecessor-version":[{"id":392,"href":"https:\/\/www.jbh.be\/index.php?rest_route=\/wp\/v2\/pages\/324\/revisions\/392"}],"wp:attachment":[{"href":"https:\/\/www.jbh.be\/index.php?rest_route=%2Fwp%2Fv2%2Fmedia&parent=324"}],"curies":[{"name":"wp","href":"https:\/\/api.w.org\/{rel}","templated":true}]}}