{"id":483,"date":"2021-05-20T16:42:29","date_gmt":"2021-05-20T14:42:29","guid":{"rendered":"https:\/\/www.jbh.be\/?page_id=483"},"modified":"2021-05-21T14:12:55","modified_gmt":"2021-05-21T12:12:55","slug":"seche-cheveux-mureaux","status":"publish","type":"page","link":"https:\/\/www.jbh.be\/?page_id=483","title":{"rendered":"S\u00e8che cheveux mureaux"},"content":{"rendered":"\n<p>Accessoires de salle de bain, de vestiaires de piscine, de centre sportifs, de thalasso et de bien-\u00eatre; les s\u00e8che-cheveux muraux poss\u00e8dent plusieurs avantages: s\u00e9curit\u00e9 et gain de place. Ils se d\u00e9clinent en plusieurs puissances, coloris et formes.<\/p>\n\n\n\n<div class=\"wp-block-jetpack-tiled-gallery aligncenter is-style-rectangular\"><div class=\"tiled-gallery__gallery\"><div class=\"tiled-gallery__row\"><div class=\"tiled-gallery__col\" style=\"flex-basis:66.75275%\"><figure class=\"tiled-gallery__item\"><img srcset=\"https:\/\/i2.wp.com\/www.jbh.be\/wp-content\/uploads\/2021\/05\/G-776-RCY120E.jpg?strip=info&#038;w=600&#038;ssl=1 600w\" alt=\"\" data-height=\"600\" data-id=\"486\" data-link=\"https:\/\/www.jbh.be\/?attachment_id=486\" data-url=\"https:\/\/www.jbh.be\/wp-content\/uploads\/2021\/05\/G-776-RCY120E.jpg\" data-width=\"600\" src=\"https:\/\/i2.wp.com\/www.jbh.be\/wp-content\/uploads\/2021\/05\/G-776-RCY120E.jpg?ssl=1\" data-amp-layout=\"responsive\"\/><\/figure><\/div><div class=\"tiled-gallery__col\" style=\"flex-basis:33.24725%\"><figure class=\"tiled-gallery__item\"><img srcset=\"https:\/\/i0.wp.com\/www.jbh.be\/wp-content\/uploads\/2021\/05\/G-776-67430W_01.jpg?strip=info&#038;w=600&#038;ssl=1 600w\" alt=\"\" data-height=\"600\" data-id=\"484\" data-link=\"https:\/\/www.jbh.be\/?attachment_id=484\" data-url=\"https:\/\/www.jbh.be\/wp-content\/uploads\/2021\/05\/G-776-67430W_01.jpg\" data-width=\"600\" src=\"https:\/\/i0.wp.com\/www.jbh.be\/wp-content\/uploads\/2021\/05\/G-776-67430W_01.jpg?ssl=1\" data-amp-layout=\"responsive\"\/><\/figure><figure class=\"tiled-gallery__item\"><img srcset=\"https:\/\/i0.wp.com\/www.jbh.be\/wp-content\/uploads\/2021\/05\/G-776-67430W_02.jpg?strip=info&#038;w=600&#038;ssl=1 600w\" alt=\"\" data-height=\"600\" data-id=\"485\" data-link=\"https:\/\/www.jbh.be\/?attachment_id=485\" data-url=\"https:\/\/www.jbh.be\/wp-content\/uploads\/2021\/05\/G-776-67430W_02.jpg\" data-width=\"600\" src=\"https:\/\/i0.wp.com\/www.jbh.be\/wp-content\/uploads\/2021\/05\/G-776-67430W_02.jpg?ssl=1\" data-amp-layout=\"responsive\"\/><\/figure><\/div><\/div><div class=\"tiled-gallery__row\"><div class=\"tiled-gallery__col\" style=\"flex-basis:100.00000%\"><figure class=\"tiled-gallery__item\"><img srcset=\"https:\/\/i1.wp.com\/www.jbh.be\/wp-content\/uploads\/2021\/05\/G-776-RCY67480_01.jpg?strip=info&#038;w=600&#038;ssl=1 600w\" alt=\"\" data-height=\"600\" data-id=\"487\" data-link=\"https:\/\/www.jbh.be\/?attachment_id=487\" data-url=\"https:\/\/www.jbh.be\/wp-content\/uploads\/2021\/05\/G-776-RCY67480_01.jpg\" data-width=\"600\" src=\"https:\/\/i1.wp.com\/www.jbh.be\/wp-content\/uploads\/2021\/05\/G-776-RCY67480_01.jpg?ssl=1\" data-amp-layout=\"responsive\"\/><\/figure><\/div><\/div><\/div><\/div>\n\n\n\n<figure class=\"wp-block-table is-style-regular\"><table class=\"has-subtle-light-gray-background-color has-background\"><tbody><tr><td><strong>S\u00e8che-Cheveux<\/strong><\/td><td><strong>Qt\u00e9\/carton<\/strong><\/td><\/tr><tr><td><strong>ALBANY RCY \u2013&nbsp;120&nbsp;E<\/strong><br>Mod\u00e8le mural avec prise rasoir 110V-220V<br>On\/Off automatique<br>S\u00e9curit\u00e9 en cas de surchauffe<br>Puissance 1200W Voltage 220V&nbsp;&#8211;&nbsp;2 vitesses<br>Dimensions (h x l x p): 230 x 185 x 95mm<\/td><td>1<\/td><\/tr><tr><td><strong>MANHATTAN<\/strong><br>Mod\u00e8le mural avec prise rasoir 110V-220V<br>Puissance 1400 W\u20143&nbsp;vitesses<br>S\u00e9curit\u00e9 en cas de surchauffe<br>Dimensions (h x l x p): 250 x 235 x 150mm<br>Existe en blanc ou gris<\/td><td>1<\/td><\/tr><tr><td><strong>JERSEY<\/strong><br>Mod\u00e8le mural avec prise rasoir 110V-220V<br>Puissance 1400 W\u20143&nbsp;vitesses<br>On\/Off automatique<br>S\u00e9curit\u00e9 en cas de surchauffe<br>Dimensions (h x l x p): 250 x 260 x 140mm<br>Existe en blanc ou noir<\/td><td>1<\/td><\/tr><tr><td><strong>VERMONT<\/strong><br>Mod\u00e8le mural avec prise rasoir 110V-220V<br>Puissance 800 W et vitesse r\u00e9glable<br>On\/Off automatique<br>S\u00e9curit\u00e9 en cas de surchauffe<br>Dimensions (h x l x p): 600 x 193 x 95mm<\/td><td>1<\/td><\/tr><\/tbody><\/table><\/figure>\n","protected":false},"excerpt":{"rendered":"<p>Accessoires de salle de bain, de vestiaires de piscine, de centre sportifs, de thalasso et de bien-\u00eatre; les s\u00e8che-cheveux muraux poss\u00e8dent plusieurs avantages: s\u00e9curit\u00e9 et gain de place. Ils se d\u00e9clinent en plusieurs puissances, coloris et formes. S\u00e8che-Cheveux Qt\u00e9\/carton ALBANY RCY \u2013&nbsp;120&nbsp;EMod\u00e8le mural avec prise rasoir 110V-220VOn\/Off automatiqueS\u00e9curit\u00e9 en cas de surchauffePuissance 1200W Voltage 220V&nbsp;&#8211;&nbsp;2 [&hellip;]<\/p>\n","protected":false},"author":1,"featured_media":0,"parent":56,"menu_order":0,"comment_status":"closed","ping_status":"closed","template":"template-fullwidth.php","meta":{"spay_email":""},"yoast_head":"<!-- This site is optimized with the Yoast SEO plugin v16.3 - https:\/\/yoast.com\/wordpress\/plugins\/seo\/ -->\n<title>S\u00e8che cheveux mureaux - JBH International<\/title>\n<meta name=\"description\" content=\"Accessoire de salle de bain,de vestiaires,de centre sportifs,de bien-\u00eatre.Le s\u00e8che-cheveux mural se d\u00e9cline en plusieurs puissances &amp; couloirs\" \/>\n<meta name=\"robots\" content=\"index, follow, max-snippet:-1, max-image-preview:large, max-video-preview:-1\" \/>\n<link rel=\"canonical\" href=\"https:\/\/www.jbh.be\/?page_id=483\" \/>\n<meta property=\"og:locale\" content=\"fr_FR\" \/>\n<meta property=\"og:type\" content=\"article\" \/>\n<meta property=\"og:title\" content=\"S\u00e8che cheveux mureaux - JBH International\" \/>\n<meta property=\"og:description\" content=\"Accessoire de salle de bain,de vestiaires,de centre sportifs,de bien-\u00eatre.Le s\u00e8che-cheveux mural se d\u00e9cline en plusieurs puissances &amp; couloirs\" \/>\n<meta property=\"og:url\" content=\"https:\/\/www.jbh.be\/?page_id=483\" \/>\n<meta property=\"og:site_name\" content=\"JBH International\" \/>\n<meta property=\"article:modified_time\" content=\"2021-05-21T12:12:55+00:00\" \/>\n<meta property=\"og:image\" content=\"https:\/\/i2.wp.com\/www.jbh.be\/wp-content\/uploads\/2021\/05\/G-776-RCY120E.jpg?ssl=1\" \/>\n<meta name=\"twitter:card\" content=\"summary_large_image\" \/>\n<meta name=\"twitter:label1\" content=\"Dur\u00e9e de lecture est.\">\n\t<meta name=\"twitter:data1\" content=\"2 minutes\">\n<script type=\"application\/ld+json\" class=\"yoast-schema-graph\">{\"@context\":\"https:\/\/schema.org\",\"@graph\":[{\"@type\":\"WebSite\",\"@id\":\"https:\/\/www.jbh.be\/#website\",\"url\":\"https:\/\/www.jbh.be\/\",\"name\":\"JBH International\",\"description\":\"Produit d&#039;accueil et \\u00e9quipement pour h\\u00f4tel - Cosmetische en onthaalproducten\",\"potentialAction\":[{\"@type\":\"SearchAction\",\"target\":\"https:\/\/www.jbh.be\/?s={search_term_string}\",\"query-input\":\"required name=search_term_string\"}],\"inLanguage\":\"fr-FR\"},{\"@type\":\"ImageObject\",\"@id\":\"https:\/\/www.jbh.be\/?page_id=483#primaryimage\",\"inLanguage\":\"fr-FR\",\"url\":\"https:\/\/i2.wp.com\/www.jbh.be\/wp-content\/uploads\/2021\/05\/G-776-RCY120E.jpg?ssl=1\",\"contentUrl\":\"https:\/\/i2.wp.com\/www.jbh.be\/wp-content\/uploads\/2021\/05\/G-776-RCY120E.jpg?ssl=1\"},{\"@type\":\"WebPage\",\"@id\":\"https:\/\/www.jbh.be\/?page_id=483#webpage\",\"url\":\"https:\/\/www.jbh.be\/?page_id=483\",\"name\":\"S\\u00e8che cheveux mureaux - JBH International\",\"isPartOf\":{\"@id\":\"https:\/\/www.jbh.be\/#website\"},\"primaryImageOfPage\":{\"@id\":\"https:\/\/www.jbh.be\/?page_id=483#primaryimage\"},\"datePublished\":\"2021-05-20T14:42:29+00:00\",\"dateModified\":\"2021-05-21T12:12:55+00:00\",\"description\":\"Accessoire de salle de bain,de vestiaires,de centre sportifs,de bien-\\u00eatre.Le s\\u00e8che-cheveux mural se d\\u00e9cline en plusieurs puissances & couloirs\",\"breadcrumb\":{\"@id\":\"https:\/\/www.jbh.be\/?page_id=483#breadcrumb\"},\"inLanguage\":\"fr-FR\",\"potentialAction\":[{\"@type\":\"ReadAction\",\"target\":[\"https:\/\/www.jbh.be\/?page_id=483\"]}]},{\"@type\":\"BreadcrumbList\",\"@id\":\"https:\/\/www.jbh.be\/?page_id=483#breadcrumb\",\"itemListElement\":[{\"@type\":\"ListItem\",\"position\":1,\"item\":{\"@type\":\"WebPage\",\"@id\":\"https:\/\/www.jbh.be\/\",\"url\":\"https:\/\/www.jbh.be\/\",\"name\":\"Home\"}},{\"@type\":\"ListItem\",\"position\":2,\"item\":{\"@type\":\"WebPage\",\"@id\":\"https:\/\/www.jbh.be\/?page_id=56\",\"url\":\"https:\/\/www.jbh.be\/?page_id=56\",\"name\":\"Equipement de chambre et salle de bain\"}},{\"@type\":\"ListItem\",\"position\":3,\"item\":{\"@id\":\"https:\/\/www.jbh.be\/?page_id=483#webpage\"}}]}]}<\/script>\n<!-- \/ Yoast SEO plugin. -->","_links":{"self":[{"href":"https:\/\/www.jbh.be\/index.php?rest_route=\/wp\/v2\/pages\/483"}],"collection":[{"href":"https:\/\/www.jbh.be\/index.php?rest_route=\/wp\/v2\/pages"}],"about":[{"href":"https:\/\/www.jbh.be\/index.php?rest_route=\/wp\/v2\/types\/page"}],"author":[{"embeddable":true,"href":"https:\/\/www.jbh.be\/index.php?rest_route=\/wp\/v2\/users\/1"}],"replies":[{"embeddable":true,"href":"https:\/\/www.jbh.be\/index.php?rest_route=%2Fwp%2Fv2%2Fcomments&post=483"}],"version-history":[{"count":5,"href":"https:\/\/www.jbh.be\/index.php?rest_route=\/wp\/v2\/pages\/483\/revisions"}],"predecessor-version":[{"id":519,"href":"https:\/\/www.jbh.be\/index.php?rest_route=\/wp\/v2\/pages\/483\/revisions\/519"}],"up":[{"embeddable":true,"href":"https:\/\/www.jbh.be\/index.php?rest_route=\/wp\/v2\/pages\/56"}],"wp:attachment":[{"href":"https:\/\/www.jbh.be\/index.php?rest_route=%2Fwp%2Fv2%2Fmedia&parent=483"}],"curies":[{"name":"wp","href":"https:\/\/api.w.org\/{rel}","templated":true}]}}