{"id":520,"date":"2021-05-20T20:22:17","date_gmt":"2021-05-20T18:22:17","guid":{"rendered":"https:\/\/www.jbh.be\/?page_id=520"},"modified":"2021-05-20T20:34:18","modified_gmt":"2021-05-20T18:34:18","slug":"miroirs-de-salle-de-bain","status":"publish","type":"page","link":"https:\/\/www.jbh.be\/?page_id=520","title":{"rendered":"Miroirs de salle de bain"},"content":{"rendered":"\n<p>Les miroirs grossissants sont indispensables pour se raser, se maquiller ou mettre ses lentilles de contact. Ils compl\u00e8tent toute salle de bains et permettent \u00e0 vos invit\u00e9s d&rsquo;avoir tout le n\u00e9cessaire pour \u00eatre au mieux de leur forme. Ils sont disponibles en mod\u00e8les ronds et carr\u00e9s, avec un ou deux bras pivotants et avec ou sans lumi\u00e8re LED.<\/p>\n\n\n\n<p>Gr\u00e2ce \u00e0 leur design moderne et minimaliste, les diff\u00e9rents mod\u00e8les s&rsquo;adaptent \u00e0 tous les styles de salle de bains<\/p>\n\n\n\n<p><\/p>\n\n\n\n<div class=\"wp-block-jetpack-tiled-gallery aligncenter is-style-rectangular\"><div class=\"tiled-gallery__gallery\"><div class=\"tiled-gallery__row\"><div class=\"tiled-gallery__col\" style=\"flex-basis:60.14204%\"><figure class=\"tiled-gallery__item\"><img srcset=\"https:\/\/i0.wp.com\/www.jbh.be\/wp-content\/uploads\/2021\/05\/spiegels.jpg?strip=info&#038;w=600&#038;ssl=1 600w\" alt=\"\" data-height=\"600\" data-id=\"525\" data-link=\"https:\/\/www.jbh.be\/?attachment_id=525\" data-url=\"https:\/\/www.jbh.be\/wp-content\/uploads\/2021\/05\/spiegels.jpg\" data-width=\"600\" src=\"https:\/\/i0.wp.com\/www.jbh.be\/wp-content\/uploads\/2021\/05\/spiegels.jpg?ssl=1\" data-amp-layout=\"responsive\"\/><\/figure><\/div><div class=\"tiled-gallery__col\" style=\"flex-basis:39.85796%\"><figure class=\"tiled-gallery__item\"><img srcset=\"https:\/\/i1.wp.com\/www.jbh.be\/wp-content\/uploads\/2021\/05\/img_242229.jpg.png?strip=info&#038;w=600&#038;ssl=1 600w,https:\/\/i1.wp.com\/www.jbh.be\/wp-content\/uploads\/2021\/05\/img_242229.jpg.png?strip=info&#038;w=768&#038;ssl=1 768w\" alt=\"\" data-height=\"768\" data-id=\"521\" data-link=\"https:\/\/www.jbh.be\/?attachment_id=521\" data-url=\"https:\/\/www.jbh.be\/wp-content\/uploads\/2021\/05\/img_242229.jpg.png\" data-width=\"1024\" src=\"https:\/\/i1.wp.com\/www.jbh.be\/wp-content\/uploads\/2021\/05\/img_242229.jpg.png?ssl=1\" data-amp-layout=\"responsive\"\/><\/figure><figure class=\"tiled-gallery__item\"><img srcset=\"https:\/\/i0.wp.com\/www.jbh.be\/wp-content\/uploads\/2021\/05\/img_242230.jpg.png?strip=info&#038;w=600&#038;ssl=1 600w,https:\/\/i0.wp.com\/www.jbh.be\/wp-content\/uploads\/2021\/05\/img_242230.jpg.png?strip=info&#038;w=768&#038;ssl=1 768w\" alt=\"\" data-height=\"768\" data-id=\"522\" data-link=\"https:\/\/www.jbh.be\/?attachment_id=522\" data-url=\"https:\/\/www.jbh.be\/wp-content\/uploads\/2021\/05\/img_242230.jpg.png\" data-width=\"1024\" src=\"https:\/\/i0.wp.com\/www.jbh.be\/wp-content\/uploads\/2021\/05\/img_242230.jpg.png?ssl=1\" data-amp-layout=\"responsive\"\/><\/figure><\/div><\/div><div class=\"tiled-gallery__row\"><div class=\"tiled-gallery__col\" style=\"flex-basis:50.00000%\"><figure class=\"tiled-gallery__item\"><img srcset=\"https:\/\/i0.wp.com\/www.jbh.be\/wp-content\/uploads\/2021\/05\/img_242240.jpg.png?strip=info&#038;w=600&#038;ssl=1 600w,https:\/\/i0.wp.com\/www.jbh.be\/wp-content\/uploads\/2021\/05\/img_242240.jpg.png?strip=info&#038;w=768&#038;ssl=1 768w\" alt=\"\" data-height=\"768\" data-id=\"523\" data-link=\"https:\/\/www.jbh.be\/?attachment_id=523\" data-url=\"https:\/\/www.jbh.be\/wp-content\/uploads\/2021\/05\/img_242240.jpg.png\" data-width=\"1024\" src=\"https:\/\/i0.wp.com\/www.jbh.be\/wp-content\/uploads\/2021\/05\/img_242240.jpg.png?ssl=1\" data-amp-layout=\"responsive\"\/><\/figure><\/div><div class=\"tiled-gallery__col\" style=\"flex-basis:50.00000%\"><figure class=\"tiled-gallery__item\"><img srcset=\"https:\/\/i2.wp.com\/www.jbh.be\/wp-content\/uploads\/2021\/05\/img_242242.jpg.png?strip=info&#038;w=600&#038;ssl=1 600w,https:\/\/i2.wp.com\/www.jbh.be\/wp-content\/uploads\/2021\/05\/img_242242.jpg.png?strip=info&#038;w=768&#038;ssl=1 768w\" alt=\"\" data-height=\"768\" data-id=\"524\" data-link=\"https:\/\/www.jbh.be\/?attachment_id=524\" data-url=\"https:\/\/www.jbh.be\/wp-content\/uploads\/2021\/05\/img_242242.jpg.png\" data-width=\"1024\" src=\"https:\/\/i2.wp.com\/www.jbh.be\/wp-content\/uploads\/2021\/05\/img_242242.jpg.png?ssl=1\" data-amp-layout=\"responsive\"\/><\/figure><\/div><\/div><\/div><\/div>\n\n\n\n<figure class=\"wp-block-table is-style-stripes\"><table class=\"has-subtle-light-gray-background-color has-background\"><tbody><tr><td><\/td><td><strong>Qt\u00e9\/carton<\/strong><\/td><\/tr><tr><td><strong>CLASSIC 2<\/strong><br>Miroir grossissant rond<br>Mont\u00e9 sur double bras articul\u00e9<br>Laiton chrom\u00e9<br>Diam\u00e8tre 180mm<br>2 faces : grossissement 1x et 3x<\/td><td>1<\/td><\/tr><tr><td><strong>TECHNO 2<\/strong><br>Miroir grossissant rectangulaire<br>Mont\u00e9 sur double bras articul\u00e9<br>Laiton chrom\u00e9<br>Grossissement 3x<\/td><td>1<\/td><\/tr><\/tbody><\/table><\/figure>\n","protected":false},"excerpt":{"rendered":"<p>Les miroirs grossissants sont indispensables pour se raser, se maquiller ou mettre ses lentilles de contact. Ils compl\u00e8tent toute salle de bains et permettent \u00e0 vos invit\u00e9s d&rsquo;avoir tout le n\u00e9cessaire pour \u00eatre au mieux de leur forme. Ils sont disponibles en mod\u00e8les ronds et carr\u00e9s, avec un ou deux bras pivotants et avec ou [&hellip;]<\/p>\n","protected":false},"author":1,"featured_media":534,"parent":56,"menu_order":0,"comment_status":"closed","ping_status":"closed","template":"template-fullwidth.php","meta":{"spay_email":""},"yoast_head":"<!-- This site is optimized with the Yoast SEO plugin v16.3 - https:\/\/yoast.com\/wordpress\/plugins\/seo\/ -->\n<title>Miroirs de salle de bain - JBH International<\/title>\n<meta name=\"description\" content=\"Les miroirs grossissants sont indispensables pour se raser, se maquiller ou mettre ses lentilles de contact.Disponibles en ronds et carr\u00e9s,avec 1 ou 2 bras pivotants.\" \/>\n<meta name=\"robots\" content=\"index, follow, max-snippet:-1, max-image-preview:large, max-video-preview:-1\" \/>\n<link rel=\"canonical\" href=\"https:\/\/www.jbh.be\/?page_id=520\" \/>\n<meta property=\"og:locale\" content=\"fr_FR\" \/>\n<meta property=\"og:type\" content=\"article\" \/>\n<meta property=\"og:title\" content=\"Miroirs de salle de bain - JBH International\" \/>\n<meta property=\"og:description\" content=\"Les miroirs grossissants sont indispensables pour se raser, se maquiller ou mettre ses lentilles de contact.Disponibles en ronds et carr\u00e9s,avec 1 ou 2 bras pivotants.\" \/>\n<meta property=\"og:url\" content=\"https:\/\/www.jbh.be\/?page_id=520\" \/>\n<meta property=\"og:site_name\" content=\"JBH International\" \/>\n<meta property=\"article:modified_time\" content=\"2021-05-20T18:34:18+00:00\" \/>\n<meta property=\"og:image\" content=\"https:\/\/www.jbh.be\/wp-content\/uploads\/2021\/05\/Fotolia_177641690_1161x300-1.jpg\" \/>\n\t<meta property=\"og:image:width\" content=\"1161\" \/>\n\t<meta property=\"og:image:height\" content=\"301\" \/>\n<meta name=\"twitter:card\" content=\"summary_large_image\" \/>\n<meta name=\"twitter:label1\" content=\"Dur\u00e9e de lecture est.\">\n\t<meta name=\"twitter:data1\" content=\"2 minutes\">\n<script type=\"application\/ld+json\" class=\"yoast-schema-graph\">{\"@context\":\"https:\/\/schema.org\",\"@graph\":[{\"@type\":\"WebSite\",\"@id\":\"https:\/\/www.jbh.be\/#website\",\"url\":\"https:\/\/www.jbh.be\/\",\"name\":\"JBH International\",\"description\":\"Produit d&#039;accueil et \\u00e9quipement pour h\\u00f4tel - Cosmetische en onthaalproducten\",\"potentialAction\":[{\"@type\":\"SearchAction\",\"target\":\"https:\/\/www.jbh.be\/?s={search_term_string}\",\"query-input\":\"required name=search_term_string\"}],\"inLanguage\":\"fr-FR\"},{\"@type\":\"ImageObject\",\"@id\":\"https:\/\/www.jbh.be\/?page_id=520#primaryimage\",\"inLanguage\":\"fr-FR\",\"url\":\"https:\/\/i2.wp.com\/www.jbh.be\/wp-content\/uploads\/2021\/05\/Fotolia_177641690_1161x300-1.jpg?fit=1161%2C301&ssl=1\",\"contentUrl\":\"https:\/\/i2.wp.com\/www.jbh.be\/wp-content\/uploads\/2021\/05\/Fotolia_177641690_1161x300-1.jpg?fit=1161%2C301&ssl=1\",\"width\":1161,\"height\":301},{\"@type\":\"WebPage\",\"@id\":\"https:\/\/www.jbh.be\/?page_id=520#webpage\",\"url\":\"https:\/\/www.jbh.be\/?page_id=520\",\"name\":\"Miroirs de salle de bain - JBH International\",\"isPartOf\":{\"@id\":\"https:\/\/www.jbh.be\/#website\"},\"primaryImageOfPage\":{\"@id\":\"https:\/\/www.jbh.be\/?page_id=520#primaryimage\"},\"datePublished\":\"2021-05-20T18:22:17+00:00\",\"dateModified\":\"2021-05-20T18:34:18+00:00\",\"description\":\"Les miroirs grossissants sont indispensables pour se raser, se maquiller ou mettre ses lentilles de contact.Disponibles en ronds et carr\\u00e9s,avec 1 ou 2 bras pivotants.\",\"breadcrumb\":{\"@id\":\"https:\/\/www.jbh.be\/?page_id=520#breadcrumb\"},\"inLanguage\":\"fr-FR\",\"potentialAction\":[{\"@type\":\"ReadAction\",\"target\":[\"https:\/\/www.jbh.be\/?page_id=520\"]}]},{\"@type\":\"BreadcrumbList\",\"@id\":\"https:\/\/www.jbh.be\/?page_id=520#breadcrumb\",\"itemListElement\":[{\"@type\":\"ListItem\",\"position\":1,\"item\":{\"@type\":\"WebPage\",\"@id\":\"https:\/\/www.jbh.be\/\",\"url\":\"https:\/\/www.jbh.be\/\",\"name\":\"Home\"}},{\"@type\":\"ListItem\",\"position\":2,\"item\":{\"@type\":\"WebPage\",\"@id\":\"https:\/\/www.jbh.be\/?page_id=56\",\"url\":\"https:\/\/www.jbh.be\/?page_id=56\",\"name\":\"Equipement de chambre et salle de bain\"}},{\"@type\":\"ListItem\",\"position\":3,\"item\":{\"@id\":\"https:\/\/www.jbh.be\/?page_id=520#webpage\"}}]}]}<\/script>\n<!-- \/ Yoast SEO plugin. -->","_links":{"self":[{"href":"https:\/\/www.jbh.be\/index.php?rest_route=\/wp\/v2\/pages\/520"}],"collection":[{"href":"https:\/\/www.jbh.be\/index.php?rest_route=\/wp\/v2\/pages"}],"about":[{"href":"https:\/\/www.jbh.be\/index.php?rest_route=\/wp\/v2\/types\/page"}],"author":[{"embeddable":true,"href":"https:\/\/www.jbh.be\/index.php?rest_route=\/wp\/v2\/users\/1"}],"replies":[{"embeddable":true,"href":"https:\/\/www.jbh.be\/index.php?rest_route=%2Fwp%2Fv2%2Fcomments&post=520"}],"version-history":[{"count":3,"href":"https:\/\/www.jbh.be\/index.php?rest_route=\/wp\/v2\/pages\/520\/revisions"}],"predecessor-version":[{"id":528,"href":"https:\/\/www.jbh.be\/index.php?rest_route=\/wp\/v2\/pages\/520\/revisions\/528"}],"up":[{"embeddable":true,"href":"https:\/\/www.jbh.be\/index.php?rest_route=\/wp\/v2\/pages\/56"}],"wp:featuredmedia":[{"embeddable":true,"href":"https:\/\/www.jbh.be\/index.php?rest_route=\/wp\/v2\/media\/534"}],"wp:attachment":[{"href":"https:\/\/www.jbh.be\/index.php?rest_route=%2Fwp%2Fv2%2Fmedia&parent=520"}],"curies":[{"name":"wp","href":"https:\/\/api.w.org\/{rel}","templated":true}]}}