{"id":535,"date":"2021-05-20T20:46:30","date_gmt":"2021-05-20T18:46:30","guid":{"rendered":"https:\/\/www.jbh.be\/?page_id=535"},"modified":"2021-05-20T20:55:35","modified_gmt":"2021-05-20T18:55:35","slug":"porte-bagages","status":"publish","type":"page","link":"https:\/\/www.jbh.be\/?page_id=535","title":{"rendered":"Porte-bagages"},"content":{"rendered":"\n<p>Vos invit\u00e9s arrivent avec leurs sacs de voyage, des sacs \u00e0 dos ou des valises, ils appr\u00e9cieront de pouvoir les d\u00e9poser. Choisissez le mod\u00e8le de porte-bagages qui correspond au design de votre chambre d&rsquo;h\u00f4tel ou de votre pension.<\/p>\n\n\n\n<p>Bois, chrome, noir ou marron ? Nous l&rsquo;avons en stock. Vous pr\u00e9f\u00e9rez prot\u00e9ger votre mur ? Choisissez le mod\u00e8le \u00e0 haut dossier. Tous les porte-bagages sont pliables, ce qui permet de les ranger facilement dans un placard ou une pi\u00e8ce de rangement. Consultez notre assortiment et trouvez le porte-bagages id\u00e9al pour vos chambres d&rsquo;h\u00f4tel !<\/p>\n\n\n\n<div class=\"wp-block-jetpack-tiled-gallery aligncenter is-style-rectangular\"><div class=\"tiled-gallery__gallery\"><div class=\"tiled-gallery__row\"><div class=\"tiled-gallery__col\" style=\"flex-basis:66.75275%\"><figure class=\"tiled-gallery__item\"><img srcset=\"https:\/\/i0.wp.com\/www.jbh.be\/wp-content\/uploads\/2021\/05\/F-732-002EA.jpg?strip=info&#038;w=414&#038;ssl=1 414w\" alt=\"\" data-height=\"414\" data-id=\"536\" data-link=\"https:\/\/www.jbh.be\/?attachment_id=536\" data-url=\"https:\/\/www.jbh.be\/wp-content\/uploads\/2021\/05\/F-732-002EA.jpg\" data-width=\"414\" src=\"https:\/\/i0.wp.com\/www.jbh.be\/wp-content\/uploads\/2021\/05\/F-732-002EA.jpg?ssl=1\" data-amp-layout=\"responsive\"\/><\/figure><\/div><div class=\"tiled-gallery__col\" style=\"flex-basis:33.24725%\"><figure class=\"tiled-gallery__item\"><img srcset=\"https:\/\/i0.wp.com\/www.jbh.be\/wp-content\/uploads\/2021\/05\/F-772-BR01NE.jpg?strip=info&#038;w=403&#038;ssl=1 403w\" alt=\"\" data-height=\"403\" data-id=\"538\" data-link=\"https:\/\/www.jbh.be\/?attachment_id=538\" data-url=\"https:\/\/www.jbh.be\/wp-content\/uploads\/2021\/05\/F-772-BR01NE.jpg\" data-width=\"403\" src=\"https:\/\/i0.wp.com\/www.jbh.be\/wp-content\/uploads\/2021\/05\/F-772-BR01NE.jpg?ssl=1\" data-amp-layout=\"responsive\"\/><\/figure><figure class=\"tiled-gallery__item\"><img srcset=\"https:\/\/i2.wp.com\/www.jbh.be\/wp-content\/uploads\/2021\/05\/F-772-BR02NE.jpg?strip=info&#038;w=404&#038;ssl=1 404w\" alt=\"\" data-height=\"404\" data-id=\"539\" data-link=\"https:\/\/www.jbh.be\/?attachment_id=539\" data-url=\"https:\/\/www.jbh.be\/wp-content\/uploads\/2021\/05\/F-772-BR02NE.jpg\" data-width=\"404\" src=\"https:\/\/i2.wp.com\/www.jbh.be\/wp-content\/uploads\/2021\/05\/F-772-BR02NE.jpg?ssl=1\" data-amp-layout=\"responsive\"\/><\/figure><\/div><\/div><div class=\"tiled-gallery__row\"><div class=\"tiled-gallery__col\" style=\"flex-basis:100.00000%\"><figure class=\"tiled-gallery__item\"><img srcset=\"https:\/\/i2.wp.com\/www.jbh.be\/wp-content\/uploads\/2021\/05\/F-732-003EA.jpg?strip=info&#038;w=406&#038;ssl=1 406w\" alt=\"\" data-height=\"406\" data-id=\"537\" data-link=\"https:\/\/www.jbh.be\/?attachment_id=537\" data-url=\"https:\/\/www.jbh.be\/wp-content\/uploads\/2021\/05\/F-732-003EA.jpg\" data-width=\"406\" src=\"https:\/\/i2.wp.com\/www.jbh.be\/wp-content\/uploads\/2021\/05\/F-732-003EA.jpg?ssl=1\" data-amp-layout=\"responsive\"\/><\/figure><\/div><\/div><\/div><\/div>\n\n\n\n<figure class=\"wp-block-table is-style-stripes\"><table class=\"has-subtle-light-gray-background-color has-background\"><tbody><tr><td><\/td><td><strong>Qt\u00e9\/carton<\/strong><\/td><\/tr><tr><td><strong>PORTE VALISE EN METAL GRIS MAT SANS DOSSIER<br><\/strong>4 sangles noires haute s\u00e9curit\u00e9<br>Embouts de protection des pieds<br>Pliable<br>Dimensions ouvert : L 67 x P 40 x H 55 cm Dimensions ferm\u00e9 : L 67 x P 11 x H 65 cm<\/td><td>1 (minimum cmd 4)<\/td><\/tr><tr><td><strong>PORTE VALISE EN METAL GRIS MAT AVEC DOSSIER 25 cm<br><\/strong>4 sangles noires haute s\u00e9curit\u00e9<br>Embouts de protection des pieds<br>Pliable<br>Dimensions ouvert : L 68 x P 48 x H 73 cm Dimensions ferm\u00e9 : L 68 x P 11 x H 84 cm<\/td><td>1 (minimum cmd 4)<\/td><\/tr><tr><td><strong>PORTE VALISE EN BOIS SANS DOSSIER<br><\/strong>4 sangles noires haute s\u00e9curit\u00e9<br>Pliable<br>Dimensions ouvert : L 63 x l 43 x H 48 cm Dimensions ferm\u00e9 : L 63 x l 11 x H 65 cm Disponible en couleur naturel ou noir<\/td><td>1 (minimum cmd 4)<\/td><\/tr><tr><td><\/td><td><\/td><\/tr><\/tbody><\/table><\/figure>\n","protected":false},"excerpt":{"rendered":"<p>Vos invit\u00e9s arrivent avec leurs sacs de voyage, des sacs \u00e0 dos ou des valises, ils appr\u00e9cieront de pouvoir les d\u00e9poser. Choisissez le mod\u00e8le de porte-bagages qui correspond au design de votre chambre d&rsquo;h\u00f4tel ou de votre pension. Bois, chrome, noir ou marron ? Nous l&rsquo;avons en stock. Vous pr\u00e9f\u00e9rez prot\u00e9ger votre mur ? Choisissez [&hellip;]<\/p>\n","protected":false},"author":1,"featured_media":0,"parent":56,"menu_order":0,"comment_status":"closed","ping_status":"closed","template":"template-fullwidth.php","meta":{"spay_email":""},"yoast_head":"<!-- This site is optimized with the Yoast SEO plugin v16.3 - https:\/\/yoast.com\/wordpress\/plugins\/seo\/ -->\n<title>Porte-bagages - JBH International<\/title>\n<meta name=\"description\" content=\"Porte-bagages pliants en m\u00e9tal ou en bois, avec ou sans dossier.Choisissez le mod\u00e8le de porte-bagages qui correspond au design de votre chambre.\" \/>\n<meta name=\"robots\" content=\"index, follow, max-snippet:-1, max-image-preview:large, max-video-preview:-1\" \/>\n<link rel=\"canonical\" href=\"https:\/\/www.jbh.be\/?page_id=535\" \/>\n<meta property=\"og:locale\" content=\"fr_FR\" \/>\n<meta property=\"og:type\" content=\"article\" \/>\n<meta property=\"og:title\" content=\"Porte-bagages - JBH International\" \/>\n<meta property=\"og:description\" content=\"Porte-bagages pliants en m\u00e9tal ou en bois, avec ou sans dossier.Choisissez le mod\u00e8le de porte-bagages qui correspond au design de votre chambre.\" \/>\n<meta property=\"og:url\" content=\"https:\/\/www.jbh.be\/?page_id=535\" \/>\n<meta property=\"og:site_name\" content=\"JBH International\" \/>\n<meta property=\"article:modified_time\" content=\"2021-05-20T18:55:35+00:00\" \/>\n<meta property=\"og:image\" content=\"https:\/\/i0.wp.com\/www.jbh.be\/wp-content\/uploads\/2021\/05\/F-732-002EA.jpg?ssl=1\" \/>\n<meta name=\"twitter:card\" content=\"summary_large_image\" \/>\n<meta name=\"twitter:label1\" content=\"Dur\u00e9e de lecture est.\">\n\t<meta name=\"twitter:data1\" content=\"2 minutes\">\n<script type=\"application\/ld+json\" class=\"yoast-schema-graph\">{\"@context\":\"https:\/\/schema.org\",\"@graph\":[{\"@type\":\"WebSite\",\"@id\":\"https:\/\/www.jbh.be\/#website\",\"url\":\"https:\/\/www.jbh.be\/\",\"name\":\"JBH International\",\"description\":\"Produit d&#039;accueil et \\u00e9quipement pour h\\u00f4tel - Cosmetische en onthaalproducten\",\"potentialAction\":[{\"@type\":\"SearchAction\",\"target\":\"https:\/\/www.jbh.be\/?s={search_term_string}\",\"query-input\":\"required name=search_term_string\"}],\"inLanguage\":\"fr-FR\"},{\"@type\":\"ImageObject\",\"@id\":\"https:\/\/www.jbh.be\/?page_id=535#primaryimage\",\"inLanguage\":\"fr-FR\",\"url\":\"https:\/\/i0.wp.com\/www.jbh.be\/wp-content\/uploads\/2021\/05\/F-732-002EA.jpg?ssl=1\",\"contentUrl\":\"https:\/\/i0.wp.com\/www.jbh.be\/wp-content\/uploads\/2021\/05\/F-732-002EA.jpg?ssl=1\"},{\"@type\":\"WebPage\",\"@id\":\"https:\/\/www.jbh.be\/?page_id=535#webpage\",\"url\":\"https:\/\/www.jbh.be\/?page_id=535\",\"name\":\"Porte-bagages - JBH International\",\"isPartOf\":{\"@id\":\"https:\/\/www.jbh.be\/#website\"},\"primaryImageOfPage\":{\"@id\":\"https:\/\/www.jbh.be\/?page_id=535#primaryimage\"},\"datePublished\":\"2021-05-20T18:46:30+00:00\",\"dateModified\":\"2021-05-20T18:55:35+00:00\",\"description\":\"Porte-bagages pliants en m\\u00e9tal ou en bois, avec ou sans dossier.Choisissez le mod\\u00e8le de porte-bagages qui correspond au design de votre chambre.\",\"breadcrumb\":{\"@id\":\"https:\/\/www.jbh.be\/?page_id=535#breadcrumb\"},\"inLanguage\":\"fr-FR\",\"potentialAction\":[{\"@type\":\"ReadAction\",\"target\":[\"https:\/\/www.jbh.be\/?page_id=535\"]}]},{\"@type\":\"BreadcrumbList\",\"@id\":\"https:\/\/www.jbh.be\/?page_id=535#breadcrumb\",\"itemListElement\":[{\"@type\":\"ListItem\",\"position\":1,\"item\":{\"@type\":\"WebPage\",\"@id\":\"https:\/\/www.jbh.be\/\",\"url\":\"https:\/\/www.jbh.be\/\",\"name\":\"Home\"}},{\"@type\":\"ListItem\",\"position\":2,\"item\":{\"@type\":\"WebPage\",\"@id\":\"https:\/\/www.jbh.be\/?page_id=56\",\"url\":\"https:\/\/www.jbh.be\/?page_id=56\",\"name\":\"Equipement de chambre et salle de bain\"}},{\"@type\":\"ListItem\",\"position\":3,\"item\":{\"@id\":\"https:\/\/www.jbh.be\/?page_id=535#webpage\"}}]}]}<\/script>\n<!-- \/ Yoast SEO plugin. -->","_links":{"self":[{"href":"https:\/\/www.jbh.be\/index.php?rest_route=\/wp\/v2\/pages\/535"}],"collection":[{"href":"https:\/\/www.jbh.be\/index.php?rest_route=\/wp\/v2\/pages"}],"about":[{"href":"https:\/\/www.jbh.be\/index.php?rest_route=\/wp\/v2\/types\/page"}],"author":[{"embeddable":true,"href":"https:\/\/www.jbh.be\/index.php?rest_route=\/wp\/v2\/users\/1"}],"replies":[{"embeddable":true,"href":"https:\/\/www.jbh.be\/index.php?rest_route=%2Fwp%2Fv2%2Fcomments&post=535"}],"version-history":[{"count":3,"href":"https:\/\/www.jbh.be\/index.php?rest_route=\/wp\/v2\/pages\/535\/revisions"}],"predecessor-version":[{"id":543,"href":"https:\/\/www.jbh.be\/index.php?rest_route=\/wp\/v2\/pages\/535\/revisions\/543"}],"up":[{"embeddable":true,"href":"https:\/\/www.jbh.be\/index.php?rest_route=\/wp\/v2\/pages\/56"}],"wp:attachment":[{"href":"https:\/\/www.jbh.be\/index.php?rest_route=%2Fwp%2Fv2%2Fmedia&parent=535"}],"curies":[{"name":"wp","href":"https:\/\/api.w.org\/{rel}","templated":true}]}}