{"id":546,"date":"2021-05-21T10:03:06","date_gmt":"2021-05-21T08:03:06","guid":{"rendered":"https:\/\/www.jbh.be\/?page_id=546"},"modified":"2021-05-21T10:10:38","modified_gmt":"2021-05-21T08:10:38","slug":"cintres","status":"publish","type":"page","link":"https:\/\/www.jbh.be\/?page_id=546","title":{"rendered":"Cintres"},"content":{"rendered":"\n<p>Pour compl\u00e9ter l&rsquo;\u00e9quipement des dressings, armoires, penderies et garde-robes nous vous proposons des cintres en plastique noirs offrant un rapport qualit\u00e9 prix id\u00e9al. Design \u00e0 \u00e9paules large avec barres et crochets pour jupe. Ils sont disponibles avec crochet standard ou crochet anti-vol.<\/p>\n\n\n\n<div class=\"wp-block-jetpack-tiled-gallery aligncenter is-style-columns\"><div class=\"tiled-gallery__gallery\"><div class=\"tiled-gallery__row\"><div class=\"tiled-gallery__col\" style=\"flex-basis:33.33333%\"><figure class=\"tiled-gallery__item\"><img srcset=\"https:\/\/i2.wp.com\/www.jbh.be\/wp-content\/uploads\/2021\/05\/AP01_01.jpg?strip=info&#038;w=600&#038;ssl=1 600w,https:\/\/i2.wp.com\/www.jbh.be\/wp-content\/uploads\/2021\/05\/AP01_01.jpg?strip=info&#038;w=740&#038;ssl=1 740w\" alt=\"\" data-height=\"740\" data-id=\"547\" data-link=\"https:\/\/www.jbh.be\/?attachment_id=547\" data-url=\"https:\/\/www.jbh.be\/wp-content\/uploads\/2021\/05\/AP01_01.jpg\" data-width=\"570\" src=\"https:\/\/i2.wp.com\/www.jbh.be\/wp-content\/uploads\/2021\/05\/AP01_01.jpg?ssl=1\" data-amp-layout=\"responsive\"\/><\/figure><\/div><div class=\"tiled-gallery__col\" style=\"flex-basis:33.33333%\"><figure class=\"tiled-gallery__item\"><img srcset=\"https:\/\/i2.wp.com\/www.jbh.be\/wp-content\/uploads\/2021\/05\/AP02_01.jpg?strip=info&#038;w=600&#038;ssl=1 600w,https:\/\/i2.wp.com\/www.jbh.be\/wp-content\/uploads\/2021\/05\/AP02_01.jpg?strip=info&#038;w=740&#038;ssl=1 740w\" alt=\"\" data-height=\"740\" data-id=\"548\" data-link=\"https:\/\/www.jbh.be\/?attachment_id=548\" data-url=\"https:\/\/www.jbh.be\/wp-content\/uploads\/2021\/05\/AP02_01.jpg\" data-width=\"570\" src=\"https:\/\/i2.wp.com\/www.jbh.be\/wp-content\/uploads\/2021\/05\/AP02_01.jpg?ssl=1\" data-amp-layout=\"responsive\"\/><\/figure><\/div><div class=\"tiled-gallery__col\" style=\"flex-basis:33.33333%\"><figure class=\"tiled-gallery__item\"><img srcset=\"https:\/\/i2.wp.com\/www.jbh.be\/wp-content\/uploads\/2021\/05\/AP02_02.jpg?strip=info&#038;w=600&#038;ssl=1 600w,https:\/\/i2.wp.com\/www.jbh.be\/wp-content\/uploads\/2021\/05\/AP02_02.jpg?strip=info&#038;w=740&#038;ssl=1 740w\" alt=\"\" data-height=\"740\" data-id=\"549\" data-link=\"https:\/\/www.jbh.be\/?attachment_id=549\" data-url=\"https:\/\/www.jbh.be\/wp-content\/uploads\/2021\/05\/AP02_02.jpg\" data-width=\"570\" src=\"https:\/\/i2.wp.com\/www.jbh.be\/wp-content\/uploads\/2021\/05\/AP02_02.jpg?ssl=1\" data-amp-layout=\"responsive\"\/><\/figure><\/div><\/div><\/div><\/div>\n\n\n\n<figure class=\"wp-block-table is-style-stripes\"><table class=\"has-subtle-light-gray-background-color has-background\"><tbody><tr><td><\/td><td><strong>Qt\u00e9\/carton<\/strong><\/td><\/tr><tr><td><strong>Cintre PLASTIQUE NOIR CROCHET CLASSIQUE<\/strong><br>Dimension: 42 cm<br>Epaules larges, barre et crochets pour jupe<\/td><td>60<\/td><\/tr><tr><td><strong>Cintre PLASTIQUE NOIR CROCHET ANTI VOL<\/strong><br>Dimension: 42 cm<br>Epaules larges, barre et crochets pour jupe<\/td><td>60<\/td><\/tr><tr><td><\/td><td><\/td><\/tr><\/tbody><\/table><\/figure>\n","protected":false},"excerpt":{"rendered":"<p>Pour compl\u00e9ter l&rsquo;\u00e9quipement des dressings, armoires, penderies et garde-robes nous vous proposons des cintres en plastique noirs offrant un rapport qualit\u00e9 prix id\u00e9al. Design \u00e0 \u00e9paules large avec barres et crochets pour jupe. Ils sont disponibles avec crochet standard ou crochet anti-vol. Qt\u00e9\/carton Cintre PLASTIQUE NOIR CROCHET CLASSIQUEDimension: 42 cmEpaules larges, barre et crochets pour [&hellip;]<\/p>\n","protected":false},"author":1,"featured_media":0,"parent":56,"menu_order":0,"comment_status":"closed","ping_status":"closed","template":"template-fullwidth.php","meta":{"spay_email":""},"yoast_head":"<!-- This site is optimized with the Yoast SEO plugin v16.3 - https:\/\/yoast.com\/wordpress\/plugins\/seo\/ -->\n<title>Cintres - JBH International<\/title>\n<meta name=\"description\" content=\"Cintres en plastique noirs offrant un rapport qualit\u00e9 prix id\u00e9al.Design \u00e0 \u00e9paules larges avec barre et crochets pour jupe et crochet anti-vol\" \/>\n<meta name=\"robots\" content=\"index, follow, max-snippet:-1, max-image-preview:large, max-video-preview:-1\" \/>\n<link rel=\"canonical\" href=\"https:\/\/www.jbh.be\/?page_id=546\" \/>\n<meta property=\"og:locale\" content=\"fr_FR\" \/>\n<meta property=\"og:type\" content=\"article\" \/>\n<meta property=\"og:title\" content=\"Cintres - JBH International\" \/>\n<meta property=\"og:description\" content=\"Cintres en plastique noirs offrant un rapport qualit\u00e9 prix id\u00e9al.Design \u00e0 \u00e9paules larges avec barre et crochets pour jupe et crochet anti-vol\" \/>\n<meta property=\"og:url\" content=\"https:\/\/www.jbh.be\/?page_id=546\" \/>\n<meta property=\"og:site_name\" content=\"JBH International\" \/>\n<meta property=\"article:modified_time\" content=\"2021-05-21T08:10:38+00:00\" \/>\n<meta property=\"og:image\" content=\"https:\/\/i2.wp.com\/www.jbh.be\/wp-content\/uploads\/2021\/05\/AP01_01.jpg?ssl=1\" \/>\n<meta name=\"twitter:card\" content=\"summary_large_image\" \/>\n<meta name=\"twitter:label1\" content=\"Dur\u00e9e de lecture est.\">\n\t<meta name=\"twitter:data1\" content=\"1 minute\">\n<script type=\"application\/ld+json\" class=\"yoast-schema-graph\">{\"@context\":\"https:\/\/schema.org\",\"@graph\":[{\"@type\":\"WebSite\",\"@id\":\"https:\/\/www.jbh.be\/#website\",\"url\":\"https:\/\/www.jbh.be\/\",\"name\":\"JBH International\",\"description\":\"Produit d&#039;accueil et \\u00e9quipement pour h\\u00f4tel - Cosmetische en onthaalproducten\",\"potentialAction\":[{\"@type\":\"SearchAction\",\"target\":\"https:\/\/www.jbh.be\/?s={search_term_string}\",\"query-input\":\"required name=search_term_string\"}],\"inLanguage\":\"fr-FR\"},{\"@type\":\"ImageObject\",\"@id\":\"https:\/\/www.jbh.be\/?page_id=546#primaryimage\",\"inLanguage\":\"fr-FR\",\"url\":\"https:\/\/i2.wp.com\/www.jbh.be\/wp-content\/uploads\/2021\/05\/AP01_01.jpg?ssl=1\",\"contentUrl\":\"https:\/\/i2.wp.com\/www.jbh.be\/wp-content\/uploads\/2021\/05\/AP01_01.jpg?ssl=1\"},{\"@type\":\"WebPage\",\"@id\":\"https:\/\/www.jbh.be\/?page_id=546#webpage\",\"url\":\"https:\/\/www.jbh.be\/?page_id=546\",\"name\":\"Cintres - JBH International\",\"isPartOf\":{\"@id\":\"https:\/\/www.jbh.be\/#website\"},\"primaryImageOfPage\":{\"@id\":\"https:\/\/www.jbh.be\/?page_id=546#primaryimage\"},\"datePublished\":\"2021-05-21T08:03:06+00:00\",\"dateModified\":\"2021-05-21T08:10:38+00:00\",\"description\":\"Cintres en plastique noirs offrant un rapport qualit\\u00e9 prix id\\u00e9al.Design \\u00e0 \\u00e9paules larges avec barre et crochets pour jupe et crochet anti-vol\",\"breadcrumb\":{\"@id\":\"https:\/\/www.jbh.be\/?page_id=546#breadcrumb\"},\"inLanguage\":\"fr-FR\",\"potentialAction\":[{\"@type\":\"ReadAction\",\"target\":[\"https:\/\/www.jbh.be\/?page_id=546\"]}]},{\"@type\":\"BreadcrumbList\",\"@id\":\"https:\/\/www.jbh.be\/?page_id=546#breadcrumb\",\"itemListElement\":[{\"@type\":\"ListItem\",\"position\":1,\"item\":{\"@type\":\"WebPage\",\"@id\":\"https:\/\/www.jbh.be\/\",\"url\":\"https:\/\/www.jbh.be\/\",\"name\":\"Home\"}},{\"@type\":\"ListItem\",\"position\":2,\"item\":{\"@type\":\"WebPage\",\"@id\":\"https:\/\/www.jbh.be\/?page_id=56\",\"url\":\"https:\/\/www.jbh.be\/?page_id=56\",\"name\":\"Equipement de chambre et salle de bain\"}},{\"@type\":\"ListItem\",\"position\":3,\"item\":{\"@id\":\"https:\/\/www.jbh.be\/?page_id=546#webpage\"}}]}]}<\/script>\n<!-- \/ Yoast SEO plugin. -->","_links":{"self":[{"href":"https:\/\/www.jbh.be\/index.php?rest_route=\/wp\/v2\/pages\/546"}],"collection":[{"href":"https:\/\/www.jbh.be\/index.php?rest_route=\/wp\/v2\/pages"}],"about":[{"href":"https:\/\/www.jbh.be\/index.php?rest_route=\/wp\/v2\/types\/page"}],"author":[{"embeddable":true,"href":"https:\/\/www.jbh.be\/index.php?rest_route=\/wp\/v2\/users\/1"}],"replies":[{"embeddable":true,"href":"https:\/\/www.jbh.be\/index.php?rest_route=%2Fwp%2Fv2%2Fcomments&post=546"}],"version-history":[{"count":3,"href":"https:\/\/www.jbh.be\/index.php?rest_route=\/wp\/v2\/pages\/546\/revisions"}],"predecessor-version":[{"id":555,"href":"https:\/\/www.jbh.be\/index.php?rest_route=\/wp\/v2\/pages\/546\/revisions\/555"}],"up":[{"embeddable":true,"href":"https:\/\/www.jbh.be\/index.php?rest_route=\/wp\/v2\/pages\/56"}],"wp:attachment":[{"href":"https:\/\/www.jbh.be\/index.php?rest_route=%2Fwp%2Fv2%2Fmedia&parent=546"}],"curies":[{"name":"wp","href":"https:\/\/api.w.org\/{rel}","templated":true}]}}