{"id":59,"date":"2020-06-05T15:42:50","date_gmt":"2020-06-05T13:42:50","guid":{"rendered":"https:\/\/www.jbh.be\/?page_id=59"},"modified":"2021-05-21T19:21:09","modified_gmt":"2021-05-21T17:21:09","slug":"accessoires","status":"publish","type":"page","link":"https:\/\/www.jbh.be\/?page_id=59","title":{"rendered":"Accessoires"},"content":{"rendered":"\n<p>Une foule de petits accessoires et des consommables pour compl\u00e9ter l&rsquo;\u00e9quipement propos\u00e9 \u00e0 vos clients. Des petites attentions qui feront la diff\u00e9rence, qui simplifieront et rendront plus agr\u00e9ables leur s\u00e9jour.<\/p>\n\n\n\n<div class=\"wp-block-jetpack-tiled-gallery aligncenter is-style-rectangular\"><div class=\"tiled-gallery__gallery\"><div class=\"tiled-gallery__row\"><div class=\"tiled-gallery__col\" style=\"flex-basis:25.00000%\"><figure class=\"tiled-gallery__item\"><img srcset=\"https:\/\/i1.wp.com\/www.jbh.be\/wp-content\/uploads\/2021\/05\/e010_bk1-1.jpg?strip=info&#038;w=600&#038;ssl=1 600w,https:\/\/i1.wp.com\/www.jbh.be\/wp-content\/uploads\/2021\/05\/e010_bk1-1.jpg?strip=info&#038;w=740&#038;ssl=1 740w\" alt=\"\" data-height=\"740\" data-id=\"614\" data-link=\"https:\/\/www.jbh.be\/?attachment_id=614\" data-url=\"https:\/\/www.jbh.be\/wp-content\/uploads\/2021\/05\/e010_bk1-1.jpg\" data-width=\"570\" src=\"https:\/\/i1.wp.com\/www.jbh.be\/wp-content\/uploads\/2021\/05\/e010_bk1-1.jpg?ssl=1\" data-amp-layout=\"responsive\"\/><\/figure><\/div><div class=\"tiled-gallery__col\" style=\"flex-basis:25.00000%\"><figure class=\"tiled-gallery__item\"><img srcset=\"https:\/\/i2.wp.com\/www.jbh.be\/wp-content\/uploads\/2021\/05\/e09t1.jpg?strip=info&#038;w=600&#038;ssl=1 600w,https:\/\/i2.wp.com\/www.jbh.be\/wp-content\/uploads\/2021\/05\/e09t1.jpg?strip=info&#038;w=740&#038;ssl=1 740w\" alt=\"\" data-height=\"740\" data-id=\"613\" data-link=\"https:\/\/www.jbh.be\/?attachment_id=613\" data-url=\"https:\/\/www.jbh.be\/wp-content\/uploads\/2021\/05\/e09t1.jpg\" data-width=\"570\" src=\"https:\/\/i2.wp.com\/www.jbh.be\/wp-content\/uploads\/2021\/05\/e09t1.jpg?ssl=1\" data-amp-layout=\"responsive\"\/><\/figure><\/div><div class=\"tiled-gallery__col\" style=\"flex-basis:25.00000%\"><figure class=\"tiled-gallery__item\"><img srcset=\"https:\/\/i0.wp.com\/www.jbh.be\/wp-content\/uploads\/2021\/05\/c09t1.jpg?strip=info&#038;w=600&#038;ssl=1 600w,https:\/\/i0.wp.com\/www.jbh.be\/wp-content\/uploads\/2021\/05\/c09t1.jpg?strip=info&#038;w=740&#038;ssl=1 740w\" alt=\"\" data-height=\"740\" data-id=\"612\" data-link=\"https:\/\/www.jbh.be\/?attachment_id=612\" data-url=\"https:\/\/www.jbh.be\/wp-content\/uploads\/2021\/05\/c09t1.jpg\" data-width=\"570\" src=\"https:\/\/i0.wp.com\/www.jbh.be\/wp-content\/uploads\/2021\/05\/c09t1.jpg?ssl=1\" data-amp-layout=\"responsive\"\/><\/figure><\/div><div class=\"tiled-gallery__col\" style=\"flex-basis:25.00000%\"><figure class=\"tiled-gallery__item\"><img srcset=\"https:\/\/i2.wp.com\/www.jbh.be\/wp-content\/uploads\/2021\/05\/g011-1.jpg?strip=info&#038;w=600&#038;ssl=1 600w,https:\/\/i2.wp.com\/www.jbh.be\/wp-content\/uploads\/2021\/05\/g011-1.jpg?strip=info&#038;w=740&#038;ssl=1 740w\" alt=\"\" data-height=\"740\" data-id=\"615\" data-link=\"https:\/\/www.jbh.be\/?attachment_id=615\" data-url=\"https:\/\/www.jbh.be\/wp-content\/uploads\/2021\/05\/g011-1.jpg\" data-width=\"570\" src=\"https:\/\/i2.wp.com\/www.jbh.be\/wp-content\/uploads\/2021\/05\/g011-1.jpg?ssl=1\" data-amp-layout=\"responsive\"\/><\/figure><\/div><\/div><div class=\"tiled-gallery__row\"><div class=\"tiled-gallery__col\" style=\"flex-basis:38.28617%\"><figure class=\"tiled-gallery__item\"><img srcset=\"https:\/\/i0.wp.com\/www.jbh.be\/wp-content\/uploads\/2021\/05\/f05t1.jpg?strip=info&#038;w=596&#038;ssl=1 596w\" alt=\"\" data-height=\"596\" data-id=\"626\" data-link=\"https:\/\/www.jbh.be\/?attachment_id=626\" data-url=\"https:\/\/www.jbh.be\/wp-content\/uploads\/2021\/05\/f05t1.jpg\" data-width=\"570\" src=\"https:\/\/i0.wp.com\/www.jbh.be\/wp-content\/uploads\/2021\/05\/f05t1.jpg?ssl=1\" data-amp-layout=\"responsive\"\/><\/figure><\/div><div class=\"tiled-gallery__col\" style=\"flex-basis:30.85691%\"><figure class=\"tiled-gallery__item\"><img srcset=\"https:\/\/i2.wp.com\/www.jbh.be\/wp-content\/uploads\/2021\/05\/vsc_bk1.jpg?strip=info&#038;w=600&#038;ssl=1 600w,https:\/\/i2.wp.com\/www.jbh.be\/wp-content\/uploads\/2021\/05\/vsc_bk1.jpg?strip=info&#038;w=740&#038;ssl=1 740w\" alt=\"\" data-height=\"740\" data-id=\"621\" data-link=\"https:\/\/www.jbh.be\/?attachment_id=621\" data-url=\"https:\/\/www.jbh.be\/wp-content\/uploads\/2021\/05\/vsc_bk1.jpg\" data-width=\"570\" src=\"https:\/\/i2.wp.com\/www.jbh.be\/wp-content\/uploads\/2021\/05\/vsc_bk1.jpg?ssl=1\" data-amp-layout=\"responsive\"\/><\/figure><\/div><div class=\"tiled-gallery__col\" style=\"flex-basis:30.85691%\"><figure class=\"tiled-gallery__item\"><img srcset=\"https:\/\/i0.wp.com\/www.jbh.be\/wp-content\/uploads\/2021\/05\/sks_bk1.jpg?strip=info&#038;w=600&#038;ssl=1 600w,https:\/\/i0.wp.com\/www.jbh.be\/wp-content\/uploads\/2021\/05\/sks_bk1.jpg?strip=info&#038;w=740&#038;ssl=1 740w\" alt=\"\" data-height=\"740\" data-id=\"619\" data-link=\"https:\/\/www.jbh.be\/?attachment_id=619\" data-url=\"https:\/\/www.jbh.be\/wp-content\/uploads\/2021\/05\/sks_bk1.jpg\" data-width=\"570\" src=\"https:\/\/i0.wp.com\/www.jbh.be\/wp-content\/uploads\/2021\/05\/sks_bk1.jpg?ssl=1\" data-amp-layout=\"responsive\"\/><\/figure><\/div><\/div><div class=\"tiled-gallery__row\"><div class=\"tiled-gallery__col\" style=\"flex-basis:44.53996%\"><figure class=\"tiled-gallery__item\"><img srcset=\"https:\/\/i0.wp.com\/www.jbh.be\/wp-content\/uploads\/2021\/05\/sps_bk1.jpg?strip=info&#038;w=600&#038;ssl=1 600w,https:\/\/i0.wp.com\/www.jbh.be\/wp-content\/uploads\/2021\/05\/sps_bk1.jpg?strip=info&#038;w=740&#038;ssl=1 740w\" alt=\"\" data-height=\"740\" data-id=\"620\" data-link=\"https:\/\/www.jbh.be\/?attachment_id=620\" data-url=\"https:\/\/www.jbh.be\/wp-content\/uploads\/2021\/05\/sps_bk1.jpg\" data-width=\"570\" src=\"https:\/\/i0.wp.com\/www.jbh.be\/wp-content\/uploads\/2021\/05\/sps_bk1.jpg?ssl=1\" data-amp-layout=\"responsive\"\/><\/figure><\/div><div class=\"tiled-gallery__col\" style=\"flex-basis:55.46004%\"><figure class=\"tiled-gallery__item\"><img srcset=\"https:\/\/i0.wp.com\/www.jbh.be\/wp-content\/uploads\/2021\/05\/c_bk1.jpg?strip=info&#038;w=594&#038;ssl=1 594w\" alt=\"\" data-height=\"594\" data-id=\"627\" data-link=\"https:\/\/www.jbh.be\/?attachment_id=627\" data-url=\"https:\/\/www.jbh.be\/wp-content\/uploads\/2021\/05\/c_bk1.jpg\" data-width=\"570\" src=\"https:\/\/i0.wp.com\/www.jbh.be\/wp-content\/uploads\/2021\/05\/c_bk1.jpg?ssl=1\" data-amp-layout=\"responsive\"\/><\/figure><\/div><\/div><div class=\"tiled-gallery__row\"><div class=\"tiled-gallery__col\" style=\"flex-basis:69.65266%\"><figure class=\"tiled-gallery__item\"><img srcset=\"https:\/\/i0.wp.com\/www.jbh.be\/wp-content\/uploads\/2021\/05\/h0211.jpg?strip=info&#038;w=600&#038;ssl=1 600w,https:\/\/i0.wp.com\/www.jbh.be\/wp-content\/uploads\/2021\/05\/h0211.jpg?strip=info&#038;w=740&#038;ssl=1 740w\" alt=\"\" data-height=\"740\" data-id=\"617\" data-link=\"https:\/\/www.jbh.be\/?attachment_id=617\" data-url=\"https:\/\/www.jbh.be\/wp-content\/uploads\/2021\/05\/h0211.jpg\" data-width=\"570\" src=\"https:\/\/i0.wp.com\/www.jbh.be\/wp-content\/uploads\/2021\/05\/h0211.jpg?ssl=1\" data-amp-layout=\"responsive\"\/><\/figure><\/div><div class=\"tiled-gallery__col\" style=\"flex-basis:30.34734%\"><figure class=\"tiled-gallery__item\"><img srcset=\"https:\/\/i1.wp.com\/www.jbh.be\/wp-content\/uploads\/2021\/05\/pantoufle_ourvert.jpg?strip=info&#038;w=600&#038;ssl=1 600w,https:\/\/i1.wp.com\/www.jbh.be\/wp-content\/uploads\/2021\/05\/pantoufle_ourvert.jpg?strip=info&#038;w=734&#038;ssl=1 734w\" alt=\"\" data-height=\"734\" data-id=\"623\" data-link=\"https:\/\/www.jbh.be\/?attachment_id=623\" data-url=\"https:\/\/www.jbh.be\/wp-content\/uploads\/2021\/05\/pantoufle_ourvert.jpg\" data-width=\"734\" src=\"https:\/\/i1.wp.com\/www.jbh.be\/wp-content\/uploads\/2021\/05\/pantoufle_ourvert.jpg?ssl=1\" data-amp-layout=\"responsive\"\/><\/figure><figure class=\"tiled-gallery__item\"><img srcset=\"https:\/\/i2.wp.com\/www.jbh.be\/wp-content\/uploads\/2021\/05\/pantoufle_ferme.jpg?strip=info&#038;w=600&#038;ssl=1 600w,https:\/\/i2.wp.com\/www.jbh.be\/wp-content\/uploads\/2021\/05\/pantoufle_ferme.jpg?strip=info&#038;w=725&#038;ssl=1 725w\" alt=\"\" data-height=\"725\" data-id=\"622\" data-link=\"https:\/\/www.jbh.be\/?attachment_id=622\" data-url=\"https:\/\/www.jbh.be\/wp-content\/uploads\/2021\/05\/pantoufle_ferme.jpg\" data-width=\"754\" src=\"https:\/\/i2.wp.com\/www.jbh.be\/wp-content\/uploads\/2021\/05\/pantoufle_ferme.jpg?ssl=1\" data-amp-layout=\"responsive\"\/><\/figure><figure class=\"tiled-gallery__item\"><img srcset=\"https:\/\/i2.wp.com\/www.jbh.be\/wp-content\/uploads\/2021\/05\/AB14N.jpg?strip=info&#038;w=300&#038;ssl=1 300w\" alt=\"\" data-height=\"300\" data-id=\"628\" data-link=\"https:\/\/www.jbh.be\/?attachment_id=628\" data-url=\"https:\/\/www.jbh.be\/wp-content\/uploads\/2021\/05\/AB14N.jpg\" data-width=\"300\" src=\"https:\/\/i2.wp.com\/www.jbh.be\/wp-content\/uploads\/2021\/05\/AB14N.jpg?ssl=1\" data-amp-layout=\"responsive\"\/><\/figure><\/div><\/div><div class=\"tiled-gallery__row\"><div class=\"tiled-gallery__col\" style=\"flex-basis:39.37574%\"><figure class=\"tiled-gallery__item\"><img srcset=\"https:\/\/i1.wp.com\/www.jbh.be\/wp-content\/uploads\/2021\/05\/AB095TR3.jpg?strip=info&#038;w=273&#038;ssl=1 273w\" alt=\"\" data-height=\"273\" data-id=\"629\" data-link=\"https:\/\/www.jbh.be\/?attachment_id=629\" data-url=\"https:\/\/www.jbh.be\/wp-content\/uploads\/2021\/05\/AB095TR3.jpg\" data-width=\"273\" src=\"https:\/\/i1.wp.com\/www.jbh.be\/wp-content\/uploads\/2021\/05\/AB095TR3.jpg?ssl=1\" data-amp-layout=\"responsive\"\/><\/figure><figure class=\"tiled-gallery__item\"><img srcset=\"https:\/\/i0.wp.com\/www.jbh.be\/wp-content\/uploads\/2021\/05\/AB50TR3-jbh.jpg?strip=info&#038;w=600&#038;ssl=1 600w,https:\/\/i0.wp.com\/www.jbh.be\/wp-content\/uploads\/2021\/05\/AB50TR3-jbh.jpg?strip=info&#038;w=900&#038;ssl=1 900w,https:\/\/i0.wp.com\/www.jbh.be\/wp-content\/uploads\/2021\/05\/AB50TR3-jbh.jpg?strip=info&#038;w=990&#038;ssl=1 990w\" alt=\"\" data-height=\"990\" data-id=\"630\" data-link=\"https:\/\/www.jbh.be\/?attachment_id=630\" data-url=\"https:\/\/www.jbh.be\/wp-content\/uploads\/2021\/05\/AB50TR3-jbh.jpg\" data-width=\"1000\" src=\"https:\/\/i0.wp.com\/www.jbh.be\/wp-content\/uploads\/2021\/05\/AB50TR3-jbh.jpg?ssl=1\" data-amp-layout=\"responsive\"\/><\/figure><\/div><div class=\"tiled-gallery__col\" style=\"flex-basis:60.62426%\"><figure class=\"tiled-gallery__item\"><img srcset=\"https:\/\/i2.wp.com\/www.jbh.be\/wp-content\/uploads\/2021\/05\/i05s1.jpg?strip=info&#038;w=600&#038;ssl=1 600w,https:\/\/i2.wp.com\/www.jbh.be\/wp-content\/uploads\/2021\/05\/i05s1.jpg?strip=info&#038;w=740&#038;ssl=1 740w\" alt=\"\" data-height=\"740\" data-id=\"618\" data-link=\"https:\/\/www.jbh.be\/?attachment_id=618\" data-url=\"https:\/\/www.jbh.be\/wp-content\/uploads\/2021\/05\/i05s1.jpg\" data-width=\"570\" src=\"https:\/\/i2.wp.com\/www.jbh.be\/wp-content\/uploads\/2021\/05\/i05s1.jpg?ssl=1\" data-amp-layout=\"responsive\"\/><\/figure><\/div><\/div><div class=\"tiled-gallery__row\"><div class=\"tiled-gallery__col\" style=\"flex-basis:50.00000%\"><figure class=\"tiled-gallery__item\"><img srcset=\"https:\/\/i1.wp.com\/www.jbh.be\/wp-content\/uploads\/2021\/05\/g06n1.jpg?strip=info&#038;w=600&#038;ssl=1 600w,https:\/\/i1.wp.com\/www.jbh.be\/wp-content\/uploads\/2021\/05\/g06n1.jpg?strip=info&#038;w=740&#038;ssl=1 740w\" alt=\"\" data-height=\"740\" data-id=\"631\" data-link=\"https:\/\/www.jbh.be\/?attachment_id=631\" data-url=\"https:\/\/www.jbh.be\/wp-content\/uploads\/2021\/05\/g06n1.jpg\" data-width=\"570\" src=\"https:\/\/i1.wp.com\/www.jbh.be\/wp-content\/uploads\/2021\/05\/g06n1.jpg?ssl=1\" data-amp-layout=\"responsive\"\/><\/figure><\/div><div class=\"tiled-gallery__col\" style=\"flex-basis:50.00000%\"><figure class=\"tiled-gallery__item\"><img srcset=\"https:\/\/i2.wp.com\/www.jbh.be\/wp-content\/uploads\/2021\/05\/g08n1.jpg?strip=info&#038;w=600&#038;ssl=1 600w,https:\/\/i2.wp.com\/www.jbh.be\/wp-content\/uploads\/2021\/05\/g08n1.jpg?strip=info&#038;w=740&#038;ssl=1 740w\" alt=\"\" data-height=\"740\" data-id=\"632\" data-link=\"https:\/\/www.jbh.be\/?attachment_id=632\" data-url=\"https:\/\/www.jbh.be\/wp-content\/uploads\/2021\/05\/g08n1.jpg\" data-width=\"570\" src=\"https:\/\/i2.wp.com\/www.jbh.be\/wp-content\/uploads\/2021\/05\/g08n1.jpg?ssl=1\" data-amp-layout=\"responsive\"\/><\/figure><\/div><\/div><\/div><\/div>\n\n\n\n<figure class=\"wp-block-table is-style-stripes\"><table class=\"has-subtle-light-gray-background-color has-background\"><tbody><tr><td><strong>Description<\/strong><\/td><td><strong>Code<\/strong><\/td><td><strong>Qt\u00e9\/carton<\/strong><\/td><\/tr><tr><td>Set de rasage sous sous sachet transparent 1 rasoir double lame<br>+ 1 sachet de cr\u00e8me \u00e0 raser 5ml<\/td><td>E010T<\/td><td>100<\/td><\/tr><tr><td>Set dentaire sous sachet transparent 1 brosse \u00e0 dent 14cm<br>+ 1 sachet de dentifrice 3 ml<\/td><td>E09T<\/td><td>200<\/td><\/tr><tr><td>Peigne transparent 13 cm sous sachet transparent<\/td><td>CT09<\/td><td>200<\/td><\/tr><tr><td>Gobelet plastique 23 cl souple ECO sous sachet plastique scell\u00e9<\/td><td>AQ41<\/td><td>2000<\/td><\/tr><tr><td>Gobelet plastique 23 cl sous sachet plastique scell\u00e9<\/td><td>G02<\/td><td>700<\/td><\/tr><tr><td>Gobelet plastique 23 cl rigide sous sachet plastique scell\u00e9<\/td><td>G01<\/td><td>600<\/td><\/tr><tr><td>Chausse pied 15 cm transparent satin\u00e9<\/td><td>F05T<\/td><td>100<\/td><\/tr><tr><td>Vanity kit : 4 cotons tiges, 3 disques \u00e0 d\u00e9maquiller et 1 lime \u00e0 ongles<br>sous sachet transparent<\/td><td>VSC<\/td><td>500<\/td><\/tr><tr><td>Set de couture sous sachet transparent<\/td><td>SKS<\/td><td>2500<\/td><\/tr><tr><td>Eponge \u00e0 chaussures sous sachet transparent<\/td><td>SPS<\/td><td>360<\/td><\/tr><tr><td>Bonnet de douche sous sachet transparent<\/td><td>CBK<\/td><td>2000<\/td><\/tr><tr><td>Carte&nbsp;\u201cNe pas d\u00e9ranger\u201d&nbsp;2 couleurs sur fond blanc<\/td><td>H021<\/td><td>50<\/td><\/tr><tr><td>Paire de pantoufles blanches en coton bouts ouverts<\/td><td>PB100<\/td><td>100<\/td><\/tr><tr><td>Paire de pantoufles blanches en coton bouts ferm\u00e9s<\/td><td>AQ50<\/td><td>100<\/td><\/tr><tr><td>Serviette lustrante sous sachet<\/td><td>AB14N<\/td><td>1000<\/td><\/tr><tr><td>Lingette rafra\u00eechissante au citron<\/td><td>AB095TR3<\/td><td>1000<\/td><\/tr><tr><td>Lingette rafra\u00eechissante au th\u00e9<\/td><td>AB50TR3<\/td><td>800<\/td><\/tr><tr><td>Sac \u00e0 linge 40&#215;60 cm<br>en plastique biod\u00e9gradable<br>avec bande de fermeture d\u00e9tachable<\/td><td>SL1000<\/td><td>1000<\/td><\/tr><tr><td>Sac verre \u00e0 dent (13,5&#215;18 cm)<\/td><td>SVD1000<\/td><td>1000<\/td><\/tr><tr><td>Sac hygi\u00e8ne (11&#215;25 cm)<\/td><td>SH1000<\/td><td>1000<\/td><\/tr><tr><td>Bande Aseptique WC (44,5&#215;4 cm)<\/td><td>BWC1000<\/td><td>1000<\/td><\/tr><tr><td>Display en plastique pour sacs hygi\u00e8nes<br>Blanc<br>Chrom\u00e9<\/td><td><br>A58401<br>A58400<\/td><td><br>24<br>24<\/td><\/tr><tr><td>Recharge de 25 sacs hygi\u00ebne<\/td><td>RSH50<\/td><td>50<\/td><\/tr><tr><td>Display en plastique pour boite de mouchoirs<br>Blanc<br>Chrom\u00e9<\/td><td><br>A58801<br>A58800<\/td><td><br>20<br>20<\/td><\/tr><tr><td>Recharge de 100 mouchoirs 2 plis<\/td><td>RM040<\/td><td>40<\/td><\/tr><\/tbody><\/table><\/figure>\n","protected":false},"excerpt":{"rendered":"<p>Une foule de petits accessoires et des consommables pour compl\u00e9ter l&rsquo;\u00e9quipement propos\u00e9 \u00e0 vos clients. Des petites attentions qui feront la diff\u00e9rence, qui simplifieront et rendront plus agr\u00e9ables leur s\u00e9jour. Description Code Qt\u00e9\/carton Set de rasage sous sous sachet transparent 1 rasoir double lame+ 1 sachet de cr\u00e8me \u00e0 raser 5ml E010T 100 Set dentaire [&hellip;]<\/p>\n","protected":false},"author":1,"featured_media":62,"parent":0,"menu_order":0,"comment_status":"closed","ping_status":"closed","template":"template-fullwidth.php","meta":{"spay_email":""},"yoast_head":"<!-- This site is optimized with the Yoast SEO plugin v16.3 - https:\/\/yoast.com\/wordpress\/plugins\/seo\/ -->\n<title>Accessoires - JBH International<\/title>\n<meta name=\"description\" content=\"Un grand choix de petits accessoires et des consommables pour compl\u00e9ter l&#039;\u00e9quipement propos\u00e9 \u00e0 vos clients et leur rendre le s\u00e9jour plus agr\u00e9able.\" \/>\n<meta name=\"robots\" content=\"index, follow, max-snippet:-1, max-image-preview:large, max-video-preview:-1\" \/>\n<link rel=\"canonical\" href=\"https:\/\/www.jbh.be\/?page_id=59\" \/>\n<meta property=\"og:locale\" content=\"fr_FR\" \/>\n<meta property=\"og:type\" content=\"article\" \/>\n<meta property=\"og:title\" content=\"Accessoires - JBH International\" \/>\n<meta property=\"og:description\" content=\"Un grand choix de petits accessoires et des consommables pour compl\u00e9ter l&#039;\u00e9quipement propos\u00e9 \u00e0 vos clients et leur rendre le s\u00e9jour plus agr\u00e9able.\" \/>\n<meta property=\"og:url\" content=\"https:\/\/www.jbh.be\/?page_id=59\" \/>\n<meta property=\"og:site_name\" content=\"JBH International\" \/>\n<meta property=\"article:modified_time\" content=\"2021-05-21T17:21:09+00:00\" \/>\n<meta property=\"og:image\" content=\"https:\/\/www.jbh.be\/wp-content\/uploads\/2020\/06\/confort-xl.jpg\" \/>\n\t<meta property=\"og:image:width\" content=\"870\" \/>\n\t<meta property=\"og:image:height\" content=\"217\" \/>\n<meta name=\"twitter:card\" content=\"summary_large_image\" \/>\n<meta name=\"twitter:label1\" content=\"Dur\u00e9e de lecture est.\">\n\t<meta name=\"twitter:data1\" content=\"5 minutes\">\n<script type=\"application\/ld+json\" class=\"yoast-schema-graph\">{\"@context\":\"https:\/\/schema.org\",\"@graph\":[{\"@type\":\"WebSite\",\"@id\":\"https:\/\/www.jbh.be\/#website\",\"url\":\"https:\/\/www.jbh.be\/\",\"name\":\"JBH International\",\"description\":\"Produit d&#039;accueil et \\u00e9quipement pour h\\u00f4tel - Cosmetische en onthaalproducten\",\"potentialAction\":[{\"@type\":\"SearchAction\",\"target\":\"https:\/\/www.jbh.be\/?s={search_term_string}\",\"query-input\":\"required name=search_term_string\"}],\"inLanguage\":\"fr-FR\"},{\"@type\":\"ImageObject\",\"@id\":\"https:\/\/www.jbh.be\/?page_id=59#primaryimage\",\"inLanguage\":\"fr-FR\",\"url\":\"https:\/\/i2.wp.com\/www.jbh.be\/wp-content\/uploads\/2020\/06\/confort-xl.jpg?fit=870%2C217&ssl=1\",\"contentUrl\":\"https:\/\/i2.wp.com\/www.jbh.be\/wp-content\/uploads\/2020\/06\/confort-xl.jpg?fit=870%2C217&ssl=1\",\"width\":870,\"height\":217},{\"@type\":\"WebPage\",\"@id\":\"https:\/\/www.jbh.be\/?page_id=59#webpage\",\"url\":\"https:\/\/www.jbh.be\/?page_id=59\",\"name\":\"Accessoires - JBH International\",\"isPartOf\":{\"@id\":\"https:\/\/www.jbh.be\/#website\"},\"primaryImageOfPage\":{\"@id\":\"https:\/\/www.jbh.be\/?page_id=59#primaryimage\"},\"datePublished\":\"2020-06-05T13:42:50+00:00\",\"dateModified\":\"2021-05-21T17:21:09+00:00\",\"description\":\"Un grand choix de petits accessoires et des consommables pour compl\\u00e9ter l'\\u00e9quipement propos\\u00e9 \\u00e0 vos clients et leur rendre le s\\u00e9jour plus agr\\u00e9able.\",\"breadcrumb\":{\"@id\":\"https:\/\/www.jbh.be\/?page_id=59#breadcrumb\"},\"inLanguage\":\"fr-FR\",\"potentialAction\":[{\"@type\":\"ReadAction\",\"target\":[\"https:\/\/www.jbh.be\/?page_id=59\"]}]},{\"@type\":\"BreadcrumbList\",\"@id\":\"https:\/\/www.jbh.be\/?page_id=59#breadcrumb\",\"itemListElement\":[{\"@type\":\"ListItem\",\"position\":1,\"item\":{\"@type\":\"WebPage\",\"@id\":\"https:\/\/www.jbh.be\/\",\"url\":\"https:\/\/www.jbh.be\/\",\"name\":\"Home\"}},{\"@type\":\"ListItem\",\"position\":2,\"item\":{\"@id\":\"https:\/\/www.jbh.be\/?page_id=59#webpage\"}}]}]}<\/script>\n<!-- \/ Yoast SEO plugin. -->","_links":{"self":[{"href":"https:\/\/www.jbh.be\/index.php?rest_route=\/wp\/v2\/pages\/59"}],"collection":[{"href":"https:\/\/www.jbh.be\/index.php?rest_route=\/wp\/v2\/pages"}],"about":[{"href":"https:\/\/www.jbh.be\/index.php?rest_route=\/wp\/v2\/types\/page"}],"author":[{"embeddable":true,"href":"https:\/\/www.jbh.be\/index.php?rest_route=\/wp\/v2\/users\/1"}],"replies":[{"embeddable":true,"href":"https:\/\/www.jbh.be\/index.php?rest_route=%2Fwp%2Fv2%2Fcomments&post=59"}],"version-history":[{"count":8,"href":"https:\/\/www.jbh.be\/index.php?rest_route=\/wp\/v2\/pages\/59\/revisions"}],"predecessor-version":[{"id":642,"href":"https:\/\/www.jbh.be\/index.php?rest_route=\/wp\/v2\/pages\/59\/revisions\/642"}],"wp:featuredmedia":[{"embeddable":true,"href":"https:\/\/www.jbh.be\/index.php?rest_route=\/wp\/v2\/media\/62"}],"wp:attachment":[{"href":"https:\/\/www.jbh.be\/index.php?rest_route=%2Fwp%2Fv2%2Fmedia&parent=59"}],"curies":[{"name":"wp","href":"https:\/\/api.w.org\/{rel}","templated":true}]}}