{"id":640,"date":"2021-05-21T19:25:32","date_gmt":"2021-05-21T17:25:32","guid":{"rendered":"https:\/\/www.jbh.be\/?page_id=640"},"modified":"2021-05-21T19:28:03","modified_gmt":"2021-05-21T17:28:03","slug":"aanvullende-producten","status":"publish","type":"page","link":"https:\/\/www.jbh.be\/?page_id=640&lang=nl","title":{"rendered":"Aanvullende producten"},"content":{"rendered":"\n<p>Une foule de petits accessoires et des consommables pour compl\u00e9ter l&rsquo;\u00e9quipement propos\u00e9 \u00e0 vos clients. Des petites attentions qui feront la diff\u00e9rence, qui simplifieront et rendront plus agr\u00e9ables leur s\u00e9jour.<\/p>\n\n\n\n<div class=\"wp-block-jetpack-tiled-gallery aligncenter is-style-rectangular\"><div class=\"tiled-gallery__gallery\"><div class=\"tiled-gallery__row\"><div class=\"tiled-gallery__col\" style=\"flex-basis:25.00000%\"><figure class=\"tiled-gallery__item\"><img srcset=\"https:\/\/i1.wp.com\/www.jbh.be\/wp-content\/uploads\/2021\/05\/e010_bk1-1.jpg?strip=info&#038;w=600&#038;ssl=1 600w,https:\/\/i1.wp.com\/www.jbh.be\/wp-content\/uploads\/2021\/05\/e010_bk1-1.jpg?strip=info&#038;w=740&#038;ssl=1 740w\" alt=\"\" data-height=\"740\" data-id=\"614\" data-link=\"https:\/\/www.jbh.be\/?attachment_id=614\" data-url=\"https:\/\/www.jbh.be\/wp-content\/uploads\/2021\/05\/e010_bk1-1.jpg\" data-width=\"570\" src=\"https:\/\/i1.wp.com\/www.jbh.be\/wp-content\/uploads\/2021\/05\/e010_bk1-1.jpg?ssl=1\" data-amp-layout=\"responsive\"\/><\/figure><\/div><div class=\"tiled-gallery__col\" style=\"flex-basis:25.00000%\"><figure class=\"tiled-gallery__item\"><img srcset=\"https:\/\/i2.wp.com\/www.jbh.be\/wp-content\/uploads\/2021\/05\/e09t1.jpg?strip=info&#038;w=600&#038;ssl=1 600w,https:\/\/i2.wp.com\/www.jbh.be\/wp-content\/uploads\/2021\/05\/e09t1.jpg?strip=info&#038;w=740&#038;ssl=1 740w\" alt=\"\" data-height=\"740\" data-id=\"613\" data-link=\"https:\/\/www.jbh.be\/?attachment_id=613\" data-url=\"https:\/\/www.jbh.be\/wp-content\/uploads\/2021\/05\/e09t1.jpg\" data-width=\"570\" src=\"https:\/\/i2.wp.com\/www.jbh.be\/wp-content\/uploads\/2021\/05\/e09t1.jpg?ssl=1\" data-amp-layout=\"responsive\"\/><\/figure><\/div><div class=\"tiled-gallery__col\" style=\"flex-basis:25.00000%\"><figure class=\"tiled-gallery__item\"><img srcset=\"https:\/\/i0.wp.com\/www.jbh.be\/wp-content\/uploads\/2021\/05\/c09t1.jpg?strip=info&#038;w=600&#038;ssl=1 600w,https:\/\/i0.wp.com\/www.jbh.be\/wp-content\/uploads\/2021\/05\/c09t1.jpg?strip=info&#038;w=740&#038;ssl=1 740w\" alt=\"\" data-height=\"740\" data-id=\"612\" data-link=\"https:\/\/www.jbh.be\/?attachment_id=612\" data-url=\"https:\/\/www.jbh.be\/wp-content\/uploads\/2021\/05\/c09t1.jpg\" data-width=\"570\" src=\"https:\/\/i0.wp.com\/www.jbh.be\/wp-content\/uploads\/2021\/05\/c09t1.jpg?ssl=1\" data-amp-layout=\"responsive\"\/><\/figure><\/div><div class=\"tiled-gallery__col\" style=\"flex-basis:25.00000%\"><figure class=\"tiled-gallery__item\"><img srcset=\"https:\/\/i2.wp.com\/www.jbh.be\/wp-content\/uploads\/2021\/05\/g011-1.jpg?strip=info&#038;w=600&#038;ssl=1 600w,https:\/\/i2.wp.com\/www.jbh.be\/wp-content\/uploads\/2021\/05\/g011-1.jpg?strip=info&#038;w=740&#038;ssl=1 740w\" alt=\"\" data-height=\"740\" data-id=\"615\" data-link=\"https:\/\/www.jbh.be\/?attachment_id=615\" data-url=\"https:\/\/www.jbh.be\/wp-content\/uploads\/2021\/05\/g011-1.jpg\" data-width=\"570\" src=\"https:\/\/i2.wp.com\/www.jbh.be\/wp-content\/uploads\/2021\/05\/g011-1.jpg?ssl=1\" data-amp-layout=\"responsive\"\/><\/figure><\/div><\/div><div class=\"tiled-gallery__row\"><div class=\"tiled-gallery__col\" style=\"flex-basis:38.28617%\"><figure class=\"tiled-gallery__item\"><img srcset=\"https:\/\/i0.wp.com\/www.jbh.be\/wp-content\/uploads\/2021\/05\/f05t1.jpg?strip=info&#038;w=596&#038;ssl=1 596w\" alt=\"\" data-height=\"596\" data-id=\"626\" data-link=\"https:\/\/www.jbh.be\/?attachment_id=626\" data-url=\"https:\/\/www.jbh.be\/wp-content\/uploads\/2021\/05\/f05t1.jpg\" data-width=\"570\" src=\"https:\/\/i0.wp.com\/www.jbh.be\/wp-content\/uploads\/2021\/05\/f05t1.jpg?ssl=1\" data-amp-layout=\"responsive\"\/><\/figure><\/div><div class=\"tiled-gallery__col\" style=\"flex-basis:30.85691%\"><figure class=\"tiled-gallery__item\"><img srcset=\"https:\/\/i2.wp.com\/www.jbh.be\/wp-content\/uploads\/2021\/05\/vsc_bk1.jpg?strip=info&#038;w=600&#038;ssl=1 600w,https:\/\/i2.wp.com\/www.jbh.be\/wp-content\/uploads\/2021\/05\/vsc_bk1.jpg?strip=info&#038;w=740&#038;ssl=1 740w\" alt=\"\" data-height=\"740\" data-id=\"621\" data-link=\"https:\/\/www.jbh.be\/?attachment_id=621\" data-url=\"https:\/\/www.jbh.be\/wp-content\/uploads\/2021\/05\/vsc_bk1.jpg\" data-width=\"570\" src=\"https:\/\/i2.wp.com\/www.jbh.be\/wp-content\/uploads\/2021\/05\/vsc_bk1.jpg?ssl=1\" data-amp-layout=\"responsive\"\/><\/figure><\/div><div class=\"tiled-gallery__col\" style=\"flex-basis:30.85691%\"><figure class=\"tiled-gallery__item\"><img srcset=\"https:\/\/i0.wp.com\/www.jbh.be\/wp-content\/uploads\/2021\/05\/sks_bk1.jpg?strip=info&#038;w=600&#038;ssl=1 600w,https:\/\/i0.wp.com\/www.jbh.be\/wp-content\/uploads\/2021\/05\/sks_bk1.jpg?strip=info&#038;w=740&#038;ssl=1 740w\" alt=\"\" data-height=\"740\" data-id=\"619\" data-link=\"https:\/\/www.jbh.be\/?attachment_id=619\" data-url=\"https:\/\/www.jbh.be\/wp-content\/uploads\/2021\/05\/sks_bk1.jpg\" data-width=\"570\" src=\"https:\/\/i0.wp.com\/www.jbh.be\/wp-content\/uploads\/2021\/05\/sks_bk1.jpg?ssl=1\" data-amp-layout=\"responsive\"\/><\/figure><\/div><\/div><div class=\"tiled-gallery__row\"><div class=\"tiled-gallery__col\" style=\"flex-basis:44.53996%\"><figure class=\"tiled-gallery__item\"><img srcset=\"https:\/\/i0.wp.com\/www.jbh.be\/wp-content\/uploads\/2021\/05\/sps_bk1.jpg?strip=info&#038;w=600&#038;ssl=1 600w,https:\/\/i0.wp.com\/www.jbh.be\/wp-content\/uploads\/2021\/05\/sps_bk1.jpg?strip=info&#038;w=740&#038;ssl=1 740w\" alt=\"\" data-height=\"740\" data-id=\"620\" data-link=\"https:\/\/www.jbh.be\/?attachment_id=620\" data-url=\"https:\/\/www.jbh.be\/wp-content\/uploads\/2021\/05\/sps_bk1.jpg\" data-width=\"570\" src=\"https:\/\/i0.wp.com\/www.jbh.be\/wp-content\/uploads\/2021\/05\/sps_bk1.jpg?ssl=1\" data-amp-layout=\"responsive\"\/><\/figure><\/div><div class=\"tiled-gallery__col\" style=\"flex-basis:55.46004%\"><figure class=\"tiled-gallery__item\"><img srcset=\"https:\/\/i0.wp.com\/www.jbh.be\/wp-content\/uploads\/2021\/05\/c_bk1.jpg?strip=info&#038;w=594&#038;ssl=1 594w\" alt=\"\" data-height=\"594\" data-id=\"627\" data-link=\"https:\/\/www.jbh.be\/?attachment_id=627\" data-url=\"https:\/\/www.jbh.be\/wp-content\/uploads\/2021\/05\/c_bk1.jpg\" data-width=\"570\" src=\"https:\/\/i0.wp.com\/www.jbh.be\/wp-content\/uploads\/2021\/05\/c_bk1.jpg?ssl=1\" data-amp-layout=\"responsive\"\/><\/figure><\/div><\/div><div class=\"tiled-gallery__row\"><div class=\"tiled-gallery__col\" style=\"flex-basis:69.65266%\"><figure class=\"tiled-gallery__item\"><img srcset=\"https:\/\/i0.wp.com\/www.jbh.be\/wp-content\/uploads\/2021\/05\/h0211.jpg?strip=info&#038;w=600&#038;ssl=1 600w,https:\/\/i0.wp.com\/www.jbh.be\/wp-content\/uploads\/2021\/05\/h0211.jpg?strip=info&#038;w=740&#038;ssl=1 740w\" alt=\"\" data-height=\"740\" data-id=\"617\" data-link=\"https:\/\/www.jbh.be\/?attachment_id=617\" data-url=\"https:\/\/www.jbh.be\/wp-content\/uploads\/2021\/05\/h0211.jpg\" data-width=\"570\" src=\"https:\/\/i0.wp.com\/www.jbh.be\/wp-content\/uploads\/2021\/05\/h0211.jpg?ssl=1\" data-amp-layout=\"responsive\"\/><\/figure><\/div><div class=\"tiled-gallery__col\" style=\"flex-basis:30.34734%\"><figure class=\"tiled-gallery__item\"><img srcset=\"https:\/\/i1.wp.com\/www.jbh.be\/wp-content\/uploads\/2021\/05\/pantoufle_ourvert.jpg?strip=info&#038;w=600&#038;ssl=1 600w,https:\/\/i1.wp.com\/www.jbh.be\/wp-content\/uploads\/2021\/05\/pantoufle_ourvert.jpg?strip=info&#038;w=734&#038;ssl=1 734w\" alt=\"\" data-height=\"734\" data-id=\"623\" data-link=\"https:\/\/www.jbh.be\/?attachment_id=623\" data-url=\"https:\/\/www.jbh.be\/wp-content\/uploads\/2021\/05\/pantoufle_ourvert.jpg\" data-width=\"734\" src=\"https:\/\/i1.wp.com\/www.jbh.be\/wp-content\/uploads\/2021\/05\/pantoufle_ourvert.jpg?ssl=1\" data-amp-layout=\"responsive\"\/><\/figure><figure class=\"tiled-gallery__item\"><img srcset=\"https:\/\/i2.wp.com\/www.jbh.be\/wp-content\/uploads\/2021\/05\/pantoufle_ferme.jpg?strip=info&#038;w=600&#038;ssl=1 600w,https:\/\/i2.wp.com\/www.jbh.be\/wp-content\/uploads\/2021\/05\/pantoufle_ferme.jpg?strip=info&#038;w=725&#038;ssl=1 725w\" alt=\"\" data-height=\"725\" data-id=\"622\" data-link=\"https:\/\/www.jbh.be\/?attachment_id=622\" data-url=\"https:\/\/www.jbh.be\/wp-content\/uploads\/2021\/05\/pantoufle_ferme.jpg\" data-width=\"754\" src=\"https:\/\/i2.wp.com\/www.jbh.be\/wp-content\/uploads\/2021\/05\/pantoufle_ferme.jpg?ssl=1\" data-amp-layout=\"responsive\"\/><\/figure><figure class=\"tiled-gallery__item\"><img srcset=\"https:\/\/i2.wp.com\/www.jbh.be\/wp-content\/uploads\/2021\/05\/AB14N.jpg?strip=info&#038;w=300&#038;ssl=1 300w\" alt=\"\" data-height=\"300\" data-id=\"628\" data-link=\"https:\/\/www.jbh.be\/?attachment_id=628\" data-url=\"https:\/\/www.jbh.be\/wp-content\/uploads\/2021\/05\/AB14N.jpg\" data-width=\"300\" src=\"https:\/\/i2.wp.com\/www.jbh.be\/wp-content\/uploads\/2021\/05\/AB14N.jpg?ssl=1\" data-amp-layout=\"responsive\"\/><\/figure><\/div><\/div><div class=\"tiled-gallery__row\"><div class=\"tiled-gallery__col\" style=\"flex-basis:39.37574%\"><figure class=\"tiled-gallery__item\"><img srcset=\"https:\/\/i1.wp.com\/www.jbh.be\/wp-content\/uploads\/2021\/05\/AB095TR3.jpg?strip=info&#038;w=273&#038;ssl=1 273w\" alt=\"\" data-height=\"273\" data-id=\"629\" data-link=\"https:\/\/www.jbh.be\/?attachment_id=629\" data-url=\"https:\/\/www.jbh.be\/wp-content\/uploads\/2021\/05\/AB095TR3.jpg\" data-width=\"273\" src=\"https:\/\/i1.wp.com\/www.jbh.be\/wp-content\/uploads\/2021\/05\/AB095TR3.jpg?ssl=1\" data-amp-layout=\"responsive\"\/><\/figure><figure class=\"tiled-gallery__item\"><img srcset=\"https:\/\/i0.wp.com\/www.jbh.be\/wp-content\/uploads\/2021\/05\/AB50TR3-jbh.jpg?strip=info&#038;w=600&#038;ssl=1 600w,https:\/\/i0.wp.com\/www.jbh.be\/wp-content\/uploads\/2021\/05\/AB50TR3-jbh.jpg?strip=info&#038;w=900&#038;ssl=1 900w,https:\/\/i0.wp.com\/www.jbh.be\/wp-content\/uploads\/2021\/05\/AB50TR3-jbh.jpg?strip=info&#038;w=990&#038;ssl=1 990w\" alt=\"\" data-height=\"990\" data-id=\"630\" data-link=\"https:\/\/www.jbh.be\/?attachment_id=630\" data-url=\"https:\/\/www.jbh.be\/wp-content\/uploads\/2021\/05\/AB50TR3-jbh.jpg\" data-width=\"1000\" src=\"https:\/\/i0.wp.com\/www.jbh.be\/wp-content\/uploads\/2021\/05\/AB50TR3-jbh.jpg?ssl=1\" data-amp-layout=\"responsive\"\/><\/figure><\/div><div class=\"tiled-gallery__col\" style=\"flex-basis:60.62426%\"><figure class=\"tiled-gallery__item\"><img srcset=\"https:\/\/i2.wp.com\/www.jbh.be\/wp-content\/uploads\/2021\/05\/i05s1.jpg?strip=info&#038;w=600&#038;ssl=1 600w,https:\/\/i2.wp.com\/www.jbh.be\/wp-content\/uploads\/2021\/05\/i05s1.jpg?strip=info&#038;w=740&#038;ssl=1 740w\" alt=\"\" data-height=\"740\" data-id=\"618\" data-link=\"https:\/\/www.jbh.be\/?attachment_id=618\" data-url=\"https:\/\/www.jbh.be\/wp-content\/uploads\/2021\/05\/i05s1.jpg\" data-width=\"570\" src=\"https:\/\/i2.wp.com\/www.jbh.be\/wp-content\/uploads\/2021\/05\/i05s1.jpg?ssl=1\" data-amp-layout=\"responsive\"\/><\/figure><\/div><\/div><div class=\"tiled-gallery__row\"><div class=\"tiled-gallery__col\" style=\"flex-basis:50.00000%\"><figure class=\"tiled-gallery__item\"><img srcset=\"https:\/\/i1.wp.com\/www.jbh.be\/wp-content\/uploads\/2021\/05\/g06n1.jpg?strip=info&#038;w=600&#038;ssl=1 600w,https:\/\/i1.wp.com\/www.jbh.be\/wp-content\/uploads\/2021\/05\/g06n1.jpg?strip=info&#038;w=740&#038;ssl=1 740w\" alt=\"\" data-height=\"740\" data-id=\"631\" data-link=\"https:\/\/www.jbh.be\/?attachment_id=631\" data-url=\"https:\/\/www.jbh.be\/wp-content\/uploads\/2021\/05\/g06n1.jpg\" data-width=\"570\" src=\"https:\/\/i1.wp.com\/www.jbh.be\/wp-content\/uploads\/2021\/05\/g06n1.jpg?ssl=1\" data-amp-layout=\"responsive\"\/><\/figure><\/div><div class=\"tiled-gallery__col\" style=\"flex-basis:50.00000%\"><figure class=\"tiled-gallery__item\"><img srcset=\"https:\/\/i2.wp.com\/www.jbh.be\/wp-content\/uploads\/2021\/05\/g08n1.jpg?strip=info&#038;w=600&#038;ssl=1 600w,https:\/\/i2.wp.com\/www.jbh.be\/wp-content\/uploads\/2021\/05\/g08n1.jpg?strip=info&#038;w=740&#038;ssl=1 740w\" alt=\"\" data-height=\"740\" data-id=\"632\" data-link=\"https:\/\/www.jbh.be\/?attachment_id=632\" data-url=\"https:\/\/www.jbh.be\/wp-content\/uploads\/2021\/05\/g08n1.jpg\" data-width=\"570\" src=\"https:\/\/i2.wp.com\/www.jbh.be\/wp-content\/uploads\/2021\/05\/g08n1.jpg?ssl=1\" data-amp-layout=\"responsive\"\/><\/figure><\/div><\/div><\/div><\/div>\n\n\n\n<figure class=\"wp-block-table is-style-stripes\"><table class=\"has-subtle-light-gray-background-color has-background\"><tbody><tr><td><strong><strong>Omschrijving<\/strong><\/strong><\/td><td><strong>Code<\/strong><\/td><td><strong>Qt\u00e9\/carton<\/strong><\/td><\/tr><tr><td>Scheerset in doorschijnend zakje 1 scheermes dubbel mes<br>+ 1 zakje scheergel 5 ml<\/td><td>E010T<\/td><td>100<\/td><\/tr><tr><td>Tandenzorgset in doorschijnend zakje 1 tandenborstel 15 cm<br>+ 1 zakje tandenpasta 3 ml<\/td><td>E09T<\/td><td>200<\/td><\/tr><tr><td>Doorschijnend kam 13 cm individueel verpakt in doorschijnend zakje<\/td><td>CT09<\/td><td>200<\/td><\/tr><tr><td>Plastiek beker 23 cl individueel verpakt ECO<\/td><td>AQ41<\/td><td>2000<\/td><\/tr><tr><td>Plastiek beker 23 cl individueel verpakt<\/td><td>G02<\/td><td>700<\/td><\/tr><tr><td>Hard plastiek beker 23 cl individueel verpakt<\/td><td>G01<\/td><td>600<\/td><\/tr><tr><td>Doorschijnend schoentrekker 15 cm<\/td><td>F05T<\/td><td>100<\/td><\/tr><tr><td>Vanity kit : 4 oorstokjes, 3 ontschminkking disk en 1 nagelvijl<br>in doorschijnend zakje<\/td><td>VSC<\/td><td>500<\/td><\/tr><tr><td>Naai etui in doorschijnend zakje<\/td><td>SKS<\/td><td>2500<\/td><\/tr><tr><td>Schoenspons in doorschijnend zakje<\/td><td>SPS<\/td><td>360<\/td><\/tr><tr><td>Douchemuts in doorschijnend zakje<\/td><td>CBK<\/td><td>2000<\/td><\/tr><tr><td>\u201cNiet storen\u201d&nbsp;kaart 2 kleuren op wit achtergrond<\/td><td>H021<\/td><td>50<\/td><\/tr><tr><td>Paar witte pantoffels katoen open tenen<\/td><td>PB100<\/td><td>100<\/td><\/tr><tr><td>Paar witte pantoffels katoen gesloten tenen<\/td><td>AQ50<\/td><td>100<\/td><\/tr><tr><td>Schoenpoetsdoekje in zakje<\/td><td>AB14N<\/td><td>1000<\/td><\/tr><tr><td>Verfrissend doekje met citroen<\/td><td>AB095TR3<\/td><td>1000<\/td><\/tr><tr><td>Verfrissend doekje met thee<\/td><td>AB50TR3<\/td><td>800<\/td><\/tr><tr><td>Linnenzak 40&#215;60 cm in biologische afbreekbare plastiek<br>met scheurstrip<\/td><td>SL1000<\/td><td>1000<\/td><\/tr><tr><td>Zakje voor glazen (13,5&#215;18 cm)<\/td><td>SVD1000<\/td><td>1000<\/td><\/tr><tr><td>Hygi\u00ebnische zak (11&#215;25 cm)<\/td><td>SH1000<\/td><td>1000<\/td><\/tr><tr><td>WC aseptische repen (44,5&#215;4 cm)<\/td><td>BWC1000<\/td><td>1000<\/td><\/tr><tr><td>Display in plastiek voor hygi\u00ebnische zakjes<br>Wit<br>Verkroomd<\/td><td><br>A58401<br>A58400<\/td><td><br>24<br>24<\/td><\/tr><tr><td>Navulpak van 25 hygi\u00ebnische zakjes<\/td><td>RSH50<\/td><td>50<\/td><\/tr><tr><td>Display in plastiek voor dozen zakdoeken<br>Wit<br>Verkroomd<\/td><td><br>A58801<br>A58800<\/td><td><br>20<br>20<\/td><\/tr><tr><td>Navulpak van 100 zakdoeken 2 lagen<\/td><td>RM040<\/td><td>40<\/td><\/tr><\/tbody><\/table><\/figure>\n","protected":false},"excerpt":{"rendered":"<p>Une foule de petits accessoires et des consommables pour compl\u00e9ter l&rsquo;\u00e9quipement propos\u00e9 \u00e0 vos clients. Des petites attentions qui feront la diff\u00e9rence, qui simplifieront et rendront plus agr\u00e9ables leur s\u00e9jour. Omschrijving Code Qt\u00e9\/carton Scheerset in doorschijnend zakje 1 scheermes dubbel mes+ 1 zakje scheergel 5 ml E010T 100 Tandenzorgset in doorschijnend zakje 1 tandenborstel 15 [&hellip;]<\/p>\n","protected":false},"author":1,"featured_media":62,"parent":0,"menu_order":0,"comment_status":"closed","ping_status":"closed","template":"template-fullwidth.php","meta":{"spay_email":""},"yoast_head":"<!-- This site is optimized with the Yoast SEO plugin v16.3 - https:\/\/yoast.com\/wordpress\/plugins\/seo\/ -->\n<title>Aanvullende producten - JBH International<\/title>\n<meta name=\"description\" content=\"Un grand choix de petits accessoires et des consommables pour compl\u00e9ter l&#039;\u00e9quipement propos\u00e9 \u00e0 vos clients et leur rendre le s\u00e9jour plus agr\u00e9able.\" \/>\n<meta name=\"robots\" content=\"index, follow, max-snippet:-1, max-image-preview:large, max-video-preview:-1\" \/>\n<link rel=\"canonical\" href=\"https:\/\/www.jbh.be\/?page_id=640&#038;lang=nl\" \/>\n<meta property=\"og:locale\" content=\"fr_FR\" \/>\n<meta property=\"og:type\" content=\"article\" \/>\n<meta property=\"og:title\" content=\"Aanvullende producten - JBH International\" \/>\n<meta property=\"og:description\" content=\"Un grand choix de petits accessoires et des consommables pour compl\u00e9ter l&#039;\u00e9quipement propos\u00e9 \u00e0 vos clients et leur rendre le s\u00e9jour plus agr\u00e9able.\" \/>\n<meta property=\"og:url\" content=\"https:\/\/www.jbh.be\/?page_id=640&amp;lang=nl\" \/>\n<meta property=\"og:site_name\" content=\"JBH International\" \/>\n<meta property=\"article:modified_time\" content=\"2021-05-21T17:28:03+00:00\" \/>\n<meta property=\"og:image\" content=\"https:\/\/www.jbh.be\/wp-content\/uploads\/2020\/06\/confort-xl.jpg\" \/>\n\t<meta property=\"og:image:width\" content=\"870\" \/>\n\t<meta property=\"og:image:height\" content=\"217\" \/>\n<meta name=\"twitter:card\" content=\"summary_large_image\" \/>\n<meta name=\"twitter:label1\" content=\"Dur\u00e9e de lecture est.\">\n\t<meta name=\"twitter:data1\" content=\"5 minutes\">\n<script type=\"application\/ld+json\" class=\"yoast-schema-graph\">{\"@context\":\"https:\/\/schema.org\",\"@graph\":[{\"@type\":\"WebSite\",\"@id\":\"https:\/\/www.jbh.be\/#website\",\"url\":\"https:\/\/www.jbh.be\/\",\"name\":\"JBH International\",\"description\":\"Produit d&#039;accueil et \\u00e9quipement pour h\\u00f4tel - Cosmetische en onthaalproducten\",\"potentialAction\":[{\"@type\":\"SearchAction\",\"target\":\"https:\/\/www.jbh.be\/?s={search_term_string}\",\"query-input\":\"required name=search_term_string\"}],\"inLanguage\":\"fr-FR\"},{\"@type\":\"ImageObject\",\"@id\":\"https:\/\/www.jbh.be\/?page_id=640&lang=nl#primaryimage\",\"inLanguage\":\"fr-FR\",\"url\":\"https:\/\/i2.wp.com\/www.jbh.be\/wp-content\/uploads\/2020\/06\/confort-xl.jpg?fit=870%2C217&ssl=1\",\"contentUrl\":\"https:\/\/i2.wp.com\/www.jbh.be\/wp-content\/uploads\/2020\/06\/confort-xl.jpg?fit=870%2C217&ssl=1\",\"width\":870,\"height\":217},{\"@type\":\"WebPage\",\"@id\":\"https:\/\/www.jbh.be\/?page_id=640&lang=nl#webpage\",\"url\":\"https:\/\/www.jbh.be\/?page_id=640&lang=nl\",\"name\":\"Aanvullende producten - JBH International\",\"isPartOf\":{\"@id\":\"https:\/\/www.jbh.be\/#website\"},\"primaryImageOfPage\":{\"@id\":\"https:\/\/www.jbh.be\/?page_id=640&lang=nl#primaryimage\"},\"datePublished\":\"2021-05-21T17:25:32+00:00\",\"dateModified\":\"2021-05-21T17:28:03+00:00\",\"description\":\"Un grand choix de petits accessoires et des consommables pour compl\\u00e9ter l'\\u00e9quipement propos\\u00e9 \\u00e0 vos clients et leur rendre le s\\u00e9jour plus agr\\u00e9able.\",\"breadcrumb\":{\"@id\":\"https:\/\/www.jbh.be\/?page_id=640&lang=nl#breadcrumb\"},\"inLanguage\":\"fr-FR\",\"potentialAction\":[{\"@type\":\"ReadAction\",\"target\":[\"https:\/\/www.jbh.be\/?page_id=640&lang=nl\"]}]},{\"@type\":\"BreadcrumbList\",\"@id\":\"https:\/\/www.jbh.be\/?page_id=640&lang=nl#breadcrumb\",\"itemListElement\":[{\"@type\":\"ListItem\",\"position\":1,\"item\":{\"@type\":\"WebPage\",\"@id\":\"https:\/\/www.jbh.be\/\",\"url\":\"https:\/\/www.jbh.be\/\",\"name\":\"Home\"}},{\"@type\":\"ListItem\",\"position\":2,\"item\":{\"@id\":\"https:\/\/www.jbh.be\/?page_id=640&lang=nl#webpage\"}}]}]}<\/script>\n<!-- \/ Yoast SEO plugin. -->","_links":{"self":[{"href":"https:\/\/www.jbh.be\/index.php?rest_route=\/wp\/v2\/pages\/640"}],"collection":[{"href":"https:\/\/www.jbh.be\/index.php?rest_route=\/wp\/v2\/pages"}],"about":[{"href":"https:\/\/www.jbh.be\/index.php?rest_route=\/wp\/v2\/types\/page"}],"author":[{"embeddable":true,"href":"https:\/\/www.jbh.be\/index.php?rest_route=\/wp\/v2\/users\/1"}],"replies":[{"embeddable":true,"href":"https:\/\/www.jbh.be\/index.php?rest_route=%2Fwp%2Fv2%2Fcomments&post=640"}],"version-history":[{"count":4,"href":"https:\/\/www.jbh.be\/index.php?rest_route=\/wp\/v2\/pages\/640\/revisions"}],"predecessor-version":[{"id":646,"href":"https:\/\/www.jbh.be\/index.php?rest_route=\/wp\/v2\/pages\/640\/revisions\/646"}],"wp:featuredmedia":[{"embeddable":true,"href":"https:\/\/www.jbh.be\/index.php?rest_route=\/wp\/v2\/media\/62"}],"wp:attachment":[{"href":"https:\/\/www.jbh.be\/index.php?rest_route=%2Fwp%2Fv2%2Fmedia&parent=640"}],"curies":[{"name":"wp","href":"https:\/\/api.w.org\/{rel}","templated":true}]}}