{"id":651,"date":"2021-05-21T19:39:09","date_gmt":"2021-05-21T17:39:09","guid":{"rendered":"https:\/\/www.jbh.be\/?page_id=651"},"modified":"2021-05-21T20:51:05","modified_gmt":"2021-05-21T18:51:05","slug":"collectie-travelcare","status":"publish","type":"page","link":"https:\/\/www.jbh.be\/?page_id=651&lang=nl","title":{"rendered":"Collectie TravelCare"},"content":{"rendered":"\n<p>La nouvelle \u00e9dition de Travel Care se d\u00e9marque par son emballage blanc; la seule touche de couleur vient des tonalit\u00e9s qui ont \u00e9t\u00e9 s\u00e9lectionn\u00e9es pour identifier clairement les diff\u00e9rents \u00e9l\u00e9ments de la gamme. Le nouveau look de la ligne n\u2019a pas oubli\u00e9 l\u2019aspect pratique et simple qui a toujours d\u00e9fini la collection Travel Care.<\/p>\n\n\n\n<div class=\"wp-block-jetpack-tiled-gallery aligncenter is-style-square\"><div class=\"tiled-gallery__gallery\"><div class=\"tiled-gallery__row columns-3\"><div class=\"tiled-gallery__col\"><figure class=\"tiled-gallery__item\"><img srcset=\"https:\/\/i0.wp.com\/www.jbh.be\/wp-content\/uploads\/2020\/08\/AB01STR3-jbh.jpg?resize=600%2C600&#038;strip=info&#038;ssl=1 600w,https:\/\/i0.wp.com\/www.jbh.be\/wp-content\/uploads\/2020\/08\/AB01STR3-jbh.jpg?resize=900%2C900&#038;strip=info&#038;ssl=1 900w,https:\/\/i0.wp.com\/www.jbh.be\/wp-content\/uploads\/2020\/08\/AB01STR3-jbh.jpg?resize=1200%2C1200&#038;strip=info&#038;ssl=1 1200w,https:\/\/i0.wp.com\/www.jbh.be\/wp-content\/uploads\/2020\/08\/AB01STR3-jbh.jpg?resize=1281%2C1281&#038;strip=info&#038;ssl=1 1281w\" alt=\"\" data-height=\"1281\" data-id=\"176\" data-link=\"https:\/\/www.jbh.be\/?attachment_id=176\" data-url=\"https:\/\/www.jbh.be\/wp-content\/uploads\/2020\/08\/AB01STR3-jbh.jpg\" data-width=\"1314\" src=\"https:\/\/i0.wp.com\/www.jbh.be\/wp-content\/uploads\/2020\/08\/AB01STR3-jbh.jpg?ssl=1&amp;resize=1281%2C1281\" data-amp-layout=\"responsive\"\/><\/figure><\/div><div class=\"tiled-gallery__col\"><figure class=\"tiled-gallery__item\"><img srcset=\"https:\/\/i2.wp.com\/www.jbh.be\/wp-content\/uploads\/2020\/08\/AB01BTR3-Jbh.jpg?resize=600%2C600&#038;strip=info&#038;ssl=1 600w,https:\/\/i2.wp.com\/www.jbh.be\/wp-content\/uploads\/2020\/08\/AB01BTR3-Jbh.jpg?resize=900%2C900&#038;strip=info&#038;ssl=1 900w,https:\/\/i2.wp.com\/www.jbh.be\/wp-content\/uploads\/2020\/08\/AB01BTR3-Jbh.jpg?resize=1200%2C1200&#038;strip=info&#038;ssl=1 1200w,https:\/\/i2.wp.com\/www.jbh.be\/wp-content\/uploads\/2020\/08\/AB01BTR3-Jbh.jpg?resize=1214%2C1214&#038;strip=info&#038;ssl=1 1214w\" alt=\"\" data-height=\"1247\" data-id=\"174\" data-link=\"https:\/\/www.jbh.be\/?attachment_id=174\" data-url=\"https:\/\/www.jbh.be\/wp-content\/uploads\/2020\/08\/AB01BTR3-Jbh.jpg\" data-width=\"1214\" src=\"https:\/\/i2.wp.com\/www.jbh.be\/wp-content\/uploads\/2020\/08\/AB01BTR3-Jbh.jpg?ssl=1&amp;resize=1214%2C1214\" data-amp-layout=\"responsive\"\/><\/figure><\/div><div class=\"tiled-gallery__col\"><figure class=\"tiled-gallery__item\"><img srcset=\"https:\/\/i1.wp.com\/www.jbh.be\/wp-content\/uploads\/2020\/08\/AB01MTR3-Jbh.jpg?resize=600%2C600&#038;strip=info&#038;ssl=1 600w,https:\/\/i1.wp.com\/www.jbh.be\/wp-content\/uploads\/2020\/08\/AB01MTR3-Jbh.jpg?resize=900%2C900&#038;strip=info&#038;ssl=1 900w,https:\/\/i1.wp.com\/www.jbh.be\/wp-content\/uploads\/2020\/08\/AB01MTR3-Jbh.jpg?resize=1200%2C1200&#038;strip=info&#038;ssl=1 1200w,https:\/\/i1.wp.com\/www.jbh.be\/wp-content\/uploads\/2020\/08\/AB01MTR3-Jbh.jpg?resize=1214%2C1214&#038;strip=info&#038;ssl=1 1214w\" alt=\"\" data-height=\"1247\" data-id=\"175\" data-link=\"https:\/\/www.jbh.be\/?attachment_id=175\" data-url=\"https:\/\/www.jbh.be\/wp-content\/uploads\/2020\/08\/AB01MTR3-Jbh.jpg\" data-width=\"1214\" src=\"https:\/\/i1.wp.com\/www.jbh.be\/wp-content\/uploads\/2020\/08\/AB01MTR3-Jbh.jpg?ssl=1&amp;resize=1214%2C1214\" data-amp-layout=\"responsive\"\/><\/figure><\/div><\/div><div class=\"tiled-gallery__row columns-3\"><div class=\"tiled-gallery__col\"><figure class=\"tiled-gallery__item\"><img srcset=\"https:\/\/i0.wp.com\/www.jbh.be\/wp-content\/uploads\/2020\/08\/P20MTR3-jbh.jpg?resize=600%2C600&#038;strip=info&#038;ssl=1 600w,https:\/\/i0.wp.com\/www.jbh.be\/wp-content\/uploads\/2020\/08\/P20MTR3-jbh.jpg?resize=900%2C900&#038;strip=info&#038;ssl=1 900w,https:\/\/i0.wp.com\/www.jbh.be\/wp-content\/uploads\/2020\/08\/P20MTR3-jbh.jpg?resize=1200%2C1200&#038;strip=info&#038;ssl=1 1200w,https:\/\/i0.wp.com\/www.jbh.be\/wp-content\/uploads\/2020\/08\/P20MTR3-jbh.jpg?resize=1414%2C1414&#038;strip=info&#038;ssl=1 1414w\" alt=\"\" data-height=\"1414\" data-id=\"185\" data-link=\"https:\/\/www.jbh.be\/?attachment_id=185\" data-url=\"https:\/\/www.jbh.be\/wp-content\/uploads\/2020\/08\/P20MTR3-jbh.jpg\" data-width=\"1414\" src=\"https:\/\/i0.wp.com\/www.jbh.be\/wp-content\/uploads\/2020\/08\/P20MTR3-jbh.jpg?ssl=1&amp;resize=1414%2C1414\" data-amp-layout=\"responsive\"\/><\/figure><\/div><div class=\"tiled-gallery__col\"><figure class=\"tiled-gallery__item\"><img srcset=\"https:\/\/i2.wp.com\/www.jbh.be\/wp-content\/uploads\/2020\/08\/P30STR3-jbh.jpg?resize=600%2C600&#038;strip=info&#038;ssl=1 600w,https:\/\/i2.wp.com\/www.jbh.be\/wp-content\/uploads\/2020\/08\/P30STR3-jbh.jpg?resize=900%2C900&#038;strip=info&#038;ssl=1 900w,https:\/\/i2.wp.com\/www.jbh.be\/wp-content\/uploads\/2020\/08\/P30STR3-jbh.jpg?resize=1200%2C1200&#038;strip=info&#038;ssl=1 1200w,https:\/\/i2.wp.com\/www.jbh.be\/wp-content\/uploads\/2020\/08\/P30STR3-jbh.jpg?resize=1414%2C1414&#038;strip=info&#038;ssl=1 1414w\" alt=\"\" data-height=\"1414\" data-id=\"190\" data-link=\"https:\/\/www.jbh.be\/?attachment_id=190\" data-url=\"https:\/\/www.jbh.be\/wp-content\/uploads\/2020\/08\/P30STR3-jbh.jpg\" data-width=\"1414\" src=\"https:\/\/i2.wp.com\/www.jbh.be\/wp-content\/uploads\/2020\/08\/P30STR3-jbh.jpg?ssl=1&amp;resize=1414%2C1414\" data-amp-layout=\"responsive\"\/><\/figure><\/div><div class=\"tiled-gallery__col\"><figure class=\"tiled-gallery__item\"><img srcset=\"https:\/\/i1.wp.com\/www.jbh.be\/wp-content\/uploads\/2020\/08\/P30BTR3-jbh.jpg?resize=600%2C600&#038;strip=info&#038;ssl=1 600w,https:\/\/i1.wp.com\/www.jbh.be\/wp-content\/uploads\/2020\/08\/P30BTR3-jbh.jpg?resize=900%2C900&#038;strip=info&#038;ssl=1 900w,https:\/\/i1.wp.com\/www.jbh.be\/wp-content\/uploads\/2020\/08\/P30BTR3-jbh.jpg?resize=1200%2C1200&#038;strip=info&#038;ssl=1 1200w,https:\/\/i1.wp.com\/www.jbh.be\/wp-content\/uploads\/2020\/08\/P30BTR3-jbh.jpg?resize=1414%2C1414&#038;strip=info&#038;ssl=1 1414w\" alt=\"\" data-height=\"1414\" data-id=\"187\" data-link=\"https:\/\/www.jbh.be\/?attachment_id=187\" data-url=\"https:\/\/www.jbh.be\/wp-content\/uploads\/2020\/08\/P30BTR3-jbh.jpg\" data-width=\"1414\" src=\"https:\/\/i1.wp.com\/www.jbh.be\/wp-content\/uploads\/2020\/08\/P30BTR3-jbh.jpg?ssl=1&amp;resize=1414%2C1414\" data-amp-layout=\"responsive\"\/><\/figure><\/div><\/div><div class=\"tiled-gallery__row columns-3\"><div class=\"tiled-gallery__col\"><figure class=\"tiled-gallery__item\"><img srcset=\"https:\/\/i1.wp.com\/www.jbh.be\/wp-content\/uploads\/2020\/08\/P30MTR3-jbh.jpg?resize=600%2C600&#038;strip=info&#038;ssl=1 600w,https:\/\/i1.wp.com\/www.jbh.be\/wp-content\/uploads\/2020\/08\/P30MTR3-jbh.jpg?resize=900%2C900&#038;strip=info&#038;ssl=1 900w,https:\/\/i1.wp.com\/www.jbh.be\/wp-content\/uploads\/2020\/08\/P30MTR3-jbh.jpg?resize=1200%2C1200&#038;strip=info&#038;ssl=1 1200w,https:\/\/i1.wp.com\/www.jbh.be\/wp-content\/uploads\/2020\/08\/P30MTR3-jbh.jpg?resize=1414%2C1414&#038;strip=info&#038;ssl=1 1414w\" alt=\"\" data-height=\"1414\" data-id=\"189\" data-link=\"https:\/\/www.jbh.be\/?attachment_id=189\" data-url=\"https:\/\/www.jbh.be\/wp-content\/uploads\/2020\/08\/P30MTR3-jbh.jpg\" data-width=\"1414\" src=\"https:\/\/i1.wp.com\/www.jbh.be\/wp-content\/uploads\/2020\/08\/P30MTR3-jbh.jpg?ssl=1&amp;resize=1414%2C1414\" data-amp-layout=\"responsive\"\/><\/figure><\/div><div class=\"tiled-gallery__col\"><figure class=\"tiled-gallery__item\"><img srcset=\"https:\/\/i1.wp.com\/www.jbh.be\/wp-content\/uploads\/2020\/08\/P30BLTR3-jbh.jpg?resize=600%2C600&#038;strip=info&#038;ssl=1 600w,https:\/\/i1.wp.com\/www.jbh.be\/wp-content\/uploads\/2020\/08\/P30BLTR3-jbh.jpg?resize=900%2C900&#038;strip=info&#038;ssl=1 900w,https:\/\/i1.wp.com\/www.jbh.be\/wp-content\/uploads\/2020\/08\/P30BLTR3-jbh.jpg?resize=1200%2C1200&#038;strip=info&#038;ssl=1 1200w,https:\/\/i1.wp.com\/www.jbh.be\/wp-content\/uploads\/2020\/08\/P30BLTR3-jbh.jpg?resize=1414%2C1414&#038;strip=info&#038;ssl=1 1414w\" alt=\"\" data-height=\"1414\" data-id=\"186\" data-link=\"https:\/\/www.jbh.be\/?attachment_id=186\" data-url=\"https:\/\/www.jbh.be\/wp-content\/uploads\/2020\/08\/P30BLTR3-jbh.jpg\" data-width=\"1414\" src=\"https:\/\/i1.wp.com\/www.jbh.be\/wp-content\/uploads\/2020\/08\/P30BLTR3-jbh.jpg?ssl=1&amp;resize=1414%2C1414\" data-amp-layout=\"responsive\"\/><\/figure><\/div><div class=\"tiled-gallery__col\"><figure class=\"tiled-gallery__item\"><img srcset=\"https:\/\/i1.wp.com\/www.jbh.be\/wp-content\/uploads\/2020\/08\/B0812TR3-jbh.jpg?resize=600%2C600&#038;strip=info&#038;ssl=1 600w,https:\/\/i1.wp.com\/www.jbh.be\/wp-content\/uploads\/2020\/08\/B0812TR3-jbh.jpg?resize=900%2C900&#038;strip=info&#038;ssl=1 900w,https:\/\/i1.wp.com\/www.jbh.be\/wp-content\/uploads\/2020\/08\/B0812TR3-jbh.jpg?resize=1000%2C1000&#038;strip=info&#038;ssl=1 1000w\" alt=\"\" data-height=\"1000\" data-id=\"180\" data-link=\"https:\/\/www.jbh.be\/?attachment_id=180\" data-url=\"https:\/\/www.jbh.be\/wp-content\/uploads\/2020\/08\/B0812TR3-jbh.jpg\" data-width=\"1000\" src=\"https:\/\/i1.wp.com\/www.jbh.be\/wp-content\/uploads\/2020\/08\/B0812TR3-jbh.jpg?ssl=1&amp;resize=1000%2C1000\" data-amp-layout=\"responsive\"\/><\/figure><\/div><\/div><div class=\"tiled-gallery__row columns-3\"><div class=\"tiled-gallery__col\"><figure class=\"tiled-gallery__item\"><img srcset=\"https:\/\/i2.wp.com\/www.jbh.be\/wp-content\/uploads\/2020\/08\/B1614TR3_jbh.jpg?resize=600%2C600&#038;strip=info&#038;ssl=1 600w,https:\/\/i2.wp.com\/www.jbh.be\/wp-content\/uploads\/2020\/08\/B1614TR3_jbh.jpg?resize=900%2C900&#038;strip=info&#038;ssl=1 900w,https:\/\/i2.wp.com\/www.jbh.be\/wp-content\/uploads\/2020\/08\/B1614TR3_jbh.jpg?resize=1000%2C1000&#038;strip=info&#038;ssl=1 1000w\" alt=\"\" data-height=\"1000\" data-id=\"182\" data-link=\"https:\/\/www.jbh.be\/?attachment_id=182\" data-url=\"https:\/\/www.jbh.be\/wp-content\/uploads\/2020\/08\/B1614TR3_jbh.jpg\" data-width=\"1000\" src=\"https:\/\/i2.wp.com\/www.jbh.be\/wp-content\/uploads\/2020\/08\/B1614TR3_jbh.jpg?ssl=1&amp;resize=1000%2C1000\" data-amp-layout=\"responsive\"\/><\/figure><\/div><div class=\"tiled-gallery__col\"><figure class=\"tiled-gallery__item\"><img srcset=\"https:\/\/i2.wp.com\/www.jbh.be\/wp-content\/uploads\/2020\/08\/B0215TR3-jbh.jpg?resize=600%2C600&#038;strip=info&#038;ssl=1 600w,https:\/\/i2.wp.com\/www.jbh.be\/wp-content\/uploads\/2020\/08\/B0215TR3-jbh.jpg?resize=900%2C900&#038;strip=info&#038;ssl=1 900w,https:\/\/i2.wp.com\/www.jbh.be\/wp-content\/uploads\/2020\/08\/B0215TR3-jbh.jpg?resize=1000%2C1000&#038;strip=info&#038;ssl=1 1000w\" alt=\"\" data-height=\"1000\" data-id=\"179\" data-link=\"https:\/\/www.jbh.be\/?attachment_id=179\" data-url=\"https:\/\/www.jbh.be\/wp-content\/uploads\/2020\/08\/B0215TR3-jbh.jpg\" data-width=\"1000\" src=\"https:\/\/i2.wp.com\/www.jbh.be\/wp-content\/uploads\/2020\/08\/B0215TR3-jbh.jpg?ssl=1&amp;resize=1000%2C1000\" data-amp-layout=\"responsive\"\/><\/figure><\/div><div class=\"tiled-gallery__col\"><figure class=\"tiled-gallery__item\"><img srcset=\"https:\/\/i2.wp.com\/www.jbh.be\/wp-content\/uploads\/2020\/08\/C01STR3-jbh.jpg?resize=600%2C600&#038;strip=info&#038;ssl=1 600w,https:\/\/i2.wp.com\/www.jbh.be\/wp-content\/uploads\/2020\/08\/C01STR3-jbh.jpg?resize=900%2C900&#038;strip=info&#038;ssl=1 900w,https:\/\/i2.wp.com\/www.jbh.be\/wp-content\/uploads\/2020\/08\/C01STR3-jbh.jpg?resize=1191%2C1191&#038;strip=info&#038;ssl=1 1191w\" alt=\"\" data-height=\"1191\" data-id=\"183\" data-link=\"https:\/\/www.jbh.be\/?attachment_id=183\" data-url=\"https:\/\/www.jbh.be\/wp-content\/uploads\/2020\/08\/C01STR3-jbh.jpg\" data-width=\"1214\" src=\"https:\/\/i2.wp.com\/www.jbh.be\/wp-content\/uploads\/2020\/08\/C01STR3-jbh.jpg?ssl=1&amp;resize=1191%2C1191\" data-amp-layout=\"responsive\"\/><\/figure><\/div><\/div><\/div><\/div>\n\n\n\n<figure class=\"wp-block-table is-style-stripes\"><table><thead><tr><th><strong>Omschrijving<\/strong><\/th><th>Kode<\/th><th><strong>Stuks\/doos<\/strong><\/th><\/tr><\/thead><tbody><tr><td>Zakje Shampoo 10 ml<\/td><td>AB01STR3<\/td><td>600<\/td><\/tr><tr><td>Zakje Bad-en Douchegel 10 ml<\/td><td>AB01BTR3<\/td><td>600<\/td><\/tr><tr><td>Zakje Gel voor Huid &amp; Haar 10 ml<\/td><td>AB01MTR3<\/td><td>600<\/td><\/tr><tr><td>Flesje Gel voor Huid &amp; Haar 20 ml<\/td><td>P20MTR3<\/td><td>400<\/td><\/tr><tr><td>Flesje Shampoo 30 ml<\/td><td>P30STR3<\/td><td>300<\/td><\/tr><tr><td>Flesje Bad-en Douchegel 30 ml<\/td><td>P30BTR3<\/td><td>300<\/td><\/tr><tr><td>Flesje Gel voor Huid &amp; Haar 30 ml<\/td><td>P30MTR3<\/td><td>300<\/td><\/tr><tr><td>Flesje Body Lotion 30 ml<\/td><td>P30LTR3<\/td><td>300<\/td><\/tr><tr><td>Zeep 12 gr flow Pack<\/td><td>B0812TR3<\/td><td>500<\/td><\/tr><tr><td>Zeep 14 gr in papier<\/td><td>B1614TR3<\/td><td>500<\/td><\/tr><tr><td>Zeep 15 gr in geplisseerd papier<\/td><td>B0215TR3<\/td><td>280<\/td><\/tr><tr><td>Douchemuts in polyzak<\/td><td>C01STR3<\/td><td>1000<\/td><\/tr><\/tbody><\/table><\/figure>\n\n\n\n<p><\/p>\n","protected":false},"excerpt":{"rendered":"<p>La nouvelle \u00e9dition de Travel Care se d\u00e9marque par son emballage blanc; la seule touche de couleur vient des tonalit\u00e9s qui ont \u00e9t\u00e9 s\u00e9lectionn\u00e9es pour identifier clairement les diff\u00e9rents \u00e9l\u00e9ments de la gamme. Le nouveau look de la ligne n\u2019a pas oubli\u00e9 l\u2019aspect pratique et simple qui a toujours d\u00e9fini la collection Travel Care. Omschrijving [&hellip;]<\/p>\n","protected":false},"author":1,"featured_media":243,"parent":677,"menu_order":0,"comment_status":"closed","ping_status":"closed","template":"template-fullwidth.php","meta":{"spay_email":""},"yoast_head":"<!-- This site is optimized with the Yoast SEO plugin v16.3 - https:\/\/yoast.com\/wordpress\/plugins\/seo\/ -->\n<title>Collectie TravelCare - JBH International<\/title>\n<meta name=\"description\" content=\"La nouvelle \u00e9dition de Travel Care se d\u00e9marque par son emballage blanc et sa touche de couleur d&#039;identification, l\u2019aspect pratique et simple.\" \/>\n<meta name=\"robots\" content=\"index, follow, max-snippet:-1, max-image-preview:large, max-video-preview:-1\" \/>\n<link rel=\"canonical\" href=\"https:\/\/www.jbh.be\/?page_id=651&#038;lang=nl\" \/>\n<meta property=\"og:locale\" content=\"fr_FR\" \/>\n<meta property=\"og:type\" content=\"article\" \/>\n<meta property=\"og:title\" content=\"Collectie TravelCare - JBH International\" \/>\n<meta property=\"og:description\" content=\"La nouvelle \u00e9dition de Travel Care se d\u00e9marque par son emballage blanc et sa touche de couleur d&#039;identification, l\u2019aspect pratique et simple.\" \/>\n<meta property=\"og:url\" content=\"https:\/\/www.jbh.be\/?page_id=651&amp;lang=nl\" \/>\n<meta property=\"og:site_name\" content=\"JBH International\" \/>\n<meta property=\"article:modified_time\" content=\"2021-05-21T18:51:05+00:00\" \/>\n<meta property=\"og:image\" content=\"https:\/\/www.jbh.be\/wp-content\/uploads\/2020\/08\/TRAVEL_RESTYLING_BANNER.jpg\" \/>\n\t<meta property=\"og:image:width\" content=\"1162\" \/>\n\t<meta property=\"og:image:height\" content=\"297\" \/>\n<meta name=\"twitter:card\" content=\"summary_large_image\" \/>\n<meta name=\"twitter:label1\" content=\"Dur\u00e9e de lecture est.\">\n\t<meta name=\"twitter:data1\" content=\"4 minutes\">\n<script type=\"application\/ld+json\" class=\"yoast-schema-graph\">{\"@context\":\"https:\/\/schema.org\",\"@graph\":[{\"@type\":\"WebSite\",\"@id\":\"https:\/\/www.jbh.be\/#website\",\"url\":\"https:\/\/www.jbh.be\/\",\"name\":\"JBH International\",\"description\":\"Produit d&#039;accueil et \\u00e9quipement pour h\\u00f4tel - Cosmetische en onthaalproducten\",\"potentialAction\":[{\"@type\":\"SearchAction\",\"target\":\"https:\/\/www.jbh.be\/?s={search_term_string}\",\"query-input\":\"required name=search_term_string\"}],\"inLanguage\":\"fr-FR\"},{\"@type\":\"ImageObject\",\"@id\":\"https:\/\/www.jbh.be\/?page_id=651&lang=nl#primaryimage\",\"inLanguage\":\"fr-FR\",\"url\":\"https:\/\/i0.wp.com\/www.jbh.be\/wp-content\/uploads\/2020\/08\/TRAVEL_RESTYLING_BANNER.jpg?fit=1162%2C297&ssl=1\",\"contentUrl\":\"https:\/\/i0.wp.com\/www.jbh.be\/wp-content\/uploads\/2020\/08\/TRAVEL_RESTYLING_BANNER.jpg?fit=1162%2C297&ssl=1\",\"width\":1162,\"height\":297},{\"@type\":\"WebPage\",\"@id\":\"https:\/\/www.jbh.be\/?page_id=651&lang=nl#webpage\",\"url\":\"https:\/\/www.jbh.be\/?page_id=651&lang=nl\",\"name\":\"Collectie TravelCare - JBH International\",\"isPartOf\":{\"@id\":\"https:\/\/www.jbh.be\/#website\"},\"primaryImageOfPage\":{\"@id\":\"https:\/\/www.jbh.be\/?page_id=651&lang=nl#primaryimage\"},\"datePublished\":\"2021-05-21T17:39:09+00:00\",\"dateModified\":\"2021-05-21T18:51:05+00:00\",\"description\":\"La nouvelle \\u00e9dition de Travel Care se d\\u00e9marque par son emballage blanc et sa touche de couleur d'identification, l\\u2019aspect pratique et simple.\",\"breadcrumb\":{\"@id\":\"https:\/\/www.jbh.be\/?page_id=651&lang=nl#breadcrumb\"},\"inLanguage\":\"fr-FR\",\"potentialAction\":[{\"@type\":\"ReadAction\",\"target\":[\"https:\/\/www.jbh.be\/?page_id=651&lang=nl\"]}]},{\"@type\":\"BreadcrumbList\",\"@id\":\"https:\/\/www.jbh.be\/?page_id=651&lang=nl#breadcrumb\",\"itemListElement\":[{\"@type\":\"ListItem\",\"position\":1,\"item\":{\"@type\":\"WebPage\",\"@id\":\"https:\/\/www.jbh.be\/\",\"url\":\"https:\/\/www.jbh.be\/\",\"name\":\"Home\"}},{\"@type\":\"ListItem\",\"position\":2,\"item\":{\"@type\":\"WebPage\",\"@id\":\"https:\/\/www.jbh.be\/?page_id=677&lang=nl\",\"url\":\"https:\/\/www.jbh.be\/?page_id=677&lang=nl\",\"name\":\"Cosmetische producten\"}},{\"@type\":\"ListItem\",\"position\":3,\"item\":{\"@id\":\"https:\/\/www.jbh.be\/?page_id=651&lang=nl#webpage\"}}]}]}<\/script>\n<!-- \/ Yoast SEO plugin. -->","_links":{"self":[{"href":"https:\/\/www.jbh.be\/index.php?rest_route=\/wp\/v2\/pages\/651"}],"collection":[{"href":"https:\/\/www.jbh.be\/index.php?rest_route=\/wp\/v2\/pages"}],"about":[{"href":"https:\/\/www.jbh.be\/index.php?rest_route=\/wp\/v2\/types\/page"}],"author":[{"embeddable":true,"href":"https:\/\/www.jbh.be\/index.php?rest_route=\/wp\/v2\/users\/1"}],"replies":[{"embeddable":true,"href":"https:\/\/www.jbh.be\/index.php?rest_route=%2Fwp%2Fv2%2Fcomments&post=651"}],"version-history":[{"count":2,"href":"https:\/\/www.jbh.be\/index.php?rest_route=\/wp\/v2\/pages\/651\/revisions"}],"predecessor-version":[{"id":653,"href":"https:\/\/www.jbh.be\/index.php?rest_route=\/wp\/v2\/pages\/651\/revisions\/653"}],"up":[{"embeddable":true,"href":"https:\/\/www.jbh.be\/index.php?rest_route=\/wp\/v2\/pages\/677"}],"wp:featuredmedia":[{"embeddable":true,"href":"https:\/\/www.jbh.be\/index.php?rest_route=\/wp\/v2\/media\/243"}],"wp:attachment":[{"href":"https:\/\/www.jbh.be\/index.php?rest_route=%2Fwp%2Fv2%2Fmedia&parent=651"}],"curies":[{"name":"wp","href":"https:\/\/api.w.org\/{rel}","templated":true}]}}