{"id":713,"date":"2021-05-21T21:22:04","date_gmt":"2021-05-21T19:22:04","guid":{"rendered":"https:\/\/www.jbh.be\/?page_id=713"},"modified":"2021-05-21T21:22:05","modified_gmt":"2021-05-21T19:22:05","slug":"extra-bed-2","status":"publish","type":"page","link":"https:\/\/www.jbh.be\/?page_id=713&lang=nl","title":{"rendered":"Extra bed"},"content":{"rendered":"\n<p>Offrir la possibilit\u00e9 de faire dormir un b\u00e9b\u00e9 dans un lit adapt\u00e9, un enfant en bas \u00e2ge avec ses parents et un plus accessibles, simple \u00e0 g\u00e9rer et \u00e0 mettre en oeuvre. Et fera une grande diff\u00e9rence dans l&rsquo;accueil que vous apportez \u00e0 vos clients. Lit d&rsquo;appoint ou lit b\u00e9b\u00e9 \u00e0 vous de choisir.<\/p>\n\n\n\n<div class=\"wp-block-jetpack-tiled-gallery aligncenter is-style-rectangular\"><div class=\"tiled-gallery__gallery\"><div class=\"tiled-gallery__row\"><div class=\"tiled-gallery__col\" style=\"flex-basis:66.75275%\"><figure class=\"tiled-gallery__item\"><img srcset=\"https:\/\/i0.wp.com\/www.jbh.be\/wp-content\/uploads\/2021\/05\/F-773-VOUW_01.jpg?strip=info&#038;w=600&#038;ssl=1 600w\" alt=\"\" data-height=\"600\" data-id=\"567\" data-link=\"https:\/\/www.jbh.be\/?attachment_id=567\" data-url=\"https:\/\/www.jbh.be\/wp-content\/uploads\/2021\/05\/F-773-VOUW_01.jpg\" data-width=\"600\" src=\"https:\/\/i0.wp.com\/www.jbh.be\/wp-content\/uploads\/2021\/05\/F-773-VOUW_01.jpg?ssl=1\" data-amp-layout=\"responsive\"\/><\/figure><\/div><div class=\"tiled-gallery__col\" style=\"flex-basis:33.24725%\"><figure class=\"tiled-gallery__item\"><img srcset=\"https:\/\/i0.wp.com\/www.jbh.be\/wp-content\/uploads\/2021\/05\/F-773-VOUW_02.jpg?strip=info&#038;w=600&#038;ssl=1 600w\" alt=\"\" data-height=\"600\" data-id=\"568\" data-link=\"https:\/\/www.jbh.be\/?attachment_id=568\" data-url=\"https:\/\/www.jbh.be\/wp-content\/uploads\/2021\/05\/F-773-VOUW_02.jpg\" data-width=\"600\" src=\"https:\/\/i0.wp.com\/www.jbh.be\/wp-content\/uploads\/2021\/05\/F-773-VOUW_02.jpg?ssl=1\" data-amp-layout=\"responsive\"\/><\/figure><figure class=\"tiled-gallery__item\"><img srcset=\"https:\/\/i1.wp.com\/www.jbh.be\/wp-content\/uploads\/2021\/05\/F-773-VOUW_03.jpg?strip=info&#038;w=600&#038;ssl=1 600w\" alt=\"\" data-height=\"600\" data-id=\"569\" data-link=\"https:\/\/www.jbh.be\/?attachment_id=569\" data-url=\"https:\/\/www.jbh.be\/wp-content\/uploads\/2021\/05\/F-773-VOUW_03.jpg\" data-width=\"600\" src=\"https:\/\/i1.wp.com\/www.jbh.be\/wp-content\/uploads\/2021\/05\/F-773-VOUW_03.jpg?ssl=1\" data-amp-layout=\"responsive\"\/><\/figure><\/div><\/div><div class=\"tiled-gallery__row\"><div class=\"tiled-gallery__col\" style=\"flex-basis:50.00000%\"><figure class=\"tiled-gallery__item\"><img srcset=\"https:\/\/i0.wp.com\/www.jbh.be\/wp-content\/uploads\/2021\/05\/F-801-BABY01_01.jpg?strip=info&#038;w=600&#038;ssl=1 600w\" alt=\"\" data-height=\"600\" data-id=\"570\" data-link=\"https:\/\/www.jbh.be\/?attachment_id=570\" data-url=\"https:\/\/www.jbh.be\/wp-content\/uploads\/2021\/05\/F-801-BABY01_01.jpg\" data-width=\"600\" src=\"https:\/\/i0.wp.com\/www.jbh.be\/wp-content\/uploads\/2021\/05\/F-801-BABY01_01.jpg?ssl=1\" data-amp-layout=\"responsive\"\/><\/figure><\/div><div class=\"tiled-gallery__col\" style=\"flex-basis:50.00000%\"><figure class=\"tiled-gallery__item\"><img srcset=\"https:\/\/i2.wp.com\/www.jbh.be\/wp-content\/uploads\/2021\/05\/F-801-BABY01_02.jpg?strip=info&#038;w=600&#038;ssl=1 600w\" alt=\"\" data-height=\"600\" data-id=\"571\" data-link=\"https:\/\/www.jbh.be\/?attachment_id=571\" data-url=\"https:\/\/www.jbh.be\/wp-content\/uploads\/2021\/05\/F-801-BABY01_02.jpg\" data-width=\"600\" src=\"https:\/\/i2.wp.com\/www.jbh.be\/wp-content\/uploads\/2021\/05\/F-801-BABY01_02.jpg?ssl=1\" data-amp-layout=\"responsive\"\/><\/figure><\/div><\/div><\/div><\/div>\n\n\n\n<figure class=\"wp-block-table is-style-stripes\"><table class=\"has-subtle-light-gray-background-color has-background\"><tbody><tr><td><\/td><td><strong><strong>Stuks\/doos<\/strong><\/strong><\/td><\/tr><tr><td><strong>Vouwbed met 4 rollen 90x200x12 cm<\/strong><br>Hoogwaardig vouwbed met metalen framedwars gespannen spiraalbodem en zwenkwielen automatisch klapmechanisme geschikt t\/m 120 kg matras is vervaardigd van polyether SG35, frame van staal afgewerkt in een zwarte epoxy<\/td><td>1<\/td><\/tr><tr><td><strong>Opvouwbaar babybed 60&#215;120 cm<\/strong><br>Dit logeerbed voor baby en peuter is gemakkelijk op te zetten, is klein, handig opvouwbaar en eenvoudig op te bergen in de bijbehorende draagtas.<br>Campingbed vervaardigd van duurzaam nylon<br>Gemakkelijk en snel op te zetten<br>Afmetingen uitgeklapt: 125 x 65 x 74 cm<br>Afmetingen ingeklapt: 22,5 x 20,5 x 74 cm<br>Geschikt voor kindjes van tot 36 maanden of 15 kg<br>Kleur: zwart<\/td><td>1<\/td><\/tr><\/tbody><\/table><\/figure>\n","protected":false},"excerpt":{"rendered":"<p>Offrir la possibilit\u00e9 de faire dormir un b\u00e9b\u00e9 dans un lit adapt\u00e9, un enfant en bas \u00e2ge avec ses parents et un plus accessibles, simple \u00e0 g\u00e9rer et \u00e0 mettre en oeuvre. Et fera une grande diff\u00e9rence dans l&rsquo;accueil que vous apportez \u00e0 vos clients. Lit d&rsquo;appoint ou lit b\u00e9b\u00e9 \u00e0 vous de choisir. Stuks\/doos [&hellip;]<\/p>\n","protected":false},"author":1,"featured_media":0,"parent":682,"menu_order":0,"comment_status":"closed","ping_status":"closed","template":"template-fullwidth.php","meta":{"spay_email":""},"yoast_head":"<!-- This site is optimized with the Yoast SEO plugin v16.3 - https:\/\/yoast.com\/wordpress\/plugins\/seo\/ -->\n<title>Extra bed - JBH International<\/title>\n<meta name=\"description\" content=\"Lit d&#039;appoint pliant ou lit b\u00e9b\u00e9, offrez une flexibilit\u00e9 simple et bon march\u00e9 qui fera toute la diff\u00e9rence pour vos clients.\" \/>\n<meta name=\"robots\" content=\"index, follow, max-snippet:-1, max-image-preview:large, max-video-preview:-1\" \/>\n<link rel=\"canonical\" href=\"https:\/\/www.jbh.be\/?page_id=713&#038;lang=nl\" \/>\n<meta property=\"og:locale\" content=\"fr_FR\" \/>\n<meta property=\"og:type\" content=\"article\" \/>\n<meta property=\"og:title\" content=\"Extra bed - JBH International\" \/>\n<meta property=\"og:description\" content=\"Lit d&#039;appoint pliant ou lit b\u00e9b\u00e9, offrez une flexibilit\u00e9 simple et bon march\u00e9 qui fera toute la diff\u00e9rence pour vos clients.\" \/>\n<meta property=\"og:url\" content=\"https:\/\/www.jbh.be\/?page_id=713&amp;lang=nl\" \/>\n<meta property=\"og:site_name\" content=\"JBH International\" \/>\n<meta property=\"article:modified_time\" content=\"2021-05-21T19:22:05+00:00\" \/>\n<meta property=\"og:image\" content=\"https:\/\/i0.wp.com\/www.jbh.be\/wp-content\/uploads\/2021\/05\/F-773-VOUW_01.jpg?ssl=1\" \/>\n<meta name=\"twitter:card\" content=\"summary_large_image\" \/>\n<meta name=\"twitter:label1\" content=\"Dur\u00e9e de lecture est.\">\n\t<meta name=\"twitter:data1\" content=\"2 minutes\">\n<script type=\"application\/ld+json\" class=\"yoast-schema-graph\">{\"@context\":\"https:\/\/schema.org\",\"@graph\":[{\"@type\":\"WebSite\",\"@id\":\"https:\/\/www.jbh.be\/#website\",\"url\":\"https:\/\/www.jbh.be\/\",\"name\":\"JBH International\",\"description\":\"Produit d&#039;accueil et \\u00e9quipement pour h\\u00f4tel - Cosmetische en onthaalproducten\",\"potentialAction\":[{\"@type\":\"SearchAction\",\"target\":\"https:\/\/www.jbh.be\/?s={search_term_string}\",\"query-input\":\"required name=search_term_string\"}],\"inLanguage\":\"fr-FR\"},{\"@type\":\"ImageObject\",\"@id\":\"https:\/\/www.jbh.be\/?page_id=713&lang=nl#primaryimage\",\"inLanguage\":\"fr-FR\",\"url\":\"https:\/\/i0.wp.com\/www.jbh.be\/wp-content\/uploads\/2021\/05\/F-773-VOUW_01.jpg?ssl=1\",\"contentUrl\":\"https:\/\/i0.wp.com\/www.jbh.be\/wp-content\/uploads\/2021\/05\/F-773-VOUW_01.jpg?ssl=1\"},{\"@type\":\"WebPage\",\"@id\":\"https:\/\/www.jbh.be\/?page_id=713&lang=nl#webpage\",\"url\":\"https:\/\/www.jbh.be\/?page_id=713&lang=nl\",\"name\":\"Extra bed - JBH International\",\"isPartOf\":{\"@id\":\"https:\/\/www.jbh.be\/#website\"},\"primaryImageOfPage\":{\"@id\":\"https:\/\/www.jbh.be\/?page_id=713&lang=nl#primaryimage\"},\"datePublished\":\"2021-05-21T19:22:04+00:00\",\"dateModified\":\"2021-05-21T19:22:05+00:00\",\"description\":\"Lit d'appoint pliant ou lit b\\u00e9b\\u00e9, offrez une flexibilit\\u00e9 simple et bon march\\u00e9 qui fera toute la diff\\u00e9rence pour vos clients.\",\"breadcrumb\":{\"@id\":\"https:\/\/www.jbh.be\/?page_id=713&lang=nl#breadcrumb\"},\"inLanguage\":\"fr-FR\",\"potentialAction\":[{\"@type\":\"ReadAction\",\"target\":[\"https:\/\/www.jbh.be\/?page_id=713&lang=nl\"]}]},{\"@type\":\"BreadcrumbList\",\"@id\":\"https:\/\/www.jbh.be\/?page_id=713&lang=nl#breadcrumb\",\"itemListElement\":[{\"@type\":\"ListItem\",\"position\":1,\"item\":{\"@type\":\"WebPage\",\"@id\":\"https:\/\/www.jbh.be\/\",\"url\":\"https:\/\/www.jbh.be\/\",\"name\":\"Home\"}},{\"@type\":\"ListItem\",\"position\":2,\"item\":{\"@type\":\"WebPage\",\"@id\":\"https:\/\/www.jbh.be\/?page_id=682&lang=nl\",\"url\":\"https:\/\/www.jbh.be\/?page_id=682&lang=nl\",\"name\":\"Uitrustingen voor slaapkamers &#038; badkamers\"}},{\"@type\":\"ListItem\",\"position\":3,\"item\":{\"@id\":\"https:\/\/www.jbh.be\/?page_id=713&lang=nl#webpage\"}}]}]}<\/script>\n<!-- \/ Yoast SEO plugin. -->","_links":{"self":[{"href":"https:\/\/www.jbh.be\/index.php?rest_route=\/wp\/v2\/pages\/713"}],"collection":[{"href":"https:\/\/www.jbh.be\/index.php?rest_route=\/wp\/v2\/pages"}],"about":[{"href":"https:\/\/www.jbh.be\/index.php?rest_route=\/wp\/v2\/types\/page"}],"author":[{"embeddable":true,"href":"https:\/\/www.jbh.be\/index.php?rest_route=\/wp\/v2\/users\/1"}],"replies":[{"embeddable":true,"href":"https:\/\/www.jbh.be\/index.php?rest_route=%2Fwp%2Fv2%2Fcomments&post=713"}],"version-history":[{"count":1,"href":"https:\/\/www.jbh.be\/index.php?rest_route=\/wp\/v2\/pages\/713\/revisions"}],"predecessor-version":[{"id":714,"href":"https:\/\/www.jbh.be\/index.php?rest_route=\/wp\/v2\/pages\/713\/revisions\/714"}],"up":[{"embeddable":true,"href":"https:\/\/www.jbh.be\/index.php?rest_route=\/wp\/v2\/pages\/682"}],"wp:attachment":[{"href":"https:\/\/www.jbh.be\/index.php?rest_route=%2Fwp%2Fv2%2Fmedia&parent=713"}],"curies":[{"name":"wp","href":"https:\/\/api.w.org\/{rel}","templated":true}]}}