{"id":76,"date":"2020-06-05T16:40:27","date_gmt":"2020-06-05T14:40:27","guid":{"rendered":"https:\/\/www.jbh.be\/?page_id=76"},"modified":"2021-05-21T20:55:48","modified_gmt":"2021-05-21T18:55:48","slug":"squeeze-dispenser","status":"publish","type":"page","link":"https:\/\/www.jbh.be\/?page_id=76","title":{"rendered":"Dispenser muraux &#8211; SqueezeMe"},"content":{"rendered":"\n<p>La solution Dispenser, une alternative aux emballages individuels. Des recharges de diff\u00e9rentes gammes. Un syst\u00e8me de fixation \u00e0 coller (adh\u00e9sif 3M professionnel) ou \u00e0 visser. <\/p>\n\n\n\n<div class=\"wp-block-jetpack-tiled-gallery aligncenter is-style-square\"><div class=\"tiled-gallery__gallery\"><div class=\"tiled-gallery__row columns-2\"><div class=\"tiled-gallery__col\"><figure class=\"tiled-gallery__item\"><img srcset=\"https:\/\/i0.wp.com\/www.jbh.be\/wp-content\/uploads\/2020\/08\/DSR330LMN.jpg?resize=600%2C600&#038;strip=info&#038;ssl=1 600w,https:\/\/i0.wp.com\/www.jbh.be\/wp-content\/uploads\/2020\/08\/DSR330LMN.jpg?resize=900%2C900&#038;strip=info&#038;ssl=1 900w,https:\/\/i0.wp.com\/www.jbh.be\/wp-content\/uploads\/2020\/08\/DSR330LMN.jpg?resize=1200%2C1200&#038;strip=info&#038;ssl=1 1200w,https:\/\/i0.wp.com\/www.jbh.be\/wp-content\/uploads\/2020\/08\/DSR330LMN.jpg?resize=1424%2C1424&#038;strip=info&#038;ssl=1 1424w\" alt=\"\" data-height=\"2144\" data-id=\"247\" data-link=\"https:\/\/www.jbh.be\/?attachment_id=247\" data-url=\"https:\/\/www.jbh.be\/wp-content\/uploads\/2020\/08\/DSR330LMN.jpg\" data-width=\"1424\" src=\"https:\/\/i0.wp.com\/www.jbh.be\/wp-content\/uploads\/2020\/08\/DSR330LMN.jpg?ssl=1&amp;resize=1424%2C1424\" data-amp-layout=\"responsive\"\/><\/figure><\/div><div class=\"tiled-gallery__col\"><figure class=\"tiled-gallery__item\"><img srcset=\"https:\/\/i0.wp.com\/www.jbh.be\/wp-content\/uploads\/2020\/08\/DSR330MN.jpg?resize=600%2C600&#038;strip=info&#038;ssl=1 600w,https:\/\/i0.wp.com\/www.jbh.be\/wp-content\/uploads\/2020\/08\/DSR330MN.jpg?resize=900%2C900&#038;strip=info&#038;ssl=1 900w,https:\/\/i0.wp.com\/www.jbh.be\/wp-content\/uploads\/2020\/08\/DSR330MN.jpg?resize=1200%2C1200&#038;strip=info&#038;ssl=1 1200w,https:\/\/i0.wp.com\/www.jbh.be\/wp-content\/uploads\/2020\/08\/DSR330MN.jpg?resize=1424%2C1424&#038;strip=info&#038;ssl=1 1424w\" alt=\"\" data-height=\"2144\" data-id=\"248\" data-link=\"https:\/\/www.jbh.be\/?attachment_id=248\" data-url=\"https:\/\/www.jbh.be\/wp-content\/uploads\/2020\/08\/DSR330MN.jpg\" data-width=\"1424\" src=\"https:\/\/i0.wp.com\/www.jbh.be\/wp-content\/uploads\/2020\/08\/DSR330MN.jpg?ssl=1&amp;resize=1424%2C1424\" data-amp-layout=\"responsive\"\/><\/figure><\/div><\/div><div class=\"tiled-gallery__row columns-2\"><div class=\"tiled-gallery__col\"><figure class=\"tiled-gallery__item\"><img srcset=\"https:\/\/i1.wp.com\/www.jbh.be\/wp-content\/uploads\/2020\/08\/DSB.jpg?resize=600%2C600&#038;strip=info&#038;ssl=1 600w,https:\/\/i1.wp.com\/www.jbh.be\/wp-content\/uploads\/2020\/08\/DSB.jpg?resize=900%2C900&#038;strip=info&#038;ssl=1 900w,https:\/\/i1.wp.com\/www.jbh.be\/wp-content\/uploads\/2020\/08\/DSB.jpg?resize=1200%2C1200&#038;strip=info&#038;ssl=1 1200w,https:\/\/i1.wp.com\/www.jbh.be\/wp-content\/uploads\/2020\/08\/DSB.jpg?resize=1395%2C1395&#038;strip=info&#038;ssl=1 1395w\" alt=\"\" data-height=\"2010\" data-id=\"250\" data-link=\"https:\/\/www.jbh.be\/?attachment_id=250\" data-url=\"https:\/\/www.jbh.be\/wp-content\/uploads\/2020\/08\/DSB.jpg\" data-width=\"1395\" src=\"https:\/\/i1.wp.com\/www.jbh.be\/wp-content\/uploads\/2020\/08\/DSB.jpg?ssl=1&amp;resize=1395%2C1395\" data-amp-layout=\"responsive\"\/><\/figure><\/div><div class=\"tiled-gallery__col\"><figure class=\"tiled-gallery__item\"><img srcset=\"https:\/\/i1.wp.com\/www.jbh.be\/wp-content\/uploads\/2020\/08\/DSS.jpg?resize=600%2C600&#038;strip=info&#038;ssl=1 600w,https:\/\/i1.wp.com\/www.jbh.be\/wp-content\/uploads\/2020\/08\/DSS.jpg?resize=900%2C900&#038;strip=info&#038;ssl=1 900w,https:\/\/i1.wp.com\/www.jbh.be\/wp-content\/uploads\/2020\/08\/DSS.jpg?resize=1200%2C1200&#038;strip=info&#038;ssl=1 1200w,https:\/\/i1.wp.com\/www.jbh.be\/wp-content\/uploads\/2020\/08\/DSS.jpg?resize=1398%2C1398&#038;strip=info&#038;ssl=1 1398w\" alt=\"\" data-height=\"2112\" data-id=\"251\" data-link=\"https:\/\/www.jbh.be\/?attachment_id=251\" data-url=\"https:\/\/www.jbh.be\/wp-content\/uploads\/2020\/08\/DSS.jpg\" data-width=\"1398\" src=\"https:\/\/i1.wp.com\/www.jbh.be\/wp-content\/uploads\/2020\/08\/DSS.jpg?ssl=1&amp;resize=1398%2C1398\" data-amp-layout=\"responsive\"\/><\/figure><\/div><\/div><\/div><\/div>\n\n\n\n<figure class=\"wp-block-table is-style-stripes\"><table><thead><tr><th>Description<\/th><th>Code<\/th><th class=\"has-text-align-center\" data-align=\"center\">Quantit\u00e9\/carton<\/th><\/tr><\/thead><tbody><tr><td>Recharge 330 ml Gel Cheveux et Corps<\/td><td>DSR330MN<\/td><td class=\"has-text-align-center\" data-align=\"center\">24<\/td><\/tr><tr><td>Recharge 330 ml Savon pour les Mains<\/td><td>DSR330LM<\/td><td class=\"has-text-align-center\" data-align=\"center\">24<\/td><\/tr><tr><td>Kit Support transparent \u00e0 visser 21x7x8cm<br>(visses fournies)<\/td><td>DSS#TR<\/td><td class=\"has-text-align-center\" data-align=\"center\">20<\/td><\/tr><tr><td>Kit Support transparent \u00e0 coller 21x7x8cm<br>(stick 3M fourni)<\/td><td>DSB#TR<\/td><td class=\"has-text-align-center\" data-align=\"center\">20<\/td><\/tr><\/tbody><\/table><\/figure>\n\n\n\n<p><\/p>\n","protected":false},"excerpt":{"rendered":"<p>La solution Dispenser, une alternative aux emballages individuels. Des recharges de diff\u00e9rentes gammes. Un syst\u00e8me de fixation \u00e0 coller (adh\u00e9sif 3M professionnel) ou \u00e0 visser. Description Code Quantit\u00e9\/carton Recharge 330 ml Gel Cheveux et Corps DSR330MN 24 Recharge 330 ml Savon pour les Mains DSR330LM 24 Kit Support transparent \u00e0 visser 21x7x8cm(visses fournies) DSS#TR 20 [&hellip;]<\/p>\n","protected":false},"author":1,"featured_media":77,"parent":52,"menu_order":0,"comment_status":"closed","ping_status":"closed","template":"template-fullwidth.php","meta":{"spay_email":""},"yoast_head":"<!-- This site is optimized with the Yoast SEO plugin v16.3 - https:\/\/yoast.com\/wordpress\/plugins\/seo\/ -->\n<title>Dispenser muraux - SqueezeMe - JBH International<\/title>\n<meta name=\"description\" content=\"Les dispenser mureaux sont une alternatives aux emballages individuels. Moins de d\u00e9chets et une gestion de stock diff\u00e9rente.\" \/>\n<meta name=\"robots\" content=\"index, follow, max-snippet:-1, max-image-preview:large, max-video-preview:-1\" \/>\n<link rel=\"canonical\" href=\"https:\/\/www.jbh.be\/?page_id=76\" \/>\n<meta property=\"og:locale\" content=\"fr_FR\" \/>\n<meta property=\"og:type\" content=\"article\" \/>\n<meta property=\"og:title\" content=\"Dispenser muraux - SqueezeMe - JBH International\" \/>\n<meta property=\"og:description\" content=\"Les dispenser mureaux sont une alternatives aux emballages individuels. Moins de d\u00e9chets et une gestion de stock diff\u00e9rente.\" \/>\n<meta property=\"og:url\" content=\"https:\/\/www.jbh.be\/?page_id=76\" \/>\n<meta property=\"og:site_name\" content=\"JBH International\" \/>\n<meta property=\"article:modified_time\" content=\"2021-05-21T18:55:48+00:00\" \/>\n<meta property=\"og:image\" content=\"https:\/\/www.jbh.be\/wp-content\/uploads\/2020\/06\/squeeze-xl.jpg\" \/>\n\t<meta property=\"og:image:width\" content=\"1161\" \/>\n\t<meta property=\"og:image:height\" content=\"297\" \/>\n<meta name=\"twitter:card\" content=\"summary_large_image\" \/>\n<meta name=\"twitter:label1\" content=\"Dur\u00e9e de lecture est.\">\n\t<meta name=\"twitter:data1\" content=\"2 minutes\">\n<script type=\"application\/ld+json\" class=\"yoast-schema-graph\">{\"@context\":\"https:\/\/schema.org\",\"@graph\":[{\"@type\":\"WebSite\",\"@id\":\"https:\/\/www.jbh.be\/#website\",\"url\":\"https:\/\/www.jbh.be\/\",\"name\":\"JBH International\",\"description\":\"Produit d&#039;accueil et \\u00e9quipement pour h\\u00f4tel - Cosmetische en onthaalproducten\",\"potentialAction\":[{\"@type\":\"SearchAction\",\"target\":\"https:\/\/www.jbh.be\/?s={search_term_string}\",\"query-input\":\"required name=search_term_string\"}],\"inLanguage\":\"fr-FR\"},{\"@type\":\"ImageObject\",\"@id\":\"https:\/\/www.jbh.be\/?page_id=76#primaryimage\",\"inLanguage\":\"fr-FR\",\"url\":\"https:\/\/i0.wp.com\/www.jbh.be\/wp-content\/uploads\/2020\/06\/squeeze-xl.jpg?fit=1161%2C297&ssl=1\",\"contentUrl\":\"https:\/\/i0.wp.com\/www.jbh.be\/wp-content\/uploads\/2020\/06\/squeeze-xl.jpg?fit=1161%2C297&ssl=1\",\"width\":1161,\"height\":297},{\"@type\":\"WebPage\",\"@id\":\"https:\/\/www.jbh.be\/?page_id=76#webpage\",\"url\":\"https:\/\/www.jbh.be\/?page_id=76\",\"name\":\"Dispenser muraux - SqueezeMe - JBH International\",\"isPartOf\":{\"@id\":\"https:\/\/www.jbh.be\/#website\"},\"primaryImageOfPage\":{\"@id\":\"https:\/\/www.jbh.be\/?page_id=76#primaryimage\"},\"datePublished\":\"2020-06-05T14:40:27+00:00\",\"dateModified\":\"2021-05-21T18:55:48+00:00\",\"description\":\"Les dispenser mureaux sont une alternatives aux emballages individuels. Moins de d\\u00e9chets et une gestion de stock diff\\u00e9rente.\",\"breadcrumb\":{\"@id\":\"https:\/\/www.jbh.be\/?page_id=76#breadcrumb\"},\"inLanguage\":\"fr-FR\",\"potentialAction\":[{\"@type\":\"ReadAction\",\"target\":[\"https:\/\/www.jbh.be\/?page_id=76\"]}]},{\"@type\":\"BreadcrumbList\",\"@id\":\"https:\/\/www.jbh.be\/?page_id=76#breadcrumb\",\"itemListElement\":[{\"@type\":\"ListItem\",\"position\":1,\"item\":{\"@type\":\"WebPage\",\"@id\":\"https:\/\/www.jbh.be\/\",\"url\":\"https:\/\/www.jbh.be\/\",\"name\":\"Home\"}},{\"@type\":\"ListItem\",\"position\":2,\"item\":{\"@type\":\"WebPage\",\"@id\":\"https:\/\/www.jbh.be\/?page_id=52\",\"url\":\"https:\/\/www.jbh.be\/?page_id=52\",\"name\":\"Produits cosm\\u00e9tiques\"}},{\"@type\":\"ListItem\",\"position\":3,\"item\":{\"@id\":\"https:\/\/www.jbh.be\/?page_id=76#webpage\"}}]}]}<\/script>\n<!-- \/ Yoast SEO plugin. -->","_links":{"self":[{"href":"https:\/\/www.jbh.be\/index.php?rest_route=\/wp\/v2\/pages\/76"}],"collection":[{"href":"https:\/\/www.jbh.be\/index.php?rest_route=\/wp\/v2\/pages"}],"about":[{"href":"https:\/\/www.jbh.be\/index.php?rest_route=\/wp\/v2\/types\/page"}],"author":[{"embeddable":true,"href":"https:\/\/www.jbh.be\/index.php?rest_route=\/wp\/v2\/users\/1"}],"replies":[{"embeddable":true,"href":"https:\/\/www.jbh.be\/index.php?rest_route=%2Fwp%2Fv2%2Fcomments&post=76"}],"version-history":[{"count":4,"href":"https:\/\/www.jbh.be\/index.php?rest_route=\/wp\/v2\/pages\/76\/revisions"}],"predecessor-version":[{"id":680,"href":"https:\/\/www.jbh.be\/index.php?rest_route=\/wp\/v2\/pages\/76\/revisions\/680"}],"up":[{"embeddable":true,"href":"https:\/\/www.jbh.be\/index.php?rest_route=\/wp\/v2\/pages\/52"}],"wp:featuredmedia":[{"embeddable":true,"href":"https:\/\/www.jbh.be\/index.php?rest_route=\/wp\/v2\/media\/77"}],"wp:attachment":[{"href":"https:\/\/www.jbh.be\/index.php?rest_route=%2Fwp%2Fv2%2Fmedia&parent=76"}],"curies":[{"name":"wp","href":"https:\/\/api.w.org\/{rel}","templated":true}]}}