{"id":79,"date":"2020-06-05T16:57:09","date_gmt":"2020-06-05T14:57:09","guid":{"rendered":"https:\/\/www.jbh.be\/?page_id=79"},"modified":"2021-05-20T15:22:11","modified_gmt":"2021-05-20T13:22:11","slug":"porte-cles","status":"publish","type":"page","link":"https:\/\/www.jbh.be\/?page_id=79","title":{"rendered":"Porte-cl\u00e9s"},"content":{"rendered":"\n<p>Nous proposons une large gamme de porte-cl\u00e9s en altuglass, en m\u00e9tal, en bois, avec pompons, dor\u00e9s, argent\u00e9s, gravure de personnalisation, RFID, \u2026<\/p>\n\n\n\n<div class=\"wp-block-jetpack-tiled-gallery aligncenter is-style-rectangular\"><div class=\"tiled-gallery__gallery\"><div class=\"tiled-gallery__row\"><div class=\"tiled-gallery__col\" style=\"flex-basis:23.35115%\"><figure class=\"tiled-gallery__item\"><img srcset=\"https:\/\/i1.wp.com\/www.jbh.be\/wp-content\/uploads\/2021\/05\/102612-small.jpg?strip=info&#038;w=397&#038;ssl=1 397w\" alt=\"\" data-height=\"397\" data-id=\"436\" data-link=\"https:\/\/www.jbh.be\/?attachment_id=436\" data-url=\"https:\/\/www.jbh.be\/wp-content\/uploads\/2021\/05\/102612-small.jpg\" data-width=\"155\" src=\"https:\/\/i1.wp.com\/www.jbh.be\/wp-content\/uploads\/2021\/05\/102612-small.jpg?ssl=1\" data-amp-layout=\"responsive\"\/><\/figure><\/div><div class=\"tiled-gallery__col\" style=\"flex-basis:21.41766%\"><figure class=\"tiled-gallery__item\"><img srcset=\"https:\/\/i2.wp.com\/www.jbh.be\/wp-content\/uploads\/2021\/05\/102612-large.jpg?strip=info&#038;w=567&#038;ssl=1 567w\" alt=\"\" data-height=\"567\" data-id=\"434\" data-link=\"https:\/\/www.jbh.be\/?attachment_id=434\" data-url=\"https:\/\/www.jbh.be\/wp-content\/uploads\/2021\/05\/102612-large.jpg\" data-width=\"203\" src=\"https:\/\/i2.wp.com\/www.jbh.be\/wp-content\/uploads\/2021\/05\/102612-large.jpg?ssl=1\" data-amp-layout=\"responsive\"\/><\/figure><\/div><div class=\"tiled-gallery__col\" style=\"flex-basis:25.66981%\"><figure class=\"tiled-gallery__item\"><img srcset=\"https:\/\/i0.wp.com\/www.jbh.be\/wp-content\/uploads\/2021\/05\/102612-peer.jpg?strip=info&#038;w=600&#038;ssl=1 600w,https:\/\/i0.wp.com\/www.jbh.be\/wp-content\/uploads\/2021\/05\/102612-peer.jpg?strip=info&#038;w=799&#038;ssl=1 799w\" alt=\"\" data-height=\"799\" data-id=\"435\" data-link=\"https:\/\/www.jbh.be\/?attachment_id=435\" data-url=\"https:\/\/www.jbh.be\/wp-content\/uploads\/2021\/05\/102612-peer.jpg\" data-width=\"343\" src=\"https:\/\/i0.wp.com\/www.jbh.be\/wp-content\/uploads\/2021\/05\/102612-peer.jpg?ssl=1\" data-amp-layout=\"responsive\"\/><\/figure><\/div><div class=\"tiled-gallery__col\" style=\"flex-basis:29.56138%\"><figure class=\"tiled-gallery__item\"><img srcset=\"https:\/\/i0.wp.com\/www.jbh.be\/wp-content\/uploads\/2021\/05\/102167_01.jpg?strip=info&#038;w=600&#038;ssl=1 600w,https:\/\/i0.wp.com\/www.jbh.be\/wp-content\/uploads\/2021\/05\/102167_01.jpg?strip=info&#038;w=728&#038;ssl=1 728w\" alt=\"\" data-height=\"728\" data-id=\"433\" data-link=\"https:\/\/www.jbh.be\/?attachment_id=433\" data-url=\"https:\/\/www.jbh.be\/wp-content\/uploads\/2021\/05\/102167_01.jpg\" data-width=\"360\" src=\"https:\/\/i0.wp.com\/www.jbh.be\/wp-content\/uploads\/2021\/05\/102167_01.jpg?ssl=1\" data-amp-layout=\"responsive\"\/><\/figure><\/div><\/div><div class=\"tiled-gallery__row\"><div class=\"tiled-gallery__col\" style=\"flex-basis:13.83346%\"><figure class=\"tiled-gallery__item\"><img srcset=\"https:\/\/i1.wp.com\/www.jbh.be\/wp-content\/uploads\/2021\/05\/102141_01.jpg?strip=info&#038;w=425&#038;ssl=1 425w\" alt=\"\" data-height=\"425\" data-id=\"432\" data-link=\"https:\/\/www.jbh.be\/?attachment_id=432\" data-url=\"https:\/\/www.jbh.be\/wp-content\/uploads\/2021\/05\/102141_01.jpg\" data-width=\"148\" src=\"https:\/\/i1.wp.com\/www.jbh.be\/wp-content\/uploads\/2021\/05\/102141_01.jpg?ssl=1\" data-amp-layout=\"responsive\"\/><\/figure><\/div><div class=\"tiled-gallery__col\" style=\"flex-basis:31.69418%\"><figure class=\"tiled-gallery__item\"><img srcset=\"https:\/\/i2.wp.com\/www.jbh.be\/wp-content\/uploads\/2021\/05\/102132_01.jpg?strip=info&#038;w=418&#038;ssl=1 418w\" alt=\"\" data-height=\"418\" data-id=\"431\" data-link=\"https:\/\/www.jbh.be\/?attachment_id=431\" data-url=\"https:\/\/www.jbh.be\/wp-content\/uploads\/2021\/05\/102132_01.jpg\" data-width=\"335\" src=\"https:\/\/i2.wp.com\/www.jbh.be\/wp-content\/uploads\/2021\/05\/102132_01.jpg?ssl=1\" data-amp-layout=\"responsive\"\/><\/figure><\/div><div class=\"tiled-gallery__col\" style=\"flex-basis:54.47236%\"><figure class=\"tiled-gallery__item\"><img srcset=\"https:\/\/i2.wp.com\/www.jbh.be\/wp-content\/uploads\/2021\/05\/102131_03.jpg?strip=info&#038;w=340&#038;ssl=1 340w\" alt=\"\" data-height=\"340\" data-id=\"438\" data-link=\"https:\/\/www.jbh.be\/?attachment_id=438\" data-url=\"https:\/\/www.jbh.be\/wp-content\/uploads\/2021\/05\/102131_03.jpg\" data-width=\"469\" src=\"https:\/\/i2.wp.com\/www.jbh.be\/wp-content\/uploads\/2021\/05\/102131_03.jpg?ssl=1\" data-amp-layout=\"responsive\"\/><\/figure><\/div><\/div><\/div><\/div>\n\n\n\n<figure class=\"wp-block-table is-style-regular\"><table class=\"has-subtle-light-gray-background-color has-background\"><tbody><tr><td>Porte \u2013clefs<\/td><td><strong>Qt\u00e9 de commande<\/strong><\/td><\/tr><tr><td>Porte-cl\u00e9 en m\u00e9tal CLASSIQUE<br>Disponible en argent, or et bronze<br>Caoutchouc de protection noir<br>livr\u00e9 avec anneau et monture<br>Gravure comprise recto verso\u00a0&#8211;\u00a02 polices au choix<br>Petit mod\u00e8le (6 cm\u00a0&#8211;\u00a036g)<br>Grand mod\u00e8le (11,5 cm\u00a0&#8211;\u00a075g)<br>Mod\u00e8le Poire (11 cm\u00a0&#8211;\u00a075 g)<\/td><td>minimum 10<\/td><\/tr><tr><td>Porte-cl\u00e9 en m\u00e9tal CONIQUE<br>Disponible en argent et or<br>Caoutchouc de protection noir<br>livr\u00e9 avec anneau et monture<br>Gravure comprise sur 1 face &#8211; 2\u00a0polices au choix<br>Hauteur 7 cm\u00a0&#8211;\u00a0base 4 cm &#8211; 95\u00a0gr<\/td><td>minimum 10<\/td><\/tr><tr><td>Porte-cl\u00e9 Pompon en passementerie et laiton<br>Disponible en noir, vert, bleu, gris et bordeaux<br>Gravure sur la coiffe comprise &#8211; 2 polices au choix<br>120&#215;40 mm \u2013\u00a0147\u00a0g<\/td><td>minimum 10<\/td><\/tr><tr><td>Porte-cl\u00e9 transparent , format sp\u00e9cial adapt\u00e9 \u00e0 vos cartes de visites<br>Livr\u00e9 d\u00e9mont\u00e9<br>Mod\u00e8le en Altuglass<br>90 x 55 x 8 mm\u00a0&#8211;\u00a055g<\/td><td>minimum 20<\/td><\/tr><tr><td>Porte cl\u00e9 Mini Clip <span style=\"text-decoration: underline;\">\u00e9tanche<\/span><br>Bristol amovible 40 x 60 mm<br>Couleur disponible : bleu, rouge, vert ou jaune<br>Mod\u00e8le en Altuglass<br>85 x 45 x 8 mm\u00a0&#8211;\u00a035g<\/td><td>minimum 20<\/td><\/tr><\/tbody><\/table><\/figure>\n","protected":false},"excerpt":{"rendered":"<p>Nous proposons une large gamme de porte-cl\u00e9s en altuglass, en m\u00e9tal, en bois, avec pompons, dor\u00e9s, argent\u00e9s, gravure de personnalisation, RFID, \u2026 Porte \u2013clefs Qt\u00e9 de commande Porte-cl\u00e9 en m\u00e9tal CLASSIQUEDisponible en argent, or et bronzeCaoutchouc de protection noirlivr\u00e9 avec anneau et montureGravure comprise recto verso\u00a0&#8211;\u00a02 polices au choixPetit mod\u00e8le (6 cm\u00a0&#8211;\u00a036g)Grand mod\u00e8le (11,5 cm\u00a0&#8211;\u00a075g)Mod\u00e8le [&hellip;]<\/p>\n","protected":false},"author":1,"featured_media":82,"parent":56,"menu_order":0,"comment_status":"closed","ping_status":"closed","template":"template-fullwidth.php","meta":{"spay_email":""},"yoast_head":"<!-- This site is optimized with the Yoast SEO plugin v16.3 - https:\/\/yoast.com\/wordpress\/plugins\/seo\/ -->\n<title>Porte-cl\u00e9s - JBH International<\/title>\n<meta name=\"description\" content=\"Des porte-cl\u00e9s en altuglass, en m\u00e9tal, en bois, avec pompons, dor\u00e9s, argent\u00e9s, gravure de personnalisation, RFID, ...\" \/>\n<meta name=\"robots\" content=\"index, follow, max-snippet:-1, max-image-preview:large, max-video-preview:-1\" \/>\n<link rel=\"canonical\" href=\"https:\/\/www.jbh.be\/?page_id=79\" \/>\n<meta property=\"og:locale\" content=\"fr_FR\" \/>\n<meta property=\"og:type\" content=\"article\" \/>\n<meta property=\"og:title\" content=\"Porte-cl\u00e9s - JBH International\" \/>\n<meta property=\"og:description\" content=\"Des porte-cl\u00e9s en altuglass, en m\u00e9tal, en bois, avec pompons, dor\u00e9s, argent\u00e9s, gravure de personnalisation, RFID, ...\" \/>\n<meta property=\"og:url\" content=\"https:\/\/www.jbh.be\/?page_id=79\" \/>\n<meta property=\"og:site_name\" content=\"JBH International\" \/>\n<meta property=\"article:modified_time\" content=\"2021-05-20T13:22:11+00:00\" \/>\n<meta property=\"og:image\" content=\"https:\/\/www.jbh.be\/wp-content\/uploads\/2020\/06\/porte-clefs.jpg\" \/>\n\t<meta property=\"og:image:width\" content=\"1161\" \/>\n\t<meta property=\"og:image:height\" content=\"297\" \/>\n<meta name=\"twitter:card\" content=\"summary_large_image\" \/>\n<meta name=\"twitter:label1\" content=\"Dur\u00e9e de lecture est.\">\n\t<meta name=\"twitter:data1\" content=\"3 minutes\">\n<script type=\"application\/ld+json\" class=\"yoast-schema-graph\">{\"@context\":\"https:\/\/schema.org\",\"@graph\":[{\"@type\":\"WebSite\",\"@id\":\"https:\/\/www.jbh.be\/#website\",\"url\":\"https:\/\/www.jbh.be\/\",\"name\":\"JBH International\",\"description\":\"Produit d&#039;accueil et \\u00e9quipement pour h\\u00f4tel - Cosmetische en onthaalproducten\",\"potentialAction\":[{\"@type\":\"SearchAction\",\"target\":\"https:\/\/www.jbh.be\/?s={search_term_string}\",\"query-input\":\"required name=search_term_string\"}],\"inLanguage\":\"fr-FR\"},{\"@type\":\"ImageObject\",\"@id\":\"https:\/\/www.jbh.be\/?page_id=79#primaryimage\",\"inLanguage\":\"fr-FR\",\"url\":\"https:\/\/i1.wp.com\/www.jbh.be\/wp-content\/uploads\/2020\/06\/porte-clefs.jpg?fit=1161%2C297&ssl=1\",\"contentUrl\":\"https:\/\/i1.wp.com\/www.jbh.be\/wp-content\/uploads\/2020\/06\/porte-clefs.jpg?fit=1161%2C297&ssl=1\",\"width\":1161,\"height\":297},{\"@type\":\"WebPage\",\"@id\":\"https:\/\/www.jbh.be\/?page_id=79#webpage\",\"url\":\"https:\/\/www.jbh.be\/?page_id=79\",\"name\":\"Porte-cl\\u00e9s - JBH International\",\"isPartOf\":{\"@id\":\"https:\/\/www.jbh.be\/#website\"},\"primaryImageOfPage\":{\"@id\":\"https:\/\/www.jbh.be\/?page_id=79#primaryimage\"},\"datePublished\":\"2020-06-05T14:57:09+00:00\",\"dateModified\":\"2021-05-20T13:22:11+00:00\",\"description\":\"Des porte-cl\\u00e9s en altuglass, en m\\u00e9tal, en bois, avec pompons, dor\\u00e9s, argent\\u00e9s, gravure de personnalisation, RFID, ...\",\"breadcrumb\":{\"@id\":\"https:\/\/www.jbh.be\/?page_id=79#breadcrumb\"},\"inLanguage\":\"fr-FR\",\"potentialAction\":[{\"@type\":\"ReadAction\",\"target\":[\"https:\/\/www.jbh.be\/?page_id=79\"]}]},{\"@type\":\"BreadcrumbList\",\"@id\":\"https:\/\/www.jbh.be\/?page_id=79#breadcrumb\",\"itemListElement\":[{\"@type\":\"ListItem\",\"position\":1,\"item\":{\"@type\":\"WebPage\",\"@id\":\"https:\/\/www.jbh.be\/\",\"url\":\"https:\/\/www.jbh.be\/\",\"name\":\"Home\"}},{\"@type\":\"ListItem\",\"position\":2,\"item\":{\"@type\":\"WebPage\",\"@id\":\"https:\/\/www.jbh.be\/?page_id=56\",\"url\":\"https:\/\/www.jbh.be\/?page_id=56\",\"name\":\"Equipement de chambre et salle de bain\"}},{\"@type\":\"ListItem\",\"position\":3,\"item\":{\"@id\":\"https:\/\/www.jbh.be\/?page_id=79#webpage\"}}]}]}<\/script>\n<!-- \/ Yoast SEO plugin. -->","_links":{"self":[{"href":"https:\/\/www.jbh.be\/index.php?rest_route=\/wp\/v2\/pages\/79"}],"collection":[{"href":"https:\/\/www.jbh.be\/index.php?rest_route=\/wp\/v2\/pages"}],"about":[{"href":"https:\/\/www.jbh.be\/index.php?rest_route=\/wp\/v2\/types\/page"}],"author":[{"embeddable":true,"href":"https:\/\/www.jbh.be\/index.php?rest_route=\/wp\/v2\/users\/1"}],"replies":[{"embeddable":true,"href":"https:\/\/www.jbh.be\/index.php?rest_route=%2Fwp%2Fv2%2Fcomments&post=79"}],"version-history":[{"count":4,"href":"https:\/\/www.jbh.be\/index.php?rest_route=\/wp\/v2\/pages\/79\/revisions"}],"predecessor-version":[{"id":443,"href":"https:\/\/www.jbh.be\/index.php?rest_route=\/wp\/v2\/pages\/79\/revisions\/443"}],"up":[{"embeddable":true,"href":"https:\/\/www.jbh.be\/index.php?rest_route=\/wp\/v2\/pages\/56"}],"wp:featuredmedia":[{"embeddable":true,"href":"https:\/\/www.jbh.be\/index.php?rest_route=\/wp\/v2\/media\/82"}],"wp:attachment":[{"href":"https:\/\/www.jbh.be\/index.php?rest_route=%2Fwp%2Fv2%2Fmedia&parent=79"}],"curies":[{"name":"wp","href":"https:\/\/api.w.org\/{rel}","templated":true}]}}